{"id":35493,"date":"2019-07-03T16:09:59","date_gmt":"2025-03-27T12:55:54","guid":{"rendered":"https:\/\/stil-fit.com\/shop\/stil-fit-rowing-machine-flow-one\/"},"modified":"2025-03-27T13:55:54","modified_gmt":"2025-03-27T12:55:54","slug":"stil-fit-rowing-machine-flow-one","status":"publish","type":"product","link":"https:\/\/stil-fit.com\/pt-pt\/shop\/stil-fit-rowing-machine-flow-one\/","title":{"rendered":"STIL-FIT Rowing machine FLOW ONE"},"content":{"rendered":"<h1><strong>STIL-FIT Rowing machine FLOW ONE<\/strong><\/h1>\n<h2><strong>O treino perfeito para todo o corpo<\/strong><\/h2>\n<p>O remo \u00e9 a combina\u00e7\u00e3o perfeita de treino de for\u00e7a e resist\u00eancia. Treina intensamente todos os principais grupos musculares, estimula a redu\u00e7\u00e3o da gordura corporal e fortalece o sistema cardiovascular. Um excelente e altamente eficaz treino para todo o corpo.  <\/p>\n<h2><strong>Design exclusivo e moderno<\/strong><\/h2>\n<p>O novo STIL-FIT Rower FLOW ONE estabelece um novo padr\u00e3o com o seu design \u00fanico. O corpo esguio com a sua bela caixa de madeira integra-se perfeitamente em qualquer interior. Est\u00e1 dispon\u00edvel em diferentes designs.  <\/p>\n<h2><strong>Desenvolvido por WaterRower<\/strong><\/h2>\n<p>Gra\u00e7as \u00e0 coopera\u00e7\u00e3o com a WaterRower, a nossa m\u00e1quina de remo est\u00e1 no mais alto n\u00edvel de tecnologia. Como os componentes que estamos a usar s\u00e3o fornecidos pela WaterRower, sabemos que haver\u00e1 sempre uma sensa\u00e7\u00e3o de remada perfeita e suave. Enquanto remas, s\u00f3 ouves o som agrad\u00e1vel da \u00e1gua a correr.  <\/p>\n<h2><strong>Remo realista com resist\u00eancia \u00e0 \u00e1gua<\/strong><\/h2>\n<p>A \u00e1gua \u00e9 o meio de resist\u00eancia perfeito da natureza e \u00e9 por isso que a utilizamos na nossa nova m\u00e1quina de remo FLOW ONE. A resist\u00eancia \u00e9 muito din\u00e2mica e adapta-se instantaneamente \u00e0 intensidade da tua remada. O n\u00edvel de resist\u00eancia \u00e9 definido pela velocidade da tua remada. \u00c9 o mais realista e natural poss\u00edvel!   <\/p>\n<h2><strong>Suave mas eficaz<\/strong><\/h2>\n<p>H\u00e1 outra raz\u00e3o importante para utilizarmos a \u00e1gua &#8211; o risco de les\u00f5es e de esfor\u00e7o f\u00edsico excessivo \u00e9 minimizado, uma vez que a resist\u00eancia se adapta \u00e0 for\u00e7a do remador. O exerc\u00edcio \u00e9 muito f\u00e1cil para as articula\u00e7\u00f5es, tend\u00f5es e ligamentos, gra\u00e7as ao movimento suave e r\u00edtmico. <\/p>\n<h2><strong>Computador de forma\u00e7\u00e3o potente<\/strong><\/h2>\n<p>O nosso Rower \u00e9 operado por um ecr\u00e3 t\u00e1til TFT de 4,3&#8243;. A interface do utilizador do ecr\u00e3 t\u00e1til \u00e9 auto-explicativa e mostra todos os dados necess\u00e1rios de forma clara e bem organizada. O computador de treino armazena os dados de at\u00e9 6 utilizadores e mostra o tempo, a dist\u00e2ncia, o tempo para 500 m, o n\u00famero de bra\u00e7adas por minuto, as calorias, o watt e a pulsa\u00e7\u00e3o. Existe tamb\u00e9m um modo de ritmo de corrida.<\/p>\n","protected":false},"excerpt":{"rendered":"<p>&nbsp;<\/p>\n<p>A m\u00e1quina de remo topo de gama oferece uma medi\u00e7\u00e3o integrada do ritmo card\u00edaco, compatibilidade total com aplica\u00e7\u00f5es de remo e uma experi\u00eancia de remo absolutamente realista gra\u00e7as \u00e0 resist\u00eancia din\u00e2mica \u00e0 \u00e1gua.<\/p>\n<p>&#8211; Fabricado na Alemanha &#8211; Concebido para durar<\/p>\n<p>&#8211; Envio gratuito (Alemanha e \u00c1ustria)<\/p>\n<p>&#8211; 0% de presta\u00e7\u00f5es<\/p>\n","protected":false},"featured_media":33337,"comment_status":"open","ping_status":"closed","template":"","meta":{"_monsterinsights_skip_tracking":false,"_monsterinsights_sitenote_active":false,"_monsterinsights_sitenote_note":"","_monsterinsights_sitenote_category":0},"product_brand":[],"product_cat":[2946,2936],"product_tag":[3364,3217,3363,3116,3288],"yst_prominent_words":[304,301,296,299,659,647,293,303,291,646,538,302,289,297,292,254,796,290,298,300],"class_list":{"0":"post-35493","1":"product","2":"type-product","3":"status-publish","4":"has-post-thumbnail","6":"product_cat-maquina-de-remo","7":"product_cat-uncategorised-pt-pt","8":"product_tag-corpo-inteiro","9":"product_tag-ginastica-domestica-pt-pt","10":"product_tag-luxo","11":"product_tag-maquina-de-remo","12":"product_tag-treino-cardiovascular","13":"product_shipping_class-flow-one-2-pt-pt","14":"pa_rower-carvalho","15":"pa_rower-noz","16":"pa_rower-preto-fosco","18":"first","19":"instock","20":"taxable","21":"shipping-taxable","22":"purchasable","23":"product-type-variable","24":"has-default-attributes"},"composite_virtual":false,"composite_layout":"","composite_add_to_cart_form_location":"","composite_editable_in_cart":false,"composite_sold_individually_context":"","composite_shop_price_calc":"","composite_components":[],"composite_scenarios":[],"bundled_by":[],"bundle_stock_status":"instock","bundle_stock_quantity":null,"bundle_virtual":false,"bundle_layout":"","bundle_add_to_cart_form_location":"","bundle_editable_in_cart":false,"bundle_sold_individually_context":"","bundle_item_grouping":"","bundle_min_size":"","bundle_max_size":"","bundle_price":[],"bundled_items":[],"bundle_sell_ids":[35360,35380,35369],"yoast_head":"<!-- This site is optimized with the Yoast SEO Premium plugin v14.5 - https:\/\/yoast.com\/wordpress\/plugins\/seo\/ -->\n<title>M\u00e1quina de remo FLOW ONE | M\u00e1quina de remo de luxo com resist\u00eancia \u00e0 \u00e1gua<\/title>\n<meta name=\"description\" content=\"Concebida e desenvolvida em Munique, Alemanha. Encomenda a tua nova m\u00e1quina de remo diretamente da nossa f\u00e1brica em Munique. Envio gratuito para a Alemanha e \u00c1ustria.\" \/>\n<meta name=\"robots\" content=\"index, follow\" \/>\n<meta name=\"googlebot\" content=\"index, follow, max-snippet:-1, max-image-preview:large, max-video-preview:-1\" \/>\n<meta name=\"bingbot\" content=\"index, follow, max-snippet:-1, max-image-preview:large, max-video-preview:-1\" \/>\n<link rel=\"canonical\" href=\"https:\/\/stil-fit.com\/pt-pt\/shop\/stil-fit-rowing-machine-flow-one\/\" \/>\n<meta property=\"og:locale\" content=\"pt_PT\" \/>\n<meta property=\"og:type\" content=\"article\" \/>\n<meta property=\"og:title\" content=\"M\u00e1quina de remo FLOW ONE | M\u00e1quina de remo de luxo com resist\u00eancia \u00e0 \u00e1gua\" \/>\n<meta property=\"og:description\" content=\"Concebida e desenvolvida em Munique, Alemanha. Encomenda a tua nova m\u00e1quina de remo diretamente da nossa f\u00e1brica em Munique. Envio gratuito para a Alemanha e \u00c1ustria.\" \/>\n<meta property=\"og:url\" content=\"https:\/\/stil-fit.com\/pt-pt\/shop\/stil-fit-rowing-machine-flow-one\/\" \/>\n<meta property=\"og:site_name\" content=\"STIL-FIT\" \/>\n<meta property=\"article:publisher\" content=\"https:\/\/de-de.facebook.com\/stilfit\/\" \/>\n<meta property=\"og:image\" content=\"https:\/\/stil-fit.com\/wp-content\/uploads\/2025\/01\/STIL-FIT-Rudergeraet-FLOW-ONE-Walnuss-frontal.jpg\" \/>\n\t<meta property=\"og:image:width\" content=\"1575\" \/>\n\t<meta property=\"og:image:height\" content=\"1575\" \/>\n<meta name=\"twitter:card\" content=\"summary_large_image\" \/>\n<script type=\"application\/ld+json\" class=\"yoast-schema-graph\">{\"@context\":\"https:\/\/schema.org\",\"@graph\":[{\"@type\":\"Organization\",\"@id\":\"https:\/\/stil-fit.com\/pt-pt\/#organization\",\"name\":\"STIL-FIT Internacional GmbH\",\"url\":\"https:\/\/stil-fit.com\/pt-pt\/\",\"sameAs\":[\"https:\/\/de-de.facebook.com\/stilfit\/\",\"https:\/\/www.instagram.com\/stil_fit_int\/\",\"https:\/\/www.linkedin.com\/company\/stil-fit-international-gmbh\",\"https:\/\/www.youtube.com\/channel\/UC2HA1BeZtFB0acPMfq1hKdQ\",\"https:\/\/www.pinterest.com\/STILFITInt\/\"],\"logo\":{\"@type\":\"ImageObject\",\"@id\":\"https:\/\/stil-fit.com\/pt-pt\/#logo\",\"inLanguage\":\"pt-PT\",\"url\":\"https:\/\/stil-fit.com\/wp-content\/uploads\/2019\/02\/stilfit_logo.jpg\",\"width\":150,\"height\":150,\"caption\":\"STIL-FIT Internacional GmbH\"},\"image\":{\"@id\":\"https:\/\/stil-fit.com\/pt-pt\/#logo\"}},{\"@type\":\"WebSite\",\"@id\":\"https:\/\/stil-fit.com\/pt-pt\/#website\",\"url\":\"https:\/\/stil-fit.com\/pt-pt\/\",\"name\":\"STIL-FIT\",\"description\":\"Stil-fit\",\"publisher\":{\"@id\":\"https:\/\/stil-fit.com\/pt-pt\/#organization\"},\"potentialAction\":[{\"@type\":\"SearchAction\",\"target\":\"https:\/\/stil-fit.com\/pt-pt\/?s={search_term_string}\",\"query-input\":\"required name=search_term_string\"}],\"inLanguage\":\"pt-PT\"},{\"@type\":\"ImageObject\",\"@id\":\"https:\/\/stil-fit.com\/pt-pt\/shop\/stil-fit-rowing-machine-flow-one\/#primaryimage\",\"inLanguage\":\"pt-PT\",\"url\":\"https:\/\/stil-fit.com\/wp-content\/uploads\/2025\/01\/STIL-FIT-Rudergeraet-FLOW-ONE-Walnuss-frontal.jpg\",\"width\":1575,\"height\":1575},{\"@type\":\"WebPage\",\"@id\":\"https:\/\/stil-fit.com\/pt-pt\/shop\/stil-fit-rowing-machine-flow-one\/#webpage\",\"url\":\"https:\/\/stil-fit.com\/pt-pt\/shop\/stil-fit-rowing-machine-flow-one\/\",\"name\":\"M\\u00e1quina de remo FLOW ONE | M\\u00e1quina de remo de luxo com resist\\u00eancia \\u00e0 \\u00e1gua\",\"isPartOf\":{\"@id\":\"https:\/\/stil-fit.com\/pt-pt\/#website\"},\"primaryImageOfPage\":{\"@id\":\"https:\/\/stil-fit.com\/pt-pt\/shop\/stil-fit-rowing-machine-flow-one\/#primaryimage\"},\"datePublished\":\"2025-03-27T12:55:54+00:00\",\"dateModified\":\"2025-03-27T12:55:54+00:00\",\"description\":\"Concebida e desenvolvida em Munique, Alemanha. Encomenda a tua nova m\\u00e1quina de remo diretamente da nossa f\\u00e1brica em Munique. Envio gratuito para a Alemanha e \\u00c1ustria.\",\"inLanguage\":\"pt-PT\",\"potentialAction\":[{\"@type\":\"ReadAction\",\"target\":[\"https:\/\/stil-fit.com\/pt-pt\/shop\/stil-fit-rowing-machine-flow-one\/\"]}]}]}<\/script>\n<!-- \/ Yoast SEO Premium plugin. -->","post_mailing_queue_ids":[],"_links":{"self":[{"href":"https:\/\/stil-fit.com\/pt-pt\/wp-json\/wp\/v2\/product\/35493","targetHints":{"allow":["GET"]}}],"collection":[{"href":"https:\/\/stil-fit.com\/pt-pt\/wp-json\/wp\/v2\/product"}],"about":[{"href":"https:\/\/stil-fit.com\/pt-pt\/wp-json\/wp\/v2\/types\/product"}],"replies":[{"embeddable":true,"href":"https:\/\/stil-fit.com\/pt-pt\/wp-json\/wp\/v2\/comments?post=35493"}],"wp:featuredmedia":[{"embeddable":true,"href":"https:\/\/stil-fit.com\/pt-pt\/wp-json\/wp\/v2\/media\/33337"}],"wp:attachment":[{"href":"https:\/\/stil-fit.com\/pt-pt\/wp-json\/wp\/v2\/media?parent=35493"}],"wp:term":[{"taxonomy":"product_brand","embeddable":true,"href":"https:\/\/stil-fit.com\/pt-pt\/wp-json\/wp\/v2\/product_brand?post=35493"},{"taxonomy":"product_cat","embeddable":true,"href":"https:\/\/stil-fit.com\/pt-pt\/wp-json\/wp\/v2\/product_cat?post=35493"},{"taxonomy":"product_tag","embeddable":true,"href":"https:\/\/stil-fit.com\/pt-pt\/wp-json\/wp\/v2\/product_tag?post=35493"},{"taxonomy":"yst_prominent_words","embeddable":true,"href":"https:\/\/stil-fit.com\/pt-pt\/wp-json\/wp\/v2\/yst_prominent_words?post=35493"}],"curies":[{"name":"wp","href":"https:\/\/api.w.org\/{rel}","templated":true}]}}