{"id":33651,"date":"2025-03-20T16:21:53","date_gmt":"2025-03-20T15:21:53","guid":{"rendered":"https:\/\/stil-fit.com\/tillbehoer\/"},"modified":"2025-04-02T13:45:45","modified_gmt":"2025-04-02T11:45:45","slug":"tillbehoer","status":"publish","type":"page","link":"https:\/\/stil-fit.com\/sv\/tillbehoer\/","title":{"rendered":"Tillbeh\u00f6r"},"content":{"rendered":"\n\t<section class=\"section dark\" id=\"section_647621215\">\n\t\t<div class=\"section-bg fill\" >\n\t\t\t\t\t\t\t\t\t\n\t\t\t\n\n\t\t<\/div>\n\n\t\t\n\n\t\t<div class=\"section-content relative\">\n\t\t\t\n\n<div class=\"row\"  id=\"row-1650204592\">\n\n\n\t<div id=\"col-1504357202\" class=\"col small-12 large-12\"  >\n\t\t\t\t<div class=\"col-inner\"  >\n\t\t\t\n\t\t\t\n\n<div class=\"nav-wrapper\"><ul class=\"nav nav-uppercase nav-horizontal nav-line-grow text-center nav-center\"><li class=><a href=\"https:\/\/stil-fit.com\/sv\/tillbehoer\/ab-utbildare\/\">AB Utbildare<\/a><\/li><li class=><a href=\"https:\/\/stil-fit.com\/sv\/tillbehoer\/fascia-rulle\/\">fascia-rulle<\/a><\/li><li class=><a href=\"https:\/\/stil-fit.com\/sv\/tillbehoer\/stil-fit-back-stretch\/\">STIL-FIT BACK Stretch<\/a><\/li><\/ul><\/div>\n\n\n\t\t<\/div>\n\t\t\t\t\n<style>\n#col-1504357202 > .col-inner {\n  margin: 0px 0px -30px 0px;\n}\n<\/style>\n\t<\/div>\n\n\t\n\n<\/div>\n\n\t\t<\/div>\n\n\t\t\n<style>\n#section_647621215 {\n  padding-top: 1px;\n  padding-bottom: 1px;\n  background-color: rgb(155, 155, 155);\n}\n<\/style>\n\t<\/section>\n\t\n\n  <div class=\"banner has-hover is-full-height has-parallax\" id=\"banner-2106320442\">\n          <div class=\"banner-inner fill\">\n        <div class=\"banner-bg fill\" data-parallax=\"-3\" data-parallax-container=\".banner\" data-parallax-background>\n            <img decoding=\"async\" width=\"2560\" height=\"1696\" src=\"https:\/\/stil-fit.com\/wp-content\/uploads\/2019\/07\/STIL-FIT-AB-Trainer-interior-design-fitness-e1575556129791-scaled.jpg\" class=\"bg attachment-original size-original\" alt=\"\" \/>                        <div class=\"overlay\"><\/div>            \n                    <\/div>\n\t\t\n        <div class=\"banner-layers container\">\n            <div class=\"fill banner-link\"><\/div>            \n\n   <div id=\"text-box-1046795544\" class=\"text-box banner-layer x5 md-x0 lg-x0 y25 md-y25 lg-y25 res-text\">\n                                <div class=\"text-box-content text dark\">\n              \n              <div class=\"text-inner text-left\">\n                  \n\n<p class=\"uppercase\" style=\"text-align: left;\">STIL-FIT Accessories<\/p>\n<h1 class=\"uppercase\" style=\"text-align: left;\"><span style=\"font-size: 75%;\">Bauch-, R\u00fccken- und Faszientraining<\/span><\/h1>\n<h2 class=\"thin-font\" style=\"text-align: left;\"><span style=\"font-size: 75%;\">Stabilisiert, st\u00e4rkt und regeneriert Ihren K\u00f6rper<\/span><\/h2>\n<a data-animate=\"fadeInUp\" href=\"https:\/\/stil-fit.com\/produkt-kategorie\/accessories\/\" class=\"button primary is-small\"  style=\"border-radius:17px;\">\n\t\t<span>Jetzt kaufen<\/span>\n\t<\/a>\n\n\n\n              <\/div>\n           <\/div>\n                            \n<style>\n#text-box-1046795544 {\n  width: 60%;\n}\n#text-box-1046795544 .text-box-content {\n  font-size: 100%;\n}\n@media (min-width:550px) {\n  #text-box-1046795544 {\n    width: 60%;\n  }\n}\n<\/style>\n    <\/div>\n \n\n        <\/div>\n      <\/div>\n\n            \n<style>\n#banner-2106320442 {\n  padding-top: 100%;\n  background-color: rgb(255,255,255);\n}\n#banner-2106320442 .overlay {\n  background-color: rgba(114, 114, 114, 0.25);\n}\n#banner-2106320442 .banner-bg img {\n  object-position: 51% 28%;\n}\n<\/style>\n  <\/div>\n\n\n\t<div id=\"gap-96640842\" class=\"gap-element clearfix\" style=\"display:block; height:auto;\">\n\t\t\n<style>\n#gap-96640842 {\n  padding-top: 50px;\n}\n<\/style>\n\t<\/div>\n\t\n\n<div class=\"row align-center\"  id=\"row-878636663\">\n\n\n\t<div id=\"col-451287532\" class=\"col medium-9 small-11 large-9\"  >\n\t\t\t\t<div class=\"col-inner text-center\"  >\n\t\t\t\n\t\t\t\n\n\t<div id=\"text-565330182\" class=\"text\">\n\t\t\n\n<div>\n<h2 class=\"thin-font\" style=\"text-align: center;\"><span style=\"font-size: 120%;\">Tun Sie Ihrem K\u00f6rper Gutes<\/span><\/h2>\n<\/div>\n<div>\n<h3 class=\"thin-font\" style=\"text-align: center;\"><span style=\"font-size: 100%;\">Effektives Fitnesstraining ist viel mehr als nur Kraft- und Ausdauertraining. Unsere eleganten Trainingsger\u00e4ten unterst\u00fctzen Sie bei einem ganzheitlichen Training. Stabilisieren, dehnen und entspannen Sie Ihre Muskulatur &#8211; sie wird es Ihnen danken!&nbsp;<\/span><\/h3>\n<\/div>\n<h1>&nbsp;<\/h1>\n\n\t\t\n<style>\n#text-565330182 {\n  text-align: left;\n}\n<\/style>\n\t<\/div>\n\t\n\n\t\t<\/div>\n\t\t\t\t\t<\/div>\n\n\t\n\n<\/div>\n\n\t<section class=\"section info-cards-chess-box\" id=\"section_1010940460\">\n\t\t<div class=\"section-bg fill\" >\n\t\t\t\t\t\t\t\t\t\n\t\t\t\n\n\t\t<\/div>\n\n\t\t\n\n\t\t<div class=\"section-content relative\">\n\t\t\t\n\n<div class=\"row row-collapse align-middle\"  id=\"row-1254384152\">\n\n\n\t<div id=\"col-422847467\" class=\"col medium-6 small-12 large-6\"  data-animate=\"fadeInLeft\">\n\t\t\t\t<div class=\"col-inner\"  >\n\t\t\t\n\t\t\t\n\n\t<div class=\"box has-hover   has-hover box-none box-text-bottom\" >\n\n\t\t<div class=\"box-image\" >\n\t\t\t<a href=\"#\" >\t\t\t<div class=\"image-zoom image-cover\" style=\"padding-top:70%;\">\n\t\t\t\t<img decoding=\"async\" width=\"1920\" height=\"1281\" src=\"https:\/\/stil-fit.com\/wp-content\/uploads\/2021\/10\/STIL-FIT-AB-Trainer-Walnuss.png\" class=\"attachment- size-\" alt=\"\" srcset=\"https:\/\/stil-fit.com\/wp-content\/uploads\/2021\/10\/STIL-FIT-AB-Trainer-Walnuss.png 1920w, https:\/\/stil-fit.com\/wp-content\/uploads\/2021\/10\/STIL-FIT-AB-Trainer-Walnuss-300x200.png 300w, https:\/\/stil-fit.com\/wp-content\/uploads\/2021\/10\/STIL-FIT-AB-Trainer-Walnuss-1024x683.png 1024w, https:\/\/stil-fit.com\/wp-content\/uploads\/2021\/10\/STIL-FIT-AB-Trainer-Walnuss-768x512.png 768w, https:\/\/stil-fit.com\/wp-content\/uploads\/2021\/10\/STIL-FIT-AB-Trainer-Walnuss-600x400.png 600w, https:\/\/stil-fit.com\/wp-content\/uploads\/2021\/10\/STIL-FIT-AB-Trainer-Walnuss-1536x1025.png 1536w, https:\/\/stil-fit.com\/wp-content\/uploads\/2021\/10\/STIL-FIT-AB-Trainer-Walnuss-510x340.png 510w, https:\/\/stil-fit.com\/wp-content\/uploads\/2021\/10\/STIL-FIT-AB-Trainer-Walnuss-20x13.png 20w\" sizes=\"(max-width: 1920px) 100vw, 1920px\" \/>\t\t\t\t<div class=\"overlay\" style=\"background-color:rgba(0, 0, 0, 0)\"><\/div>\t\t\t\t\t\t\t<\/div>\n\t\t\t<\/a>\t\t<\/div>\n\n\t\t<div class=\"box-text text-left is-xsmall dark\" style=\"background-color:rgba(195, 169, 156, 0);\">\n\t\t\t<div class=\"box-text-inner\">\n\t\t\t\t\n\n\n\t\t\t<\/div>\n\t\t<\/div>\n\t<\/div>\n\t\n\n\t\t<\/div>\n\t\t\t\t\t<\/div>\n\n\t\n\n\t<div id=\"col-177312648\" class=\"col medium-6 small-12 large-6\"  data-animate=\"fadeInUp\">\n\t\t\t\t<div class=\"col-inner\"  >\n\t\t\t\n\t\t\t\n\n<div class=\"row align-center\"  id=\"row-212629462\">\n\n\n\t<div id=\"col-773419969\" class=\"col medium-10 small-10 large-8\"  >\n\t\t\t\t<div class=\"col-inner\"  >\n\t\t\t\n\t\t\t\n\n<h2>STIL-FIT AB Trainer<\/h2>\n<p><span style=\"font-size: 100%;\">St\u00e4rken Sie durch effektives Bauchtraining Ihre st\u00fctzende und stabilisierende Rumpfmuskulatur.<\/span><\/p>\n<a href=\"https:\/\/stil-fit.com\/fitness-accessories\/ab-trainer-bauchtrainer\/\" class=\"button primary is-small\"  style=\"border-radius:17px;\">\n\t\t<span>Jetzt entdecken<\/span>\n\t<\/a>\n\n\n\n\t\t<\/div>\n\t\t\t\t\t<\/div>\n\n\t\n\n<\/div>\n\n\t\t<\/div>\n\t\t\t\t\n<style>\n#col-177312648 > .col-inner {\n  padding: 10% 0px 0px 0px;\n}\n<\/style>\n\t<\/div>\n\n\t\n\n<\/div>\n<div class=\"row row-collapse align-middle\"  id=\"row-1910739651\">\n\n\n\t<div id=\"col-582165264\" class=\"col medium-6 small-12 large-6\"  data-animate=\"fadeInUp\">\n\t\t\t\t<div class=\"col-inner\"  >\n\t\t\t\n\t\t\t\n\n<div class=\"row align-center\"  id=\"row-235968155\">\n\n\n\t<div id=\"col-1636828315\" class=\"col medium-10 small-10 large-8\"  >\n\t\t\t\t<div class=\"col-inner\"  >\n\t\t\t\n\t\t\t\n\n<h2>STIL-FIT Faszienrolle<\/h2>\n<p><span style=\"font-size: 100%;\">Die Faszienrolle hilft bei der Regeneration der Muskulatur, l\u00f6st Verh\u00e4rtungen und verbessert zudem die Beweglichkeit.&nbsp;<\/span><\/p>\n<a href=\"https:\/\/stil-fit.com\/fitness-accessories\/faszienrolle\/\" class=\"button primary is-small\"  style=\"border-radius:17px;\">\n\t\t<span>Jetzt entdecken<\/span>\n\t<\/a>\n\n\n\n\t\t<\/div>\n\t\t\t\t\t<\/div>\n\n\t\n\n<\/div>\n\n\t\t<\/div>\n\t\t\t\t\n<style>\n#col-582165264 > .col-inner {\n  padding: 10% 0px 0px 0px;\n}\n<\/style>\n\t<\/div>\n\n\t\n\n\t<div id=\"col-714779418\" class=\"col medium-6 small-12 large-6 small-col-first\"  data-animate=\"fadeInRight\">\n\t\t\t\t<div class=\"col-inner\"  >\n\t\t\t\n\t\t\t\n\n\t<div class=\"box has-hover   has-hover box-none box-text-bottom\" >\n\n\t\t<div class=\"box-image\" >\n\t\t\t<a href=\"#\" >\t\t\t<div class=\"image-zoom image-cover\" style=\"padding-top:70%;\">\n\t\t\t\t<img decoding=\"async\" width=\"1500\" height=\"1001\" src=\"https:\/\/stil-fit.com\/wp-content\/uploads\/2021\/10\/STIL-FIT-Faszienrolle-e1643415654571.png\" class=\"attachment- size-\" alt=\"\" \/>\t\t\t\t<div class=\"overlay\" style=\"background-color:rgba(0, 0, 0, 0)\"><\/div>\t\t\t\t\t\t\t<\/div>\n\t\t\t<\/a>\t\t<\/div>\n\n\t\t<div class=\"box-text text-center dark\" style=\"background-color:rgba(123, 151, 152, 0.85);padding:40px 40px 30px 40px;\">\n\t\t\t<div class=\"box-text-inner\">\n\t\t\t\t\n\n<h2>30% discount on appearals<\/h2>\n<div class=\"is-divider divider clearfix\" style=\"max-width:80%;height:2px;background-color:rgb(255, 255, 255);\"><\/div>\n\n\n\t\t\t<\/div>\n\t\t<\/div>\n\t<\/div>\n\t\n\n\t\t<\/div>\n\t\t\t\t\t<\/div>\n\n\t\n\n<\/div>\n<div class=\"row row-collapse align-middle\"  id=\"row-436480630\">\n\n\n\t<div id=\"col-820593502\" class=\"col medium-6 small-12 large-6\"  data-animate=\"fadeInLeft\">\n\t\t\t\t<div class=\"col-inner\"  >\n\t\t\t\n\t\t\t\n\n\t<div class=\"box has-hover   has-hover box-none box-text-bottom\" >\n\n\t\t<div class=\"box-image\" >\n\t\t\t<a href=\"#\" >\t\t\t<div class=\"image-zoom image-cover\" style=\"padding-top:70%;\">\n\t\t\t\t<img decoding=\"async\" width=\"1200\" height=\"801\" src=\"https:\/\/stil-fit.com\/wp-content\/uploads\/2021\/10\/STIL-FIT-BACKstretch-Walnuss-e1643415611103.png\" class=\"attachment- size-\" alt=\"\" \/>\t\t\t\t<div class=\"overlay\" style=\"background-color:rgba(0, 0, 0, 0)\"><\/div>\t\t\t\t\t\t\t<\/div>\n\t\t\t<\/a>\t\t<\/div>\n\n\t\t<div class=\"box-text text-center dark\" style=\"background-color:rgba(121, 161, 186, 0.85);padding:40px 40px 30px 40px;\">\n\t\t\t<div class=\"box-text-inner\">\n\t\t\t\t\n\n<h2>Trendy cooking tonight <\/h2>\n<div class=\"is-divider divider clearfix\" style=\"max-width:80%;height:2px;background-color:rgb(255, 255, 255);\"><\/div>\n\n\n\t\t\t<\/div>\n\t\t<\/div>\n\t<\/div>\n\t\n\n\t\t<\/div>\n\t\t\t\t\t<\/div>\n\n\t\n\n\t<div id=\"col-1108927569\" class=\"col medium-6 small-12 large-6\"  data-animate=\"fadeInUp\">\n\t\t\t\t<div class=\"col-inner\"  >\n\t\t\t\n\t\t\t\n\n<div class=\"row align-center\"  id=\"row-1123549730\">\n\n\n\t<div id=\"col-823075025\" class=\"col medium-10 small-10 large-8\"  >\n\t\t\t\t<div class=\"col-inner\"  >\n\t\t\t\n\t\t\t\n\n<h2>STIL-FIT BACK Stretch<\/h2>\n<p>Entspannen Sie Ihren R\u00fccken nach einem intensiven Training. Ein gesunder R\u00fccken hilft Ihnen dauerhaft.&nbsp;<\/p>\n<a href=\"https:\/\/stil-fit.com\/fitness-accessories\/back-stretch\/\" class=\"button primary is-small\"  style=\"border-radius:17px;\">\n\t\t<span>Jetzt entdecken<\/span>\n\t<\/a>\n\n\n\n\t\t<\/div>\n\t\t\t\t\t<\/div>\n\n\t\n\n<\/div>\n\n\t\t<\/div>\n\t\t\t\t\n<style>\n#col-1108927569 > .col-inner {\n  padding: 10% 0px 0px 0px;\n}\n<\/style>\n\t<\/div>\n\n\t\n\n<\/div>\n<div class=\"row row-collapse align-middle\"  id=\"row-366494709\">\n\n\n\t<div id=\"col-193788241\" class=\"col medium-6 small-12 large-6\"  data-animate=\"fadeInUp\">\n\t\t\t\t<div class=\"col-inner\"  >\n\t\t\t\n\t\t\t\n\n<div class=\"row align-center\"  id=\"row-1424817333\">\n\n\n\t<div id=\"col-1834295894\" class=\"col medium-10 small-10 large-8\"  >\n\t\t\t\t<div class=\"col-inner\"  >\n\t\t\t\n\t\t\t\n\n<h2>STIL-FIT Fitnessball<\/h2>\n<p><span style=\"font-size: 100%;\">Verbessern Sie Ihre Beweglichkeit und Stabilit\u00e4t w\u00e4hrend Sie gleichzeitig Ihre Rumpf st\u00e4rken. Auch ideal f\u00fcr eine aufrechte Sitzposition. &nbsp;<\/span><\/p>\n<a href=\"https:\/\/stil-fit.com\/shop\/fitnessball\/\" class=\"button primary is-small\"  style=\"border-radius:17px;\">\n\t\t<span>Jetzt kaufen<\/span>\n\t<\/a>\n\n\n\n\t\t<\/div>\n\t\t\t\t\t<\/div>\n\n\t\n\n<\/div>\n\n\t\t<\/div>\n\t\t\t\t\n<style>\n#col-193788241 > .col-inner {\n  padding: 10% 0px 0px 0px;\n}\n<\/style>\n\t<\/div>\n\n\t\n\n\t<div id=\"col-742556081\" class=\"col medium-6 small-12 large-6 small-col-first\"  data-animate=\"fadeInRight\">\n\t\t\t\t<div class=\"col-inner\"  >\n\t\t\t\n\t\t\t\n\n\t<div class=\"box has-hover   has-hover box-none box-text-bottom\" >\n\n\t\t<div class=\"box-image\" >\n\t\t\t<a href=\"#\" >\t\t\t<div class=\"image-zoom image-cover\" style=\"padding-top:70%;\">\n\t\t\t\t<img decoding=\"async\" width=\"1181\" height=\"1181\" src=\"https:\/\/stil-fit.com\/wp-content\/uploads\/2023\/03\/Stil-Fit-Trainingsball.png\" class=\"attachment- size-\" alt=\"\" srcset=\"https:\/\/stil-fit.com\/wp-content\/uploads\/2023\/03\/Stil-Fit-Trainingsball.png 1181w, https:\/\/stil-fit.com\/wp-content\/uploads\/2023\/03\/Stil-Fit-Trainingsball-300x300.png 300w, https:\/\/stil-fit.com\/wp-content\/uploads\/2023\/03\/Stil-Fit-Trainingsball-1024x1024.png 1024w, https:\/\/stil-fit.com\/wp-content\/uploads\/2023\/03\/Stil-Fit-Trainingsball-150x150.png 150w, https:\/\/stil-fit.com\/wp-content\/uploads\/2023\/03\/Stil-Fit-Trainingsball-768x768.png 768w, https:\/\/stil-fit.com\/wp-content\/uploads\/2023\/03\/Stil-Fit-Trainingsball-600x600.png 600w, https:\/\/stil-fit.com\/wp-content\/uploads\/2023\/03\/Stil-Fit-Trainingsball-510x510.png 510w, https:\/\/stil-fit.com\/wp-content\/uploads\/2023\/03\/Stil-Fit-Trainingsball-100x100.png 100w, https:\/\/stil-fit.com\/wp-content\/uploads\/2023\/03\/Stil-Fit-Trainingsball-20x20.png 20w\" sizes=\"(max-width: 1181px) 100vw, 1181px\" \/>\t\t\t\t<div class=\"overlay\" style=\"background-color:rgba(0, 0, 0, 0)\"><\/div>\t\t\t\t\t\t\t<\/div>\n\t\t\t<\/a>\t\t<\/div>\n\n\t\t<div class=\"box-text text-center dark\" style=\"background-color:rgba(123, 151, 152, 0.85);padding:40px 40px 30px 40px;\">\n\t\t\t<div class=\"box-text-inner\">\n\t\t\t\t\n\n<h2>30% discount on appearals<\/h2>\n<div class=\"is-divider divider clearfix\" style=\"max-width:80%;height:2px;background-color:rgb(255, 255, 255);\"><\/div>\n\n\n\t\t\t<\/div>\n\t\t<\/div>\n\t<\/div>\n\t\n\n\t\t<\/div>\n\t\t\t\t\t<\/div>\n\n\t\n\n<\/div>\n\n\t\t<\/div>\n\n\t\t\n<style>\n#section_1010940460 {\n  padding-top: 60px;\n  padding-bottom: 60px;\n}\n<\/style>\n\t<\/section>\n\t","protected":false},"excerpt":{"rendered":"","protected":false},"author":2,"featured_media":0,"parent":0,"menu_order":0,"comment_status":"closed","ping_status":"closed","template":"page-blank.php","meta":{"_monsterinsights_skip_tracking":false,"_monsterinsights_sitenote_active":false,"_monsterinsights_sitenote_note":"","_monsterinsights_sitenote_category":0,"footnotes":""},"yst_prominent_words":[621,773,692,772,774,497,161],"class_list":["post-33651","page","type-page","status-publish","hentry"],"yoast_head":"<!-- This site is optimized with the Yoast SEO Premium plugin v14.5 - https:\/\/yoast.com\/wordpress\/plugins\/seo\/ -->\n<title>Tillbeh\u00f6r | STIL-FIT<\/title>\n<meta name=\"robots\" content=\"index, follow\" \/>\n<meta name=\"googlebot\" content=\"index, follow, max-snippet:-1, max-image-preview:large, max-video-preview:-1\" \/>\n<meta name=\"bingbot\" content=\"index, follow, max-snippet:-1, max-image-preview:large, max-video-preview:-1\" \/>\n<link rel=\"canonical\" href=\"https:\/\/stil-fit.com\/sv\/tillbehoer\/\" \/>\n<meta property=\"og:locale\" content=\"sv_SE\" \/>\n<meta property=\"og:type\" content=\"article\" \/>\n<meta property=\"og:title\" content=\"Tillbeh\u00f6r | STIL-FIT\" \/>\n<meta property=\"og:url\" content=\"https:\/\/stil-fit.com\/sv\/tillbehoer\/\" \/>\n<meta property=\"og:site_name\" content=\"STIL-FIT\" \/>\n<meta property=\"article:publisher\" content=\"https:\/\/de-de.facebook.com\/stilfit\/\" \/>\n<meta property=\"article:modified_time\" content=\"2025-04-02T11:45:45+00:00\" \/>\n<meta name=\"twitter:card\" content=\"summary_large_image\" \/>\n<script type=\"application\/ld+json\" class=\"yoast-schema-graph\">{\"@context\":\"https:\/\/schema.org\",\"@graph\":[{\"@type\":\"Organization\",\"@id\":\"https:\/\/stil-fit.com\/sv\/#organization\",\"name\":\"STIL-FIT International GmbH\",\"url\":\"https:\/\/stil-fit.com\/sv\/\",\"sameAs\":[\"https:\/\/de-de.facebook.com\/stilfit\/\",\"https:\/\/www.instagram.com\/stil_fit_int\/\",\"https:\/\/www.linkedin.com\/company\/stil-fit-international-gmbh\",\"https:\/\/www.youtube.com\/channel\/UC2HA1BeZtFB0acPMfq1hKdQ\",\"https:\/\/www.pinterest.com\/STILFITInt\/\"],\"logo\":{\"@type\":\"ImageObject\",\"@id\":\"https:\/\/stil-fit.com\/sv\/#logo\",\"inLanguage\":\"sv-SE\",\"url\":\"https:\/\/stil-fit.com\/wp-content\/uploads\/2019\/02\/stilfit_logo.jpg\",\"width\":150,\"height\":150,\"caption\":\"STIL-FIT International GmbH\"},\"image\":{\"@id\":\"https:\/\/stil-fit.com\/sv\/#logo\"}},{\"@type\":\"WebSite\",\"@id\":\"https:\/\/stil-fit.com\/sv\/#website\",\"url\":\"https:\/\/stil-fit.com\/sv\/\",\"name\":\"STIL-FIT\",\"description\":\"Stil-fit\",\"publisher\":{\"@id\":\"https:\/\/stil-fit.com\/sv\/#organization\"},\"potentialAction\":[{\"@type\":\"SearchAction\",\"target\":\"https:\/\/stil-fit.com\/sv\/?s={search_term_string}\",\"query-input\":\"required name=search_term_string\"}],\"inLanguage\":\"sv-SE\"},{\"@type\":\"WebPage\",\"@id\":\"https:\/\/stil-fit.com\/sv\/tillbehoer\/#webpage\",\"url\":\"https:\/\/stil-fit.com\/sv\/tillbehoer\/\",\"name\":\"Tillbeh\\u00f6r | STIL-FIT\",\"isPartOf\":{\"@id\":\"https:\/\/stil-fit.com\/sv\/#website\"},\"datePublished\":\"2025-03-20T15:21:53+00:00\",\"dateModified\":\"2025-04-02T11:45:45+00:00\",\"inLanguage\":\"sv-SE\",\"potentialAction\":[{\"@type\":\"ReadAction\",\"target\":[\"https:\/\/stil-fit.com\/sv\/tillbehoer\/\"]}]}]}<\/script>\n<!-- \/ Yoast SEO Premium plugin. -->","post_mailing_queue_ids":[],"_links":{"self":[{"href":"https:\/\/stil-fit.com\/sv\/wp-json\/wp\/v2\/pages\/33651","targetHints":{"allow":["GET"]}}],"collection":[{"href":"https:\/\/stil-fit.com\/sv\/wp-json\/wp\/v2\/pages"}],"about":[{"href":"https:\/\/stil-fit.com\/sv\/wp-json\/wp\/v2\/types\/page"}],"author":[{"embeddable":true,"href":"https:\/\/stil-fit.com\/sv\/wp-json\/wp\/v2\/users\/2"}],"replies":[{"embeddable":true,"href":"https:\/\/stil-fit.com\/sv\/wp-json\/wp\/v2\/comments?post=33651"}],"version-history":[{"count":2,"href":"https:\/\/stil-fit.com\/sv\/wp-json\/wp\/v2\/pages\/33651\/revisions"}],"predecessor-version":[{"id":33664,"href":"https:\/\/stil-fit.com\/sv\/wp-json\/wp\/v2\/pages\/33651\/revisions\/33664"}],"wp:attachment":[{"href":"https:\/\/stil-fit.com\/sv\/wp-json\/wp\/v2\/media?parent=33651"}],"wp:term":[{"taxonomy":"yst_prominent_words","embeddable":true,"href":"https:\/\/stil-fit.com\/sv\/wp-json\/wp\/v2\/yst_prominent_words?post=33651"}],"curies":[{"name":"wp","href":"https:\/\/api.w.org\/{rel}","templated":true}]}}