{"id":34409,"date":"2025-03-20T16:46:22","date_gmt":"2025-03-20T15:46:22","guid":{"rendered":"https:\/\/stil-fit.com\/raettegaangsorder\/"},"modified":"2025-05-18T01:33:45","modified_gmt":"2025-05-17T23:33:45","slug":"raettegaangsorder","status":"publish","type":"page","link":"https:\/\/stil-fit.com\/sv\/ergometer\/raettegaangsorder\/","title":{"rendered":"R\u00e4tteg\u00e5ngsorder"},"content":{"rendered":"\n\t<section class=\"section show-for-small\" id=\"section_1527622971\">\n\t\t<div class=\"section-bg fill\" >\n\t\t\t\t\t\t\t\t\t\n\t\t\t\n\n\t\t<\/div>\n\n\t\t\n\n\t\t<div class=\"section-content relative\">\n\t\t\t\n\n<div class=\"row\"  id=\"row-1650378201\">\n\n\n\t<div id=\"col-1644351065\" class=\"col small-12 large-12\"  >\n\t\t\t\t<div class=\"col-inner\"  >\n\t\t\t\n\t\t\t\n\n<div class=\"nav-wrapper\"><ul class=\"nav show-for-small nav-uppercase nav-horizontal nav-size-small nav-line text-center nav-center\"><p class=\"lead shortcode-error text-center\">Sorry, no pages was found<\/p><\/ul><\/div>\n\n\n\t\t<\/div>\n\t\t\t\t\n<style>\n#col-1644351065 > .col-inner {\n  margin: 0px 0px -30px 0px;\n}\n<\/style>\n\t<\/div>\n\n\t\n\n<\/div>\n\n\t\t<\/div>\n\n\t\t\n<style>\n#section_1527622971 {\n  padding-top: 1px;\n  padding-bottom: 1px;\n  background-color: rgb(225, 225, 225);\n}\n<\/style>\n\t<\/section>\n\t\n\n  <div class=\"banner has-hover show-for-small\" id=\"banner-702208735\">\n          <div class=\"banner-inner fill\">\n        <div class=\"banner-bg fill\" >\n                                                \n                    <\/div>\n\t\t\n        <div class=\"banner-layers container\">\n            <div class=\"fill banner-link\"><\/div>            \n\n   <div id=\"text-box-2082834767\" class=\"text-box banner-layer x50 md-x50 lg-x50 y50 md-y50 lg-y50 res-text\">\n                                <div class=\"text-box-content text \">\n              \n              <div class=\"text-inner text-center\">\n                  \n\n<h1><strong>Leverans av prov<\/strong><\/h1>\n<div class=\"crossline\">\n<p class=\"bodytext\"><span style=\"font-size: 120%;\"><span style=\"font-size: 140%;\">Du kan testa v\u00e5r Motionscykel hemma i en vecka utan n\u00e5gra f\u00f6rpliktelser. (endast giltigt f\u00f6r Tyskland) <\/span>&nbsp;<\/span><\/p>\n<\/div>\n\n              <\/div>\n           <\/div>\n                            \n<style>\n#text-box-2082834767 {\n  width: 91%;\n}\n#text-box-2082834767 .text-box-content {\n  font-size: 100%;\n}\n@media (min-width:550px) {\n  #text-box-2082834767 {\n    width: 60%;\n  }\n}\n<\/style>\n    <\/div>\n \n\n        <\/div>\n      <\/div>\n\n            \n<style>\n#banner-702208735 {\n  padding-top: 350px;\n  background-color: rgb(255,255,255);\n}\n<\/style>\n  <\/div>\n\n\n\n\t<section class=\"section dark hide-for-small\" id=\"section_203530501\">\n\t\t<div class=\"section-bg fill\" >\n\t\t\t\t\t\t\t\t\t\n\t\t\t\n\n\t\t<\/div>\n\n\t\t\n\n\t\t<div class=\"section-content relative\">\n\t\t\t\n\n<div class=\"row\"  id=\"row-777205136\">\n\n\n\t<div id=\"col-1029649617\" class=\"col small-12 large-12\"  >\n\t\t\t\t<div class=\"col-inner\"  >\n\t\t\t\n\t\t\t\n\n<div class=\"nav-wrapper\"><ul class=\"nav hide-for-small nav-uppercase nav-horizontal nav-line text-center nav-center\"><p class=\"lead shortcode-error text-center\">Sorry, no pages was found<\/p><\/ul><\/div>\n\n\n\t\t<\/div>\n\t\t\t\t\n<style>\n#col-1029649617 > .col-inner {\n  margin: 0px 0px -30px 0px;\n}\n<\/style>\n\t<\/div>\n\n\t\n\n<\/div>\n\n\t\t<\/div>\n\n\t\t\n<style>\n#section_203530501 {\n  padding-top: 1px;\n  padding-bottom: 1px;\n  background-color: rgb(155, 155, 155);\n}\n<\/style>\n\t<\/section>\n\t\n\n  <div class=\"banner has-hover hide-for-small\" id=\"banner-1748267611\">\n          <div class=\"banner-inner fill\">\n        <div class=\"banner-bg fill\" >\n            <img decoding=\"async\" width=\"1020\" height=\"583\" src=\"https:\/\/stil-fit.com\/wp-content\/uploads\/2023\/09\/STIL-FIT-Ergometer-teaser-1024x585.jpg\" class=\"bg attachment-large size-large\" alt=\"\" \/>                                    \n                    <\/div>\n\t\t\n        <div class=\"banner-layers container\">\n            <div class=\"fill banner-link\"><\/div>            \n\n   <div id=\"text-box-684588466\" class=\"text-box banner-layer x5 md-x5 lg-x5 y50 md-y50 lg-y50 res-text\">\n                                <div class=\"text-box-content text dark\">\n              \n              <div class=\"text-inner text-left\">\n                  \n\n<h1><span style=\"font-size: 80%;\"><strong>Leverans av prov<\/strong><\/span><\/h1>\n<div class=\"crossline\">\n<p class=\"bodytext\"><strong><span style=\"font-size: 120%;\">Du kan testa v\u00e5r Motionscykel hemma i en vecka utan n\u00e5gra f\u00f6rpliktelser. (endast giltigt f\u00f6r D &amp; AT)   <\/span><\/strong><\/p>\n<\/div>\n<a href=\"https:\/\/stil-fit.com\/sv\/shop\/ergometer-probebestellung-2\/\" class=\"button primary box-shadow-4-hover\"  style=\"border-radius:99px;\">\n\t\t<span>Testa nu<\/span>\n\t<\/a>\n\n\n\n              <\/div>\n           <\/div>\n                            \n<style>\n#text-box-684588466 {\n  width: 82%;\n}\n#text-box-684588466 .text-box-content {\n  font-size: 100%;\n}\n@media (min-width:550px) {\n  #text-box-684588466 {\n    width: 41%;\n  }\n}\n<\/style>\n    <\/div>\n \n\n        <\/div>\n      <\/div>\n\n            \n<style>\n#banner-1748267611 {\n  padding-top: 350px;\n  background-color: rgb(255,255,255);\n}\n<\/style>\n  <\/div>\n\n\n<div class=\"row align-center\"  id=\"row-843077449\">\n\n\n\t<div id=\"col-282291869\" class=\"col medium-8 small-12 large-8\"  >\n\t\t\t\t<div class=\"col-inner\"  >\n\t\t\t\n\t\t\t\n\n<h3><span id=\"1295600283177S\"><span style=\"font-size: 120%;\">OCH DET \u00c4R S\u00c5 H\u00c4R R\u00c4TTEG\u00c5NGSORDNINGEN FUNGERAR<\/span>&nbsp;<\/span><\/h3>\n<p class=\"bodytext\"><span id=\"1295600283177S\"><br><\/span>N\u00e4r du har gjort din best\u00e4llning via e-post levererar vi en ny, oanv\u00e4nd Motionscykel hem till dig.<\/p>\n<p class=\"bodytext\">Motionscykeln \u00e4r f\u00e4rdigmonterad, allt du beh\u00f6ver g\u00f6ra \u00e4r att s\u00e4tta in det fr\u00e4mre r\u00f6ret i ramen och f\u00e4sta det med en skruv.<\/p>\n<p class=\"bodytext\">D\u00e4refter kan du &#8220;provtr\u00e4na&#8221; i en vecka<\/p>\n<p class=\"bodytext\"><b>F\u00f6r detta debiterar vi dig ett kostnadsbidrag p\u00e5 75 euro.&nbsp;<\/b><\/p>\n<p class=\"bodytext\">Om du inte vill beh\u00e5lla Motionscykeln kan du packa om den s\u00e5 h\u00e4mtar vi den hos dig. Du kommer inte att drabbas av n\u00e5gra ytterligare kostnader. <\/p>\n<p class=\"bodytext\">Om du best\u00e4mmer dig f\u00f6r att k\u00f6pa beh\u00e5ller du enheten och vi skickar fakturan till dig.  <b>Vi debiterar dig ett kostnadsbidrag p\u00e5 75 euro.<\/b><\/p>\n\n\t\t<\/div>\n\t\t\t\t\t<\/div>\n\n\t\n\n<\/div>\n\n\t<section class=\"section\" id=\"section_1700895366\">\n\t\t<div class=\"section-bg fill\" >\n\t\t\t\t\t\t\t\t\t\n\t\t\t\n\n\t\t<\/div>\n\n\t\t\n\n\t\t<div class=\"section-content relative\">\n\t\t\t\n\n\t<div id=\"gap-239351205\" class=\"gap-element clearfix\" style=\"display:block; height:auto;\">\n\t\t\n<style>\n#gap-239351205 {\n  padding-top: 50px;\n}\n<\/style>\n\t<\/div>\n\t\n\n<div class=\"row align-center\"  id=\"row-2013952253\">\n\n\n\t<div id=\"col-12051310\" class=\"col medium-8 small-12 large-8\"  >\n\t\t\t\t<div class=\"col-inner text-center\"  >\n\t\t\t\n\t\t\t\n\n<h2 style=\"text-align: center;\"><strong><span style=\"font-size: 120%;\">L\u00e4r k\u00e4nna v\u00e5ra designade Motionscyklar nu<\/span><\/strong><\/h2>\n<h3 class=\"thin-font\" style=\"text-align: center;\">&nbsp;<\/h3>\n<a href=\"https:\/\/stil-fit.com\/sv\/motionscykel-pure\/\" class=\"button primary is-outline\"  style=\"border-radius:17px;\">\n\t\t<span>Modell PURE<\/span>\n\t<\/a>\n\n\n<a href=\"https:\/\/stil-fit.com\/sv\/cykel-pro\/\" class=\"button primary is-outline\"  style=\"border-radius:17px;\">\n\t\t<span>Cykel PRO<\/span>\n\t<\/a>\n\n\n<a href=\"https:\/\/stil-fit.com\/ergometer\/bike-nero-edition\/\" class=\"button primary is-outline\"  style=\"border-radius:99px;\">\n\t\t<span>Cykel NERO<\/span>\n\t<\/a>\n\n\n\n\t\t<\/div>\n\t\t\t\t\t<\/div>\n\n\t\n\n<\/div>\n\n\t\t<\/div>\n\n\t\t\n<style>\n#section_1700895366 {\n  padding-top: 30px;\n  padding-bottom: 30px;\n}\n<\/style>\n\t<\/section>\n\t","protected":false},"excerpt":{"rendered":"","protected":false},"author":2,"featured_media":0,"parent":34582,"menu_order":5,"comment_status":"closed","ping_status":"closed","template":"page-blank.php","meta":{"_monsterinsights_skip_tracking":false,"_monsterinsights_sitenote_active":false,"_monsterinsights_sitenote_note":"","_monsterinsights_sitenote_category":0,"footnotes":""},"yst_prominent_words":[1230,1229,958,1658,172,1652,957,955,1653,1654,1651,1655,1657,956,1228,1227,1656],"class_list":["post-34409","page","type-page","status-publish","hentry"],"yoast_head":"<!-- This site is optimized with the Yoast SEO Premium plugin v14.5 - https:\/\/yoast.com\/wordpress\/plugins\/seo\/ -->\n<title>R\u00e4tteg\u00e5ngsorder | Testa v\u00e5r Motionscykel enkelt hemma<\/title>\n<meta name=\"description\" content=\"Testa v\u00e5ra Motionscyklar hemma i en vecka - utan n\u00e5gon k\u00f6pskyldighet. Kostnadsbidraget p\u00e5 75 EUR kommer att dras av fr\u00e5n ditt k\u00f6p.\" \/>\n<meta name=\"robots\" content=\"index, follow\" \/>\n<meta name=\"googlebot\" content=\"index, follow, max-snippet:-1, max-image-preview:large, max-video-preview:-1\" \/>\n<meta name=\"bingbot\" content=\"index, follow, max-snippet:-1, max-image-preview:large, max-video-preview:-1\" \/>\n<link rel=\"canonical\" href=\"https:\/\/stil-fit.com\/sv\/ergometer\/raettegaangsorder\/\" \/>\n<meta property=\"og:locale\" content=\"sv_SE\" \/>\n<meta property=\"og:type\" content=\"article\" \/>\n<meta property=\"og:title\" content=\"R\u00e4tteg\u00e5ngsorder | Testa v\u00e5r Motionscykel enkelt hemma\" \/>\n<meta property=\"og:description\" content=\"Testa v\u00e5ra Motionscyklar hemma i en vecka - utan n\u00e5gon k\u00f6pskyldighet. Kostnadsbidraget p\u00e5 75 EUR kommer att dras av fr\u00e5n ditt k\u00f6p.\" \/>\n<meta property=\"og:url\" content=\"https:\/\/stil-fit.com\/sv\/ergometer\/raettegaangsorder\/\" \/>\n<meta property=\"og:site_name\" content=\"STIL-FIT\" \/>\n<meta property=\"article:publisher\" content=\"https:\/\/de-de.facebook.com\/stilfit\/\" \/>\n<meta property=\"article:modified_time\" content=\"2025-05-17T23:33:45+00:00\" \/>\n<meta name=\"twitter:card\" content=\"summary_large_image\" \/>\n<script type=\"application\/ld+json\" class=\"yoast-schema-graph\">{\"@context\":\"https:\/\/schema.org\",\"@graph\":[{\"@type\":\"Organization\",\"@id\":\"https:\/\/stil-fit.com\/sv\/#organization\",\"name\":\"STIL-FIT International GmbH\",\"url\":\"https:\/\/stil-fit.com\/sv\/\",\"sameAs\":[\"https:\/\/de-de.facebook.com\/stilfit\/\",\"https:\/\/www.instagram.com\/stil_fit_int\/\",\"https:\/\/www.linkedin.com\/company\/stil-fit-international-gmbh\",\"https:\/\/www.youtube.com\/channel\/UC2HA1BeZtFB0acPMfq1hKdQ\",\"https:\/\/www.pinterest.com\/STILFITInt\/\"],\"logo\":{\"@type\":\"ImageObject\",\"@id\":\"https:\/\/stil-fit.com\/sv\/#logo\",\"inLanguage\":\"sv-SE\",\"url\":\"https:\/\/stil-fit.com\/wp-content\/uploads\/2019\/02\/stilfit_logo.jpg\",\"width\":150,\"height\":150,\"caption\":\"STIL-FIT International GmbH\"},\"image\":{\"@id\":\"https:\/\/stil-fit.com\/sv\/#logo\"}},{\"@type\":\"WebSite\",\"@id\":\"https:\/\/stil-fit.com\/sv\/#website\",\"url\":\"https:\/\/stil-fit.com\/sv\/\",\"name\":\"STIL-FIT\",\"description\":\"Stil-fit\",\"publisher\":{\"@id\":\"https:\/\/stil-fit.com\/sv\/#organization\"},\"potentialAction\":[{\"@type\":\"SearchAction\",\"target\":\"https:\/\/stil-fit.com\/sv\/?s={search_term_string}\",\"query-input\":\"required name=search_term_string\"}],\"inLanguage\":\"sv-SE\"},{\"@type\":\"WebPage\",\"@id\":\"https:\/\/stil-fit.com\/sv\/ergometer\/raettegaangsorder\/#webpage\",\"url\":\"https:\/\/stil-fit.com\/sv\/ergometer\/raettegaangsorder\/\",\"name\":\"R\\u00e4tteg\\u00e5ngsorder | Testa v\\u00e5r Motionscykel enkelt hemma\",\"isPartOf\":{\"@id\":\"https:\/\/stil-fit.com\/sv\/#website\"},\"datePublished\":\"2025-03-20T15:46:22+00:00\",\"dateModified\":\"2025-05-17T23:33:45+00:00\",\"description\":\"Testa v\\u00e5ra Motionscyklar hemma i en vecka - utan n\\u00e5gon k\\u00f6pskyldighet. Kostnadsbidraget p\\u00e5 75 EUR kommer att dras av fr\\u00e5n ditt k\\u00f6p.\",\"inLanguage\":\"sv-SE\",\"potentialAction\":[{\"@type\":\"ReadAction\",\"target\":[\"https:\/\/stil-fit.com\/sv\/ergometer\/raettegaangsorder\/\"]}]}]}<\/script>\n<!-- \/ Yoast SEO Premium plugin. -->","post_mailing_queue_ids":[],"_links":{"self":[{"href":"https:\/\/stil-fit.com\/sv\/wp-json\/wp\/v2\/pages\/34409","targetHints":{"allow":["GET"]}}],"collection":[{"href":"https:\/\/stil-fit.com\/sv\/wp-json\/wp\/v2\/pages"}],"about":[{"href":"https:\/\/stil-fit.com\/sv\/wp-json\/wp\/v2\/types\/page"}],"author":[{"embeddable":true,"href":"https:\/\/stil-fit.com\/sv\/wp-json\/wp\/v2\/users\/2"}],"replies":[{"embeddable":true,"href":"https:\/\/stil-fit.com\/sv\/wp-json\/wp\/v2\/comments?post=34409"}],"version-history":[{"count":3,"href":"https:\/\/stil-fit.com\/sv\/wp-json\/wp\/v2\/pages\/34409\/revisions"}],"predecessor-version":[{"id":37938,"href":"https:\/\/stil-fit.com\/sv\/wp-json\/wp\/v2\/pages\/34409\/revisions\/37938"}],"up":[{"embeddable":true,"href":"https:\/\/stil-fit.com\/sv\/wp-json\/wp\/v2\/pages\/34582"}],"wp:attachment":[{"href":"https:\/\/stil-fit.com\/sv\/wp-json\/wp\/v2\/media?parent=34409"}],"wp:term":[{"taxonomy":"yst_prominent_words","embeddable":true,"href":"https:\/\/stil-fit.com\/sv\/wp-json\/wp\/v2\/yst_prominent_words?post=34409"}],"curies":[{"name":"wp","href":"https:\/\/api.w.org\/{rel}","templated":true}]}}