{"id":34521,"date":"2025-03-20T16:47:54","date_gmt":"2025-03-20T15:47:54","guid":{"rendered":"https:\/\/stil-fit.com\/begagnade-apparater\/"},"modified":"2025-04-05T02:18:35","modified_gmt":"2025-04-05T00:18:35","slug":"begagnade-apparater","status":"publish","type":"page","link":"https:\/\/stil-fit.com\/sv\/begagnade-apparater\/","title":{"rendered":"Begagnade apparater"},"content":{"rendered":"\n  <div class=\"banner has-hover\" id=\"banner-1942157957\">\n          <div class=\"banner-inner fill\">\n        <div class=\"banner-bg fill\" >\n                                                \n                    <\/div>\n\t\t\n        <div class=\"banner-layers container\">\n            <div class=\"fill banner-link\"><\/div>            \n\n   <div id=\"text-box-850646347\" class=\"text-box banner-layer x50 md-x50 lg-x50 y50 md-y50 lg-y50 res-text\">\n                                <div class=\"text-box-content text \">\n              \n              <div class=\"text-inner text-center\">\n                  \n\n<h3 class=\"uppercase\"><strong>Begagnade apparater<\/strong><\/h3>\n\n              <\/div>\n           <\/div>\n                            \n<style>\n#text-box-850646347 {\n  width: 60%;\n}\n#text-box-850646347 .text-box-content {\n  font-size: 100%;\n}\n<\/style>\n    <\/div>\n \n   <div id=\"text-box-1200001448\" class=\"text-box banner-layer x50 md-x50 lg-x50 y90 md-y90 lg-y90 res-text\">\n                                <div class=\"text-box-content text dark\">\n              \n              <div class=\"text-inner text-center\">\n                  \n\n<h4><span style=\"color: #282828;\">Tyv\u00e4rr har vi inte n\u00e5gra begagnade apparater att erbjuda f\u00f6r tillf\u00e4llet.<\/span><\/h4>\n\n              <\/div>\n           <\/div>\n                            \n<style>\n#text-box-1200001448 {\n  width: 60%;\n}\n#text-box-1200001448 .text-box-content {\n  font-size: 100%;\n}\n<\/style>\n    <\/div>\n \n\n        <\/div>\n      <\/div>\n\n            \n<style>\n#banner-1942157957 {\n  padding-top: 500px;\n  background-color: rgb(255,255,255);\n}\n<\/style>\n  <\/div>\n\n\n\n\n\t<section class=\"section info-card-1\" id=\"section_1452946521\">\n\t\t<div class=\"section-bg fill\" >\n\t\t\t\t\t\t\t\t\t<div class=\"section-bg-overlay absolute fill\"><\/div>\n\t\t\t\n\n\t\t<\/div>\n\n\t\t\n\n\t\t<div class=\"section-content relative\">\n\t\t\t\n\n<div class=\"row\"  id=\"row-715211515\">\n\n\n\t<div id=\"col-1423334902\" class=\"col small-12 large-12\"  >\n\t\t\t\t<div class=\"col-inner text-center\"  >\n\t\t\t\n\t\t\t\n\n<h2 class=\"thin-font\">Inget f\u00f6r dig? Ta d\u00e5 en titt p\u00e5 v\u00e5ra andra produkter.   <\/h2>\n\n\t\t<\/div>\n\t\t\t\t\n<style>\n#col-1423334902 > .col-inner {\n  padding: 20px 0px 0px 0px;\n}\n<\/style>\n\t<\/div>\n\n\t\n\n<\/div>\n<div class=\"row row-small row-full-width align-bottom row-box-shadow-3\"  id=\"row-2061670163\">\n\n\n\t<div id=\"col-326568213\" class=\"col medium-3 small-12 large-3\"  >\n\t\t\t\t<div class=\"col-inner\"  >\n\t\t\t\n\t\t\t\n\n\t<div class=\"box has-hover   has-hover box-push box-text-bottom\" >\n\n\t\t<div class=\"box-image\" >\n\t\t\t<a href=\"#\" >\t\t\t<div class=\"image-cover\" style=\"padding-top:100%;\">\n\t\t\t\t<img decoding=\"async\" width=\"1417\" height=\"1417\" src=\"https:\/\/stil-fit.com\/wp-content\/uploads\/2019\/05\/Ergo-1.jpeg\" class=\"attachment- size-\" alt=\"\" srcset=\"https:\/\/stil-fit.com\/wp-content\/uploads\/2019\/05\/Ergo-1.jpeg 1417w, https:\/\/stil-fit.com\/wp-content\/uploads\/2019\/05\/Ergo-1-100x100.jpeg 100w, https:\/\/stil-fit.com\/wp-content\/uploads\/2019\/05\/Ergo-1-510x510.jpeg 510w\" sizes=\"(max-width: 1417px) 100vw, 1417px\" \/>\t\t\t\t\t\t\t\t\t\t\t<\/div>\n\t\t\t<\/a>\t\t<\/div>\n\n\t\t<div class=\"box-text text-center\" style=\"background-color:rgb(255, 255, 255);padding:20px 5px 20px 5pxx;\">\n\t\t\t<div class=\"box-text-inner\">\n\t\t\t\t\n\n<h3>Motionscykel<\/h3>\n<a href=\"https:\/\/stil-fit.com\/sv\/motionscykel\/\" class=\"button primary is-underline\"  >\n\t\t<span>L\u00e4s mer om detta<\/span>\n\t<\/a>\n\n\n\n\t\t\t<\/div>\n\t\t<\/div>\n\t<\/div>\n\t\n\n\t\t<\/div>\n\t\t\t\t\t<\/div>\n\n\t\n\n\t<div id=\"col-652335889\" class=\"col medium-3 small-12 large-3\"  >\n\t\t\t\t<div class=\"col-inner\"  >\n\t\t\t\n\t\t\t\n\n\t<div class=\"box has-hover   has-hover box-push box-text-bottom\" >\n\n\t\t<div class=\"box-image\" >\n\t\t\t<a href=\"#\" >\t\t\t<div class=\"image-cover\" style=\"padding-top:100%;\">\n\t\t\t\t<img decoding=\"async\" width=\"1417\" height=\"1417\" src=\"https:\/\/stil-fit.com\/wp-content\/uploads\/2019\/05\/row.jpg\" class=\"attachment- size-\" alt=\"\" srcset=\"https:\/\/stil-fit.com\/wp-content\/uploads\/2019\/05\/row.jpg 1417w, https:\/\/stil-fit.com\/wp-content\/uploads\/2019\/05\/row-100x100.jpg 100w, https:\/\/stil-fit.com\/wp-content\/uploads\/2019\/05\/row-510x510.jpg 510w\" sizes=\"(max-width: 1417px) 100vw, 1417px\" \/>\t\t\t\t\t\t\t\t\t\t\t<\/div>\n\t\t\t<\/a>\t\t<\/div>\n\n\t\t<div class=\"box-text text-center\" style=\"background-color:rgb(255, 255, 255);padding:20px 5px 20px 5pxx;\">\n\t\t\t<div class=\"box-text-inner\">\n\t\t\t\t\n\n<h3>roddmaskin<\/h3>\n<a href=\"https:\/\/stil-fit.com\/sv\/roddmaskin\/\" class=\"button primary is-underline\"  >\n\t\t<span>L\u00e4s mer om detta<\/span>\n\t<\/a>\n\n\n\n\t\t\t<\/div>\n\t\t<\/div>\n\t<\/div>\n\t\n\n\t\t<\/div>\n\t\t\t\t\t<\/div>\n\n\t\n\n\t<div id=\"col-197330285\" class=\"col medium-3 small-12 large-3\"  >\n\t\t\t\t<div class=\"col-inner\"  >\n\t\t\t\n\t\t\t\n\n\t<div class=\"box has-hover   has-hover box-push box-text-bottom\" >\n\n\t\t<div class=\"box-image\" >\n\t\t\t<a href=\"#\" >\t\t\t<div class=\"image-cover\" style=\"padding-top:100%;\">\n\t\t\t\t<img decoding=\"async\" width=\"1417\" height=\"1417\" src=\"https:\/\/stil-fit.com\/wp-content\/uploads\/2019\/06\/kabel.jpg\" class=\"attachment- size-\" alt=\"\" srcset=\"https:\/\/stil-fit.com\/wp-content\/uploads\/2019\/06\/kabel.jpg 1417w, https:\/\/stil-fit.com\/wp-content\/uploads\/2019\/06\/kabel-100x100.jpg 100w, https:\/\/stil-fit.com\/wp-content\/uploads\/2019\/06\/kabel-510x510.jpg 510w\" sizes=\"(max-width: 1417px) 100vw, 1417px\" \/>\t\t\t\t\t\t\t\t\t\t\t<\/div>\n\t\t\t<\/a>\t\t<\/div>\n\n\t\t<div class=\"box-text text-center\" style=\"background-color:rgb(255, 255, 255);padding:20px 5px 20px 5pxx;\">\n\t\t\t<div class=\"box-text-inner\">\n\t\t\t\t\n\n<h3>Functionele trainer<\/h3>\n<a href=\"https:\/\/stil-fit.com\/sv\/functionele-trainer\/\" class=\"button primary is-underline\"  >\n\t\t<span>L\u00e4s mer om detta<\/span>\n\t<\/a>\n\n\n\n\t\t\t<\/div>\n\t\t<\/div>\n\t<\/div>\n\t\n\n\t\t<\/div>\n\t\t\t\t\t<\/div>\n\n\t\n\n\t<div id=\"col-1430376707\" class=\"col medium-3 small-12 large-3\"  >\n\t\t\t\t<div class=\"col-inner\"  >\n\t\t\t\n\t\t\t\n\n\t<div class=\"box has-hover   has-hover box-push box-text-bottom\" >\n\n\t\t<div class=\"box-image\" >\n\t\t\t<a href=\"#\" >\t\t\t<div class=\"image-cover\" style=\"padding-top:100%;\">\n\t\t\t\t<img decoding=\"async\" width=\"1417\" height=\"1417\" src=\"https:\/\/stil-fit.com\/wp-content\/uploads\/2019\/05\/kleinteile.jpg\" class=\"attachment- size-\" alt=\"\" srcset=\"https:\/\/stil-fit.com\/wp-content\/uploads\/2019\/05\/kleinteile.jpg 1417w, https:\/\/stil-fit.com\/wp-content\/uploads\/2019\/05\/kleinteile-100x100.jpg 100w, https:\/\/stil-fit.com\/wp-content\/uploads\/2019\/05\/kleinteile-510x510.jpg 510w\" sizes=\"(max-width: 1417px) 100vw, 1417px\" \/>\t\t\t\t\t\t\t\t\t\t\t<\/div>\n\t\t\t<\/a>\t\t<\/div>\n\n\t\t<div class=\"box-text text-center\" style=\"background-color:rgb(255, 255, 255);padding:20px 5px 20px 5pxx;\">\n\t\t\t<div class=\"box-text-inner\">\n\t\t\t\t\n\n<h3>Tillbeh\u00f6r<\/h3>\n<a href=\"https:\/\/stil-fit.com\/sv\/tillbehoer\/\" class=\"button primary is-underline\"  >\n\t\t<span>L\u00e4s mer om detta<\/span>\n\t<\/a>\n\n\n\n\t\t\t<\/div>\n\t\t<\/div>\n\t<\/div>\n\t\n\n\t\t<\/div>\n\t\t\t\t\t<\/div>\n\n\t\n\n\n<style>\n#row-2061670163 > .col > .col-inner {\n  background-color: rgb(255,255,255);\n}\n<\/style>\n<\/div>\n\n\t\t<\/div>\n\n\t\t\n<style>\n#section_1452946521 {\n  padding-top: 50px;\n  padding-bottom: 50px;\n  background-color: rgb(255,255,255);\n}\n#section_1452946521 .section-bg-overlay {\n  background-color: rgba(255,255,255,.5);\n}\n<\/style>\n\t<\/section>\n\t","protected":false},"excerpt":{"rendered":"","protected":false},"author":2,"featured_media":0,"parent":0,"menu_order":0,"comment_status":"closed","ping_status":"closed","template":"page-blank.php","meta":{"_monsterinsights_skip_tracking":false,"_monsterinsights_sitenote_active":false,"_monsterinsights_sitenote_note":"","_monsterinsights_sitenote_category":0,"footnotes":""},"yst_prominent_words":[809,916,215],"class_list":["post-34521","page","type-page","status-publish","hentry"],"yoast_head":"<!-- This site is optimized with the Yoast SEO Premium plugin v14.5 - https:\/\/yoast.com\/wordpress\/plugins\/seo\/ -->\n<title>Begagnade apparater | STIL-FIT<\/title>\n<meta name=\"robots\" content=\"index, follow\" \/>\n<meta name=\"googlebot\" content=\"index, follow, max-snippet:-1, max-image-preview:large, max-video-preview:-1\" \/>\n<meta name=\"bingbot\" content=\"index, follow, max-snippet:-1, max-image-preview:large, max-video-preview:-1\" \/>\n<link rel=\"canonical\" href=\"https:\/\/stil-fit.com\/sv\/begagnade-apparater\/\" \/>\n<meta property=\"og:locale\" content=\"sv_SE\" \/>\n<meta property=\"og:type\" content=\"article\" \/>\n<meta property=\"og:title\" content=\"Begagnade apparater | STIL-FIT\" \/>\n<meta property=\"og:url\" content=\"https:\/\/stil-fit.com\/sv\/begagnade-apparater\/\" \/>\n<meta property=\"og:site_name\" content=\"STIL-FIT\" \/>\n<meta property=\"article:publisher\" content=\"https:\/\/de-de.facebook.com\/stilfit\/\" \/>\n<meta property=\"article:modified_time\" content=\"2025-04-05T00:18:35+00:00\" \/>\n<meta name=\"twitter:card\" content=\"summary_large_image\" \/>\n<script type=\"application\/ld+json\" class=\"yoast-schema-graph\">{\"@context\":\"https:\/\/schema.org\",\"@graph\":[{\"@type\":\"Organization\",\"@id\":\"https:\/\/stil-fit.com\/sv\/#organization\",\"name\":\"STIL-FIT International GmbH\",\"url\":\"https:\/\/stil-fit.com\/sv\/\",\"sameAs\":[\"https:\/\/de-de.facebook.com\/stilfit\/\",\"https:\/\/www.instagram.com\/stil_fit_int\/\",\"https:\/\/www.linkedin.com\/company\/stil-fit-international-gmbh\",\"https:\/\/www.youtube.com\/channel\/UC2HA1BeZtFB0acPMfq1hKdQ\",\"https:\/\/www.pinterest.com\/STILFITInt\/\"],\"logo\":{\"@type\":\"ImageObject\",\"@id\":\"https:\/\/stil-fit.com\/sv\/#logo\",\"inLanguage\":\"sv-SE\",\"url\":\"https:\/\/stil-fit.com\/wp-content\/uploads\/2019\/02\/stilfit_logo.jpg\",\"width\":150,\"height\":150,\"caption\":\"STIL-FIT International GmbH\"},\"image\":{\"@id\":\"https:\/\/stil-fit.com\/sv\/#logo\"}},{\"@type\":\"WebSite\",\"@id\":\"https:\/\/stil-fit.com\/sv\/#website\",\"url\":\"https:\/\/stil-fit.com\/sv\/\",\"name\":\"STIL-FIT\",\"description\":\"Stil-fit\",\"publisher\":{\"@id\":\"https:\/\/stil-fit.com\/sv\/#organization\"},\"potentialAction\":[{\"@type\":\"SearchAction\",\"target\":\"https:\/\/stil-fit.com\/sv\/?s={search_term_string}\",\"query-input\":\"required name=search_term_string\"}],\"inLanguage\":\"sv-SE\"},{\"@type\":\"WebPage\",\"@id\":\"https:\/\/stil-fit.com\/sv\/begagnade-apparater\/#webpage\",\"url\":\"https:\/\/stil-fit.com\/sv\/begagnade-apparater\/\",\"name\":\"Begagnade apparater | STIL-FIT\",\"isPartOf\":{\"@id\":\"https:\/\/stil-fit.com\/sv\/#website\"},\"datePublished\":\"2025-03-20T15:47:54+00:00\",\"dateModified\":\"2025-04-05T00:18:35+00:00\",\"inLanguage\":\"sv-SE\",\"potentialAction\":[{\"@type\":\"ReadAction\",\"target\":[\"https:\/\/stil-fit.com\/sv\/begagnade-apparater\/\"]}]}]}<\/script>\n<!-- \/ Yoast SEO Premium plugin. -->","post_mailing_queue_ids":[],"_links":{"self":[{"href":"https:\/\/stil-fit.com\/sv\/wp-json\/wp\/v2\/pages\/34521","targetHints":{"allow":["GET"]}}],"collection":[{"href":"https:\/\/stil-fit.com\/sv\/wp-json\/wp\/v2\/pages"}],"about":[{"href":"https:\/\/stil-fit.com\/sv\/wp-json\/wp\/v2\/types\/page"}],"author":[{"embeddable":true,"href":"https:\/\/stil-fit.com\/sv\/wp-json\/wp\/v2\/users\/2"}],"replies":[{"embeddable":true,"href":"https:\/\/stil-fit.com\/sv\/wp-json\/wp\/v2\/comments?post=34521"}],"version-history":[{"count":6,"href":"https:\/\/stil-fit.com\/sv\/wp-json\/wp\/v2\/pages\/34521\/revisions"}],"predecessor-version":[{"id":36969,"href":"https:\/\/stil-fit.com\/sv\/wp-json\/wp\/v2\/pages\/34521\/revisions\/36969"}],"wp:attachment":[{"href":"https:\/\/stil-fit.com\/sv\/wp-json\/wp\/v2\/media?parent=34521"}],"wp:term":[{"taxonomy":"yst_prominent_words","embeddable":true,"href":"https:\/\/stil-fit.com\/sv\/wp-json\/wp\/v2\/yst_prominent_words?post=34521"}],"curies":[{"name":"wp","href":"https:\/\/api.w.org\/{rel}","templated":true}]}}