{"id":35139,"date":"2023-11-09T10:51:27","date_gmt":"2025-03-27T12:31:02","guid":{"rendered":"https:\/\/stil-fit.com\/shop\/stil-fit-bordshallare-rower-pro\/"},"modified":"2025-03-27T13:31:02","modified_gmt":"2025-03-27T12:31:02","slug":"stil-fit-bordshallare-rower-pro","status":"publish","type":"product","link":"https:\/\/stil-fit.com\/sv\/shop\/stil-fit-bordshallare-rower-pro\/","title":{"rendered":"STIL-FIT Bordsh\u00e5llare Rower PRO"},"content":{"rendered":"<h1>STIL-FIT Bordsh\u00e5llare Rower PRO<\/h1>\n<p>Med STIL-FIT tablet-holder kan du njuta av full underh\u00e5llning medan du tr\u00e4nar. Titta p\u00e5 TV, din favoritserie fr\u00e5n Netflix eller p\u00e5 nyheterna. <\/p>\n<p>Bordsh\u00e5llaren \u00e4r justerbar i h\u00f6jd- och vinkelled. Om du inte anv\u00e4nder roddmaskinen kan du f\u00e4lla in den och f\u00f6rvara den. <\/p>\n<h2>Njut av alla underh\u00e5llningsalternativ<\/h2>\n<p>STIL-FIT Rower PRO \u00e4r kompatibel med apparna Kinomap och EXR f\u00f6r ytterligare motivation. Uppt\u00e4ck v\u00e4rlden med tusentals roddbanor, t\u00e4vla mot dina v\u00e4nner och exportera dina tr\u00e4ningsdata.<\/p>\n","protected":false},"excerpt":{"rendered":"<p>&nbsp;<\/p>\n<p>Tabletth\u00e5llaren \u00e4r det perfekta till\u00e4gget till din STIL-FIT Roddmaskin PRO. Den g\u00f6r att du kan placera din surfplatta framf\u00f6r dig s\u00e5 att du kan titta p\u00e5 ditt favoritprogram p\u00e5 Netflix eller TV. Dessutom kan du f\u00f6rb\u00e4ttra din tr\u00e4ning genom att anv\u00e4nda apparna Kinomap eller EXR f\u00f6r en \u00e4nnu b\u00e4ttre tr\u00e4ningsupplevelse.  <\/p>\n<ul>\n<li>Tillverkad f\u00f6r dig i v\u00e5r fabrik i M\u00fcnchen.<\/li>\n<li>Tillverkad i Tyskland<\/li>\n<li>Fri frakt<\/li>\n<\/ul>\n","protected":false},"featured_media":31628,"comment_status":"open","ping_status":"closed","template":"","meta":{"_monsterinsights_skip_tracking":false,"_monsterinsights_sitenote_active":false,"_monsterinsights_sitenote_note":"","_monsterinsights_sitenote_category":0},"product_brand":[],"product_cat":[2947,2907],"product_tag":[3112,3113,3111,3114,3115,3110],"yst_prominent_words":[256,1183,1424,1425,1440,1439,260,527,161,1188,1189,251,602,261,593,594,1182,267],"class_list":{"0":"post-35139","1":"product","2":"type-product","3":"status-publish","4":"has-post-thumbnail","6":"product_cat-roddmaskin","7":"product_cat-tillbehoer","8":"product_tag-bordshallare","9":"product_tag-design-fitness-sv","10":"product_tag-hemmafitness","11":"product_tag-homegym-sv","12":"product_tag-rodd","13":"product_tag-roddmaskin","14":"product_shipping_class-kleingerate-sv","16":"first","17":"instock","18":"taxable","19":"shipping-taxable","20":"purchasable","21":"product-type-simple"},"composite_virtual":false,"composite_layout":"","composite_add_to_cart_form_location":"","composite_editable_in_cart":false,"composite_sold_individually_context":"","composite_shop_price_calc":"","composite_components":[],"composite_scenarios":[],"bundled_by":[],"bundle_stock_status":"instock","bundle_stock_quantity":null,"bundle_virtual":false,"bundle_layout":"","bundle_add_to_cart_form_location":"","bundle_editable_in_cart":false,"bundle_sold_individually_context":"","bundle_item_grouping":"","bundle_min_size":"","bundle_max_size":"","bundle_price":[],"bundled_items":[],"bundle_sell_ids":[9946],"yoast_head":"<!-- This site is optimized with the Yoast SEO Premium plugin v14.5 - https:\/\/yoast.com\/wordpress\/plugins\/seo\/ -->\n<title>STIL-FIT Bordsh\u00e5llare Rower PRO | Uppgradera din Roddmaskin PRO<\/title>\n<meta name=\"description\" content=\"STIL-FIT Tablet-holder \u00e4r utformad s\u00e5 att du alltid har din surfplatta synlig under tr\u00e4ningspasset. Passar alla storlekar p\u00e5 surfplattor.\" \/>\n<meta name=\"robots\" content=\"index, follow\" \/>\n<meta name=\"googlebot\" content=\"index, follow, max-snippet:-1, max-image-preview:large, max-video-preview:-1\" \/>\n<meta name=\"bingbot\" content=\"index, follow, max-snippet:-1, max-image-preview:large, max-video-preview:-1\" \/>\n<link rel=\"canonical\" href=\"https:\/\/stil-fit.com\/sv\/shop\/stil-fit-bordshallare-rower-pro\/\" \/>\n<meta property=\"og:locale\" content=\"sv_SE\" \/>\n<meta property=\"og:type\" content=\"article\" \/>\n<meta property=\"og:title\" content=\"STIL-FIT Bordsh\u00e5llare Rower PRO | Uppgradera din Roddmaskin PRO\" \/>\n<meta property=\"og:description\" content=\"STIL-FIT Tablet-holder \u00e4r utformad s\u00e5 att du alltid har din surfplatta synlig under tr\u00e4ningspasset. Passar alla storlekar p\u00e5 surfplattor.\" \/>\n<meta property=\"og:url\" content=\"https:\/\/stil-fit.com\/sv\/shop\/stil-fit-bordshallare-rower-pro\/\" \/>\n<meta property=\"og:site_name\" content=\"STIL-FIT\" \/>\n<meta property=\"article:publisher\" content=\"https:\/\/de-de.facebook.com\/stilfit\/\" \/>\n<meta property=\"og:image\" content=\"https:\/\/stil-fit.com\/wp-content\/uploads\/2023\/11\/STIL-FIT-Rower-PRO-Tablet-holder.jpg\" \/>\n\t<meta property=\"og:image:width\" content=\"785\" \/>\n\t<meta property=\"og:image:height\" content=\"785\" \/>\n<meta name=\"twitter:card\" content=\"summary_large_image\" \/>\n<script type=\"application\/ld+json\" class=\"yoast-schema-graph\">{\"@context\":\"https:\/\/schema.org\",\"@graph\":[{\"@type\":\"Organization\",\"@id\":\"https:\/\/stil-fit.com\/sv\/#organization\",\"name\":\"STIL-FIT International GmbH\",\"url\":\"https:\/\/stil-fit.com\/sv\/\",\"sameAs\":[\"https:\/\/de-de.facebook.com\/stilfit\/\",\"https:\/\/www.instagram.com\/stil_fit_int\/\",\"https:\/\/www.linkedin.com\/company\/stil-fit-international-gmbh\",\"https:\/\/www.youtube.com\/channel\/UC2HA1BeZtFB0acPMfq1hKdQ\",\"https:\/\/www.pinterest.com\/STILFITInt\/\"],\"logo\":{\"@type\":\"ImageObject\",\"@id\":\"https:\/\/stil-fit.com\/sv\/#logo\",\"inLanguage\":\"sv-SE\",\"url\":\"https:\/\/stil-fit.com\/wp-content\/uploads\/2019\/02\/stilfit_logo.jpg\",\"width\":150,\"height\":150,\"caption\":\"STIL-FIT International GmbH\"},\"image\":{\"@id\":\"https:\/\/stil-fit.com\/sv\/#logo\"}},{\"@type\":\"WebSite\",\"@id\":\"https:\/\/stil-fit.com\/sv\/#website\",\"url\":\"https:\/\/stil-fit.com\/sv\/\",\"name\":\"STIL-FIT\",\"description\":\"Stil-fit\",\"publisher\":{\"@id\":\"https:\/\/stil-fit.com\/sv\/#organization\"},\"potentialAction\":[{\"@type\":\"SearchAction\",\"target\":\"https:\/\/stil-fit.com\/sv\/?s={search_term_string}\",\"query-input\":\"required name=search_term_string\"}],\"inLanguage\":\"sv-SE\"},{\"@type\":\"ImageObject\",\"@id\":\"https:\/\/stil-fit.com\/sv\/shop\/stil-fit-bordshallare-rower-pro\/#primaryimage\",\"inLanguage\":\"sv-SE\",\"url\":\"https:\/\/stil-fit.com\/wp-content\/uploads\/2023\/11\/STIL-FIT-Rower-PRO-Tablet-holder.jpg\",\"width\":785,\"height\":785},{\"@type\":\"WebPage\",\"@id\":\"https:\/\/stil-fit.com\/sv\/shop\/stil-fit-bordshallare-rower-pro\/#webpage\",\"url\":\"https:\/\/stil-fit.com\/sv\/shop\/stil-fit-bordshallare-rower-pro\/\",\"name\":\"STIL-FIT Bordsh\\u00e5llare Rower PRO | Uppgradera din Roddmaskin PRO\",\"isPartOf\":{\"@id\":\"https:\/\/stil-fit.com\/sv\/#website\"},\"primaryImageOfPage\":{\"@id\":\"https:\/\/stil-fit.com\/sv\/shop\/stil-fit-bordshallare-rower-pro\/#primaryimage\"},\"datePublished\":\"2025-03-27T12:31:02+00:00\",\"dateModified\":\"2025-03-27T12:31:02+00:00\",\"description\":\"STIL-FIT Tablet-holder \\u00e4r utformad s\\u00e5 att du alltid har din surfplatta synlig under tr\\u00e4ningspasset. Passar alla storlekar p\\u00e5 surfplattor.\",\"inLanguage\":\"sv-SE\",\"potentialAction\":[{\"@type\":\"ReadAction\",\"target\":[\"https:\/\/stil-fit.com\/sv\/shop\/stil-fit-bordshallare-rower-pro\/\"]}]}]}<\/script>\n<!-- \/ Yoast SEO Premium plugin. -->","post_mailing_queue_ids":[],"_links":{"self":[{"href":"https:\/\/stil-fit.com\/sv\/wp-json\/wp\/v2\/product\/35139","targetHints":{"allow":["GET"]}}],"collection":[{"href":"https:\/\/stil-fit.com\/sv\/wp-json\/wp\/v2\/product"}],"about":[{"href":"https:\/\/stil-fit.com\/sv\/wp-json\/wp\/v2\/types\/product"}],"replies":[{"embeddable":true,"href":"https:\/\/stil-fit.com\/sv\/wp-json\/wp\/v2\/comments?post=35139"}],"wp:featuredmedia":[{"embeddable":true,"href":"https:\/\/stil-fit.com\/sv\/wp-json\/wp\/v2\/media\/31628"}],"wp:attachment":[{"href":"https:\/\/stil-fit.com\/sv\/wp-json\/wp\/v2\/media?parent=35139"}],"wp:term":[{"taxonomy":"product_brand","embeddable":true,"href":"https:\/\/stil-fit.com\/sv\/wp-json\/wp\/v2\/product_brand?post=35139"},{"taxonomy":"product_cat","embeddable":true,"href":"https:\/\/stil-fit.com\/sv\/wp-json\/wp\/v2\/product_cat?post=35139"},{"taxonomy":"product_tag","embeddable":true,"href":"https:\/\/stil-fit.com\/sv\/wp-json\/wp\/v2\/product_tag?post=35139"},{"taxonomy":"yst_prominent_words","embeddable":true,"href":"https:\/\/stil-fit.com\/sv\/wp-json\/wp\/v2\/yst_prominent_words?post=35139"}],"curies":[{"name":"wp","href":"https:\/\/api.w.org\/{rel}","templated":true}]}}