{"id":35166,"date":"2023-03-20T13:29:43","date_gmt":"2025-03-27T12:40:24","guid":{"rendered":"https:\/\/stil-fit.com\/shop\/stil-fit-fitnessboll\/"},"modified":"2025-03-27T13:40:24","modified_gmt":"2025-03-27T12:40:24","slug":"stil-fit-fitnessboll","status":"publish","type":"product","link":"https:\/\/stil-fit.com\/sv\/shop\/stil-fit-fitnessboll\/","title":{"rendered":"STIL-FIT Fitnessboll"},"content":{"rendered":"<h1><strong>STIL-FIT Fitnessboll  <\/strong><\/h1>\n<h2 id=\"tw-target-text\" class=\"tw-data-text tw-text-large tw-ta\" dir=\"ltr\" data-placeholder=\"\u00dcbersetzung\"><span class=\"Y2IQFc\" lang=\"en\">Allroundtr\u00e4ning &#8211; styrketr\u00e4ning, koordination och flexibilitet  <\/span><\/h2>\n<div>\n<p>F\u00f6rb\u00e4ttra din r\u00f6rlighet och stabilitet samtidigt som du st\u00e4rker din core.<\/p>\n<p>Du kan g\u00f6ra en m\u00e4ngd olika \u00f6vningar med v\u00e5r fitnessboll. Fr\u00e5n otaliga stretch\u00f6vningar, via b\u00e5lstabiliserande \u00f6vningar till styrketr\u00e4ning. <\/p>\n<p>Fitnessbollen \u00e4r ocks\u00e5 ett perfekt tillbeh\u00f6r till v\u00e5r STIL-FIT Functionele Trainer.<\/p>\n<p>Men den \u00e4r ocks\u00e5 idealisk som sittm\u00f6bel som ger en bra h\u00e5llning. Den st\u00e4ndiga r\u00f6relsen tr\u00e4nar ryggen n\u00e4r du sitter. <\/p>\n<\/div>\n","protected":false},"excerpt":{"rendered":"<p>&nbsp;<\/p>\n<ul>\n<li>Rullar inte iv\u00e4g tack vare balansvikten<\/li>\n<li>Stabilt och s\u00e4kert<\/li>\n<li>Tillverkad av \u00e5tervunnen PVC<\/li>\n<li>Tillverkad i Italien<\/li>\n<\/ul>\n","protected":false},"featured_media":29839,"comment_status":"open","ping_status":"closed","template":"","meta":{"_monsterinsights_skip_tracking":false,"_monsterinsights_sitenote_active":false,"_monsterinsights_sitenote_note":"","_monsterinsights_sitenote_category":0},"product_brand":[],"product_cat":[2907,2939],"product_tag":[3163,3111,3162],"yst_prominent_words":[],"class_list":{"0":"post-35166","1":"product","2":"type-product","3":"status-publish","4":"has-post-thumbnail","6":"product_cat-tillbehoer","7":"product_cat-uncategorised-sv","8":"product_tag-fitnessboll","9":"product_tag-hemmafitness","10":"product_tag-wellnessboll","12":"first","13":"instock","14":"taxable","15":"shipping-taxable","16":"purchasable","17":"product-type-simple"},"composite_virtual":false,"composite_layout":"","composite_add_to_cart_form_location":"","composite_editable_in_cart":false,"composite_sold_individually_context":"","composite_shop_price_calc":"","composite_components":[],"composite_scenarios":[],"bundled_by":[],"bundle_stock_status":"instock","bundle_stock_quantity":null,"bundle_virtual":false,"bundle_layout":"","bundle_add_to_cart_form_location":"","bundle_editable_in_cart":false,"bundle_sold_individually_context":"","bundle_item_grouping":"","bundle_min_size":"","bundle_max_size":"","bundle_price":[],"bundled_items":[],"bundle_sell_ids":[1226,804,1095],"yoast_head":"<!-- This site is optimized with the Yoast SEO Premium plugin v14.5 - https:\/\/yoast.com\/wordpress\/plugins\/seo\/ -->\n<title>STIL-FIT Fitnessboll | STIL-FIT<\/title>\n<meta name=\"robots\" content=\"index, follow\" \/>\n<meta name=\"googlebot\" content=\"index, follow, max-snippet:-1, max-image-preview:large, max-video-preview:-1\" \/>\n<meta name=\"bingbot\" content=\"index, follow, max-snippet:-1, max-image-preview:large, max-video-preview:-1\" \/>\n<link rel=\"canonical\" href=\"https:\/\/stil-fit.com\/sv\/shop\/stil-fit-fitnessboll\/\" \/>\n<meta property=\"og:locale\" content=\"sv_SE\" \/>\n<meta property=\"og:type\" content=\"article\" \/>\n<meta property=\"og:title\" content=\"STIL-FIT Fitnessboll | STIL-FIT\" \/>\n<meta property=\"og:description\" content=\"&nbsp;  Rullar inte iv\u00e4g tack vare balansvikten  Stabilt och s\u00e4kert  Tillverkad av \u00e5tervunnen PVC  Tillverkad i Italien\" \/>\n<meta property=\"og:url\" content=\"https:\/\/stil-fit.com\/sv\/shop\/stil-fit-fitnessboll\/\" \/>\n<meta property=\"og:site_name\" content=\"STIL-FIT\" \/>\n<meta property=\"article:publisher\" content=\"https:\/\/de-de.facebook.com\/stilfit\/\" \/>\n<meta property=\"og:image\" content=\"https:\/\/stil-fit.com\/wp-content\/uploads\/2023\/03\/Stil-Fit-Trainingsball.png\" \/>\n\t<meta property=\"og:image:width\" content=\"1181\" \/>\n\t<meta property=\"og:image:height\" content=\"1181\" \/>\n<meta name=\"twitter:card\" content=\"summary_large_image\" \/>\n<script type=\"application\/ld+json\" class=\"yoast-schema-graph\">{\"@context\":\"https:\/\/schema.org\",\"@graph\":[{\"@type\":\"Organization\",\"@id\":\"https:\/\/stil-fit.com\/sv\/#organization\",\"name\":\"STIL-FIT International GmbH\",\"url\":\"https:\/\/stil-fit.com\/sv\/\",\"sameAs\":[\"https:\/\/de-de.facebook.com\/stilfit\/\",\"https:\/\/www.instagram.com\/stil_fit_int\/\",\"https:\/\/www.linkedin.com\/company\/stil-fit-international-gmbh\",\"https:\/\/www.youtube.com\/channel\/UC2HA1BeZtFB0acPMfq1hKdQ\",\"https:\/\/www.pinterest.com\/STILFITInt\/\"],\"logo\":{\"@type\":\"ImageObject\",\"@id\":\"https:\/\/stil-fit.com\/sv\/#logo\",\"inLanguage\":\"sv-SE\",\"url\":\"https:\/\/stil-fit.com\/wp-content\/uploads\/2019\/02\/stilfit_logo.jpg\",\"width\":150,\"height\":150,\"caption\":\"STIL-FIT International GmbH\"},\"image\":{\"@id\":\"https:\/\/stil-fit.com\/sv\/#logo\"}},{\"@type\":\"WebSite\",\"@id\":\"https:\/\/stil-fit.com\/sv\/#website\",\"url\":\"https:\/\/stil-fit.com\/sv\/\",\"name\":\"STIL-FIT\",\"description\":\"Stil-fit\",\"publisher\":{\"@id\":\"https:\/\/stil-fit.com\/sv\/#organization\"},\"potentialAction\":[{\"@type\":\"SearchAction\",\"target\":\"https:\/\/stil-fit.com\/sv\/?s={search_term_string}\",\"query-input\":\"required name=search_term_string\"}],\"inLanguage\":\"sv-SE\"},{\"@type\":\"ImageObject\",\"@id\":\"https:\/\/stil-fit.com\/sv\/shop\/stil-fit-fitnessboll\/#primaryimage\",\"inLanguage\":\"sv-SE\",\"url\":\"https:\/\/stil-fit.com\/wp-content\/uploads\/2023\/03\/Stil-Fit-Trainingsball.png\",\"width\":1181,\"height\":1181},{\"@type\":\"WebPage\",\"@id\":\"https:\/\/stil-fit.com\/sv\/shop\/stil-fit-fitnessboll\/#webpage\",\"url\":\"https:\/\/stil-fit.com\/sv\/shop\/stil-fit-fitnessboll\/\",\"name\":\"STIL-FIT Fitnessboll | STIL-FIT\",\"isPartOf\":{\"@id\":\"https:\/\/stil-fit.com\/sv\/#website\"},\"primaryImageOfPage\":{\"@id\":\"https:\/\/stil-fit.com\/sv\/shop\/stil-fit-fitnessboll\/#primaryimage\"},\"datePublished\":\"2025-03-27T12:40:24+00:00\",\"dateModified\":\"2025-03-27T12:40:24+00:00\",\"inLanguage\":\"sv-SE\",\"potentialAction\":[{\"@type\":\"ReadAction\",\"target\":[\"https:\/\/stil-fit.com\/sv\/shop\/stil-fit-fitnessboll\/\"]}]}]}<\/script>\n<!-- \/ Yoast SEO Premium plugin. -->","post_mailing_queue_ids":[],"_links":{"self":[{"href":"https:\/\/stil-fit.com\/sv\/wp-json\/wp\/v2\/product\/35166","targetHints":{"allow":["GET"]}}],"collection":[{"href":"https:\/\/stil-fit.com\/sv\/wp-json\/wp\/v2\/product"}],"about":[{"href":"https:\/\/stil-fit.com\/sv\/wp-json\/wp\/v2\/types\/product"}],"replies":[{"embeddable":true,"href":"https:\/\/stil-fit.com\/sv\/wp-json\/wp\/v2\/comments?post=35166"}],"wp:featuredmedia":[{"embeddable":true,"href":"https:\/\/stil-fit.com\/sv\/wp-json\/wp\/v2\/media\/29839"}],"wp:attachment":[{"href":"https:\/\/stil-fit.com\/sv\/wp-json\/wp\/v2\/media?parent=35166"}],"wp:term":[{"taxonomy":"product_brand","embeddable":true,"href":"https:\/\/stil-fit.com\/sv\/wp-json\/wp\/v2\/product_brand?post=35166"},{"taxonomy":"product_cat","embeddable":true,"href":"https:\/\/stil-fit.com\/sv\/wp-json\/wp\/v2\/product_cat?post=35166"},{"taxonomy":"product_tag","embeddable":true,"href":"https:\/\/stil-fit.com\/sv\/wp-json\/wp\/v2\/product_tag?post=35166"},{"taxonomy":"yst_prominent_words","embeddable":true,"href":"https:\/\/stil-fit.com\/sv\/wp-json\/wp\/v2\/yst_prominent_words?post=35166"}],"curies":[{"name":"wp","href":"https:\/\/api.w.org\/{rel}","templated":true}]}}