{"id":35176,"date":"2023-05-17T16:16:58","date_gmt":"2025-03-27T12:40:39","guid":{"rendered":"https:\/\/stil-fit.com\/shop\/stil-fit-bike-nero-edition\/"},"modified":"2025-03-27T13:40:39","modified_gmt":"2025-03-27T12:40:39","slug":"stil-fit-bike-nero-edition","status":"publish","type":"product","link":"https:\/\/stil-fit.com\/sv\/shop\/stil-fit-bike-nero-edition\/","title":{"rendered":"STIL-FIT Bike NERO &#8220;Edition"},"content":{"rendered":"<h1><strong>En ikon inom Fitness Bikes &#8211; Produkter STIL-FIT Bike NERO &#8220;Edition<\/strong><\/h1>\n<p>&nbsp;<\/p>\n<h2><strong>Finaste material<\/strong><\/h2>\n<p>Vi arbetar med Bike NERO med aluminium, st\u00e5l, valn\u00f6tstr\u00e4 och l\u00e4der &#8211; kvalitet in i minsta detalj.<\/p>\n<h2><\/h2>\n<h2><strong>Helt och h\u00e5llet interaktiv<\/strong><\/h2>\n<p>Koppla ihop Bike Nero med appen STIL-FIT eller olika andra appar som Kinomap, Zwift eller Rouvy.<\/p>\n<h2><\/h2>\n<h2><strong>Sj\u00e4lvf\u00f6rs\u00f6rjande och h\u00e5llbar<\/strong><\/h2>\n<p>Du genererar den el som beh\u00f6vs genom din tr\u00e4ning. Ingen str\u00f6mkontakt beh\u00f6vs. <\/p>\n<p>&nbsp;<\/p>\n","protected":false},"excerpt":{"rendered":"<p>&nbsp;<\/p>\n<p>Bike NERO &#8216;Edition&#8217; \u00e4r ett nytt m\u00e4sterverk av v\u00e5r designer Anton Maria Rief. Den kombinerar en enast\u00e5ende design med eleganta komponenter och en perfekt funktionalitet. <\/p>\n<p><strong>Leverans inom 7 arbetsdagar<\/strong><\/p>\n<p>&#8211; Tillverkad i Tyskland<\/p>\n<p>&#8211; Fri frakt<\/p>\n<p>&#8211; 0% Avbetalning<\/p>\n","protected":false},"featured_media":29943,"comment_status":"open","ping_status":"closed","template":"","meta":{"_monsterinsights_skip_tracking":false,"_monsterinsights_sitenote_active":false,"_monsterinsights_sitenote_note":"","_monsterinsights_sitenote_category":0},"product_brand":[],"product_cat":[2915,2939],"product_tag":[3189,3187,3188,3111,3186],"yst_prominent_words":[256,1442,1456,1460,1457,1462,591,161,251,1461,1459,1458,593,648],"class_list":{"0":"post-35176","1":"product","2":"type-product","3":"status-publish","4":"has-post-thumbnail","6":"product_cat-motionscykel-sv","7":"product_cat-uncategorised-sv","8":"product_tag-designfitness-sv","9":"product_tag-fitnesscykel","10":"product_tag-heimtranare","11":"product_tag-hemmafitness","12":"product_tag-motionscykel","13":"product_shipping_class-ergometer-2-sv","15":"first","16":"instock","17":"taxable","18":"shipping-taxable","19":"purchasable","20":"product-type-simple"},"composite_virtual":false,"composite_layout":"","composite_add_to_cart_form_location":"","composite_editable_in_cart":false,"composite_sold_individually_context":"","composite_shop_price_calc":"","composite_components":[],"composite_scenarios":[],"bundled_by":[],"bundle_stock_status":"instock","bundle_stock_quantity":null,"bundle_virtual":false,"bundle_layout":"","bundle_add_to_cart_form_location":"","bundle_editable_in_cart":false,"bundle_sold_individually_context":"","bundle_item_grouping":"","bundle_min_size":"","bundle_max_size":"","bundle_price":[],"bundled_items":[],"bundle_sell_ids":[9946],"yoast_head":"<!-- This site is optimized with the Yoast SEO Premium plugin v14.5 - https:\/\/yoast.com\/wordpress\/plugins\/seo\/ -->\n<title>STIL-FIT Bike NERO &quot;Edition | Exklusiv specialutg\u00e5va tillverkad i Tyskland<\/title>\n<meta name=\"description\" content=\"Best\u00e4ll den STIL-FIT Bike NERO &quot;Edition direkt fr\u00e5n v\u00e5r fabrik d\u00e4r den monteras f\u00f6r hand. Designad och utvecklad i M\u00fcnchen, Tyskland.\" \/>\n<meta name=\"robots\" content=\"index, follow\" \/>\n<meta name=\"googlebot\" content=\"index, follow, max-snippet:-1, max-image-preview:large, max-video-preview:-1\" \/>\n<meta name=\"bingbot\" content=\"index, follow, max-snippet:-1, max-image-preview:large, max-video-preview:-1\" \/>\n<link rel=\"canonical\" href=\"https:\/\/stil-fit.com\/sv\/shop\/stil-fit-bike-nero-edition\/\" \/>\n<meta property=\"og:locale\" content=\"sv_SE\" \/>\n<meta property=\"og:type\" content=\"article\" \/>\n<meta property=\"og:title\" content=\"STIL-FIT Bike NERO &quot;Edition | Exklusiv specialutg\u00e5va tillverkad i Tyskland\" \/>\n<meta property=\"og:description\" content=\"Best\u00e4ll den STIL-FIT Bike NERO &quot;Edition direkt fr\u00e5n v\u00e5r fabrik d\u00e4r den monteras f\u00f6r hand. Designad och utvecklad i M\u00fcnchen, Tyskland.\" \/>\n<meta property=\"og:url\" content=\"https:\/\/stil-fit.com\/sv\/shop\/stil-fit-bike-nero-edition\/\" \/>\n<meta property=\"og:site_name\" content=\"STIL-FIT\" \/>\n<meta property=\"article:publisher\" content=\"https:\/\/de-de.facebook.com\/stilfit\/\" \/>\n<meta property=\"og:image\" content=\"https:\/\/stil-fit.com\/wp-content\/uploads\/2023\/05\/STIL-FIT-Ergometer-NERO-1.jpg\" \/>\n\t<meta property=\"og:image:width\" content=\"1772\" \/>\n\t<meta property=\"og:image:height\" content=\"1772\" \/>\n<meta name=\"twitter:card\" content=\"summary_large_image\" \/>\n<script type=\"application\/ld+json\" class=\"yoast-schema-graph\">{\"@context\":\"https:\/\/schema.org\",\"@graph\":[{\"@type\":\"Organization\",\"@id\":\"https:\/\/stil-fit.com\/sv\/#organization\",\"name\":\"STIL-FIT International GmbH\",\"url\":\"https:\/\/stil-fit.com\/sv\/\",\"sameAs\":[\"https:\/\/de-de.facebook.com\/stilfit\/\",\"https:\/\/www.instagram.com\/stil_fit_int\/\",\"https:\/\/www.linkedin.com\/company\/stil-fit-international-gmbh\",\"https:\/\/www.youtube.com\/channel\/UC2HA1BeZtFB0acPMfq1hKdQ\",\"https:\/\/www.pinterest.com\/STILFITInt\/\"],\"logo\":{\"@type\":\"ImageObject\",\"@id\":\"https:\/\/stil-fit.com\/sv\/#logo\",\"inLanguage\":\"sv-SE\",\"url\":\"https:\/\/stil-fit.com\/wp-content\/uploads\/2019\/02\/stilfit_logo.jpg\",\"width\":150,\"height\":150,\"caption\":\"STIL-FIT International GmbH\"},\"image\":{\"@id\":\"https:\/\/stil-fit.com\/sv\/#logo\"}},{\"@type\":\"WebSite\",\"@id\":\"https:\/\/stil-fit.com\/sv\/#website\",\"url\":\"https:\/\/stil-fit.com\/sv\/\",\"name\":\"STIL-FIT\",\"description\":\"Stil-fit\",\"publisher\":{\"@id\":\"https:\/\/stil-fit.com\/sv\/#organization\"},\"potentialAction\":[{\"@type\":\"SearchAction\",\"target\":\"https:\/\/stil-fit.com\/sv\/?s={search_term_string}\",\"query-input\":\"required name=search_term_string\"}],\"inLanguage\":\"sv-SE\"},{\"@type\":\"ImageObject\",\"@id\":\"https:\/\/stil-fit.com\/sv\/shop\/stil-fit-bike-nero-edition\/#primaryimage\",\"inLanguage\":\"sv-SE\",\"url\":\"https:\/\/stil-fit.com\/wp-content\/uploads\/2023\/05\/STIL-FIT-Ergometer-NERO-1.jpg\",\"width\":1772,\"height\":1772},{\"@type\":\"WebPage\",\"@id\":\"https:\/\/stil-fit.com\/sv\/shop\/stil-fit-bike-nero-edition\/#webpage\",\"url\":\"https:\/\/stil-fit.com\/sv\/shop\/stil-fit-bike-nero-edition\/\",\"name\":\"STIL-FIT Bike NERO \\\"Edition | Exklusiv specialutg\\u00e5va tillverkad i Tyskland\",\"isPartOf\":{\"@id\":\"https:\/\/stil-fit.com\/sv\/#website\"},\"primaryImageOfPage\":{\"@id\":\"https:\/\/stil-fit.com\/sv\/shop\/stil-fit-bike-nero-edition\/#primaryimage\"},\"datePublished\":\"2025-03-27T12:40:39+00:00\",\"dateModified\":\"2025-03-27T12:40:39+00:00\",\"description\":\"Best\\u00e4ll den STIL-FIT Bike NERO \\\"Edition direkt fr\\u00e5n v\\u00e5r fabrik d\\u00e4r den monteras f\\u00f6r hand. Designad och utvecklad i M\\u00fcnchen, Tyskland.\",\"inLanguage\":\"sv-SE\",\"potentialAction\":[{\"@type\":\"ReadAction\",\"target\":[\"https:\/\/stil-fit.com\/sv\/shop\/stil-fit-bike-nero-edition\/\"]}]}]}<\/script>\n<!-- \/ Yoast SEO Premium plugin. -->","post_mailing_queue_ids":[],"_links":{"self":[{"href":"https:\/\/stil-fit.com\/sv\/wp-json\/wp\/v2\/product\/35176","targetHints":{"allow":["GET"]}}],"collection":[{"href":"https:\/\/stil-fit.com\/sv\/wp-json\/wp\/v2\/product"}],"about":[{"href":"https:\/\/stil-fit.com\/sv\/wp-json\/wp\/v2\/types\/product"}],"replies":[{"embeddable":true,"href":"https:\/\/stil-fit.com\/sv\/wp-json\/wp\/v2\/comments?post=35176"}],"wp:featuredmedia":[{"embeddable":true,"href":"https:\/\/stil-fit.com\/sv\/wp-json\/wp\/v2\/media\/29943"}],"wp:attachment":[{"href":"https:\/\/stil-fit.com\/sv\/wp-json\/wp\/v2\/media?parent=35176"}],"wp:term":[{"taxonomy":"product_brand","embeddable":true,"href":"https:\/\/stil-fit.com\/sv\/wp-json\/wp\/v2\/product_brand?post=35176"},{"taxonomy":"product_cat","embeddable":true,"href":"https:\/\/stil-fit.com\/sv\/wp-json\/wp\/v2\/product_cat?post=35176"},{"taxonomy":"product_tag","embeddable":true,"href":"https:\/\/stil-fit.com\/sv\/wp-json\/wp\/v2\/product_tag?post=35176"},{"taxonomy":"yst_prominent_words","embeddable":true,"href":"https:\/\/stil-fit.com\/sv\/wp-json\/wp\/v2\/yst_prominent_words?post=35176"}],"curies":[{"name":"wp","href":"https:\/\/api.w.org\/{rel}","templated":true}]}}