{"id":35187,"date":"2023-09-28T14:08:55","date_gmt":"2025-03-27T12:40:57","guid":{"rendered":"https:\/\/stil-fit.com\/shop\/stil-fit-bike-pro\/"},"modified":"2025-03-27T13:40:57","modified_gmt":"2025-03-27T12:40:57","slug":"stil-fit-bike-pro","status":"publish","type":"product","link":"https:\/\/stil-fit.com\/sv\/shop\/stil-fit-bike-pro\/","title":{"rendered":"STIL-FIT Bike PRO"},"content":{"rendered":"<h1><strong>STIL-FIT Bike PRO<\/strong><\/h1>\n<p>&nbsp;<\/p>\n<p style=\"font-weight: 400;\"><span style=\"font-size: 120%;\">V\u00e5r STIL-FIT Bike PRO erbjuder alla de v\u00e4lk\u00e4nda f\u00f6rdelarna med v\u00e5ra tidigare cyklar, t.ex. toppergonomi och den innovativa tr\u00e4ningsdatorn. Den eleganta mattsvarta designen och det nya sportiga styret g\u00f6r cykeln till ett absolut m\u00e4sterverk. <\/span><\/p>\n<ul>\n<li style=\"font-weight: 400;\"><span style=\"font-size: 120%;\">En snygg och ergonomisk design som ger r\u00e4tt sittposition f\u00f6r varje anv\u00e4ndare.<\/span><\/li>\n<\/ul>\n<p>&nbsp;<\/p>\n<ul>\n<li style=\"font-weight: 400;\"><span style=\"font-size: 120%;\">En kraftfull utbildningsdator med f\u00e4rgdisplay och peksk\u00e4rm<\/span><\/li>\n<\/ul>\n<p>&nbsp;<\/p>\n<ul>\n<li style=\"font-weight: 400;\"><span style=\"font-size: 120%;\">Olika tr\u00e4ningsprogram, t.ex. intervalltr\u00e4ning, backtr\u00e4ning eller pulsstyrda program.<\/span><\/li>\n<\/ul>\n<p>&nbsp;<\/p>\n<ul>\n<li style=\"font-weight: 400;\"><span style=\"font-size: 120%;\">Kompatibilitet med STIL-FIT -appen samt Kinomap, Zwift, Rouvy och BKool<\/span><\/li>\n<\/ul>\n<p>&nbsp;<\/p>\n<ul>\n<li style=\"font-weight: 400;\"><span style=\"font-size: 120%;\">Ett h\u00f6gkvalitativt induktionsbromssystem med en generator som eliminerar behovet av en str\u00f6manslutning.<\/span><\/li>\n<\/ul>\n","protected":false},"excerpt":{"rendered":"<p>&nbsp;<\/p>\n<p><span style=\"font-size: 100%;\">Bike PRO \u00e4r det senaste tillskottet i v\u00e5rt cykelsortiment. Toppergonomi, den innovativa tr\u00e4ningsdatorn och en elegant mattsvart design definierar v\u00e5r nya Bike PRO. <\/span><\/p>\n<p><span style=\"font-size: 100%;\"><strong>Leverans inom 7 arbetsdagar<\/strong><\/span><\/p>\n<p><span style=\"font-size: 100%;\">&#8211; Tillverkad i Tyskland<\/span><\/p>\n<p><span style=\"font-size: 100%;\">&#8211; Fri frakt (GER + AT)<\/span><\/p>\n<p><span style=\"font-size: 100%;\">&#8211; 0% Avbetalning<\/span><\/p>\n","protected":false},"featured_media":30642,"comment_status":"open","ping_status":"closed","template":"","meta":{"_monsterinsights_skip_tracking":false,"_monsterinsights_sitenote_active":false,"_monsterinsights_sitenote_note":"","_monsterinsights_sitenote_category":0},"product_brand":[],"product_cat":[2915,2939],"product_tag":[3189,3187,3188,3111,3186],"yst_prominent_words":[256,723,1446,1442,190,170,255,1447,284,1450,161,1441,1448,1444,1449,251,169,1445,593],"class_list":{"0":"post-35187","1":"product","2":"type-product","3":"status-publish","4":"has-post-thumbnail","6":"product_cat-motionscykel-sv","7":"product_cat-uncategorised-sv","8":"product_tag-designfitness-sv","9":"product_tag-fitnesscykel","10":"product_tag-heimtranare","11":"product_tag-hemmafitness","12":"product_tag-motionscykel","13":"product_shipping_class-ergometer-2-sv","15":"first","16":"instock","17":"taxable","18":"shipping-taxable","19":"purchasable","20":"product-type-simple"},"composite_virtual":false,"composite_layout":"","composite_add_to_cart_form_location":"","composite_editable_in_cart":false,"composite_sold_individually_context":"","composite_shop_price_calc":"","composite_components":[],"composite_scenarios":[],"bundled_by":[],"bundle_stock_status":"instock","bundle_stock_quantity":null,"bundle_virtual":false,"bundle_layout":"","bundle_add_to_cart_form_location":"","bundle_editable_in_cart":false,"bundle_sold_individually_context":"","bundle_item_grouping":"","bundle_min_size":"","bundle_max_size":"","bundle_price":[],"bundled_items":[],"bundle_sell_ids":[35191,35545,35365,35220,35518,35536],"yoast_head":"<!-- This site is optimized with the Yoast SEO Premium plugin v14.5 - https:\/\/yoast.com\/wordpress\/plugins\/seo\/ -->\n<title>STIL-FIT Bike PRO | Ny mattsvart design, nytt prestandastyre<\/title>\n<meta name=\"description\" content=\"Best\u00e4ll direkt fr\u00e5n v\u00e5r tillverkning i M\u00fcnchen och f\u00e5 Motionscykeln levererad till dig snabbt och enkelt. I Tyskland och \u00d6sterrike utan kostnad.\" \/>\n<meta name=\"robots\" content=\"index, follow\" \/>\n<meta name=\"googlebot\" content=\"index, follow, max-snippet:-1, max-image-preview:large, max-video-preview:-1\" \/>\n<meta name=\"bingbot\" content=\"index, follow, max-snippet:-1, max-image-preview:large, max-video-preview:-1\" \/>\n<link rel=\"canonical\" href=\"https:\/\/stil-fit.com\/sv\/shop\/stil-fit-bike-pro\/\" \/>\n<meta property=\"og:locale\" content=\"sv_SE\" \/>\n<meta property=\"og:type\" content=\"article\" \/>\n<meta property=\"og:title\" content=\"STIL-FIT Bike PRO | Ny mattsvart design, nytt prestandastyre\" \/>\n<meta property=\"og:description\" content=\"Best\u00e4ll direkt fr\u00e5n v\u00e5r tillverkning i M\u00fcnchen och f\u00e5 Motionscykeln levererad till dig snabbt och enkelt. I Tyskland och \u00d6sterrike utan kostnad.\" \/>\n<meta property=\"og:url\" content=\"https:\/\/stil-fit.com\/sv\/shop\/stil-fit-bike-pro\/\" \/>\n<meta property=\"og:site_name\" content=\"STIL-FIT\" \/>\n<meta property=\"article:publisher\" content=\"https:\/\/de-de.facebook.com\/stilfit\/\" \/>\n<meta property=\"og:image\" content=\"https:\/\/stil-fit.com\/wp-content\/uploads\/2023\/09\/STIL-FIT-Ergometer-PRO-3.jpg\" \/>\n\t<meta property=\"og:image:width\" content=\"1181\" \/>\n\t<meta property=\"og:image:height\" content=\"1181\" \/>\n<meta name=\"twitter:card\" content=\"summary_large_image\" \/>\n<script type=\"application\/ld+json\" class=\"yoast-schema-graph\">{\"@context\":\"https:\/\/schema.org\",\"@graph\":[{\"@type\":\"Organization\",\"@id\":\"https:\/\/stil-fit.com\/sv\/#organization\",\"name\":\"STIL-FIT International GmbH\",\"url\":\"https:\/\/stil-fit.com\/sv\/\",\"sameAs\":[\"https:\/\/de-de.facebook.com\/stilfit\/\",\"https:\/\/www.instagram.com\/stil_fit_int\/\",\"https:\/\/www.linkedin.com\/company\/stil-fit-international-gmbh\",\"https:\/\/www.youtube.com\/channel\/UC2HA1BeZtFB0acPMfq1hKdQ\",\"https:\/\/www.pinterest.com\/STILFITInt\/\"],\"logo\":{\"@type\":\"ImageObject\",\"@id\":\"https:\/\/stil-fit.com\/sv\/#logo\",\"inLanguage\":\"sv-SE\",\"url\":\"https:\/\/stil-fit.com\/wp-content\/uploads\/2019\/02\/stilfit_logo.jpg\",\"width\":150,\"height\":150,\"caption\":\"STIL-FIT International GmbH\"},\"image\":{\"@id\":\"https:\/\/stil-fit.com\/sv\/#logo\"}},{\"@type\":\"WebSite\",\"@id\":\"https:\/\/stil-fit.com\/sv\/#website\",\"url\":\"https:\/\/stil-fit.com\/sv\/\",\"name\":\"STIL-FIT\",\"description\":\"Stil-fit\",\"publisher\":{\"@id\":\"https:\/\/stil-fit.com\/sv\/#organization\"},\"potentialAction\":[{\"@type\":\"SearchAction\",\"target\":\"https:\/\/stil-fit.com\/sv\/?s={search_term_string}\",\"query-input\":\"required name=search_term_string\"}],\"inLanguage\":\"sv-SE\"},{\"@type\":\"ImageObject\",\"@id\":\"https:\/\/stil-fit.com\/sv\/shop\/stil-fit-bike-pro\/#primaryimage\",\"inLanguage\":\"sv-SE\",\"url\":\"https:\/\/stil-fit.com\/wp-content\/uploads\/2023\/09\/STIL-FIT-Ergometer-PRO-3.jpg\",\"width\":1181,\"height\":1181},{\"@type\":\"WebPage\",\"@id\":\"https:\/\/stil-fit.com\/sv\/shop\/stil-fit-bike-pro\/#webpage\",\"url\":\"https:\/\/stil-fit.com\/sv\/shop\/stil-fit-bike-pro\/\",\"name\":\"STIL-FIT Bike PRO | Ny mattsvart design, nytt prestandastyre\",\"isPartOf\":{\"@id\":\"https:\/\/stil-fit.com\/sv\/#website\"},\"primaryImageOfPage\":{\"@id\":\"https:\/\/stil-fit.com\/sv\/shop\/stil-fit-bike-pro\/#primaryimage\"},\"datePublished\":\"2025-03-27T12:40:57+00:00\",\"dateModified\":\"2025-03-27T12:40:57+00:00\",\"description\":\"Best\\u00e4ll direkt fr\\u00e5n v\\u00e5r tillverkning i M\\u00fcnchen och f\\u00e5 Motionscykeln levererad till dig snabbt och enkelt. I Tyskland och \\u00d6sterrike utan kostnad.\",\"inLanguage\":\"sv-SE\",\"potentialAction\":[{\"@type\":\"ReadAction\",\"target\":[\"https:\/\/stil-fit.com\/sv\/shop\/stil-fit-bike-pro\/\"]}]}]}<\/script>\n<!-- \/ Yoast SEO Premium plugin. -->","post_mailing_queue_ids":[],"_links":{"self":[{"href":"https:\/\/stil-fit.com\/sv\/wp-json\/wp\/v2\/product\/35187","targetHints":{"allow":["GET"]}}],"collection":[{"href":"https:\/\/stil-fit.com\/sv\/wp-json\/wp\/v2\/product"}],"about":[{"href":"https:\/\/stil-fit.com\/sv\/wp-json\/wp\/v2\/types\/product"}],"replies":[{"embeddable":true,"href":"https:\/\/stil-fit.com\/sv\/wp-json\/wp\/v2\/comments?post=35187"}],"wp:featuredmedia":[{"embeddable":true,"href":"https:\/\/stil-fit.com\/sv\/wp-json\/wp\/v2\/media\/30642"}],"wp:attachment":[{"href":"https:\/\/stil-fit.com\/sv\/wp-json\/wp\/v2\/media?parent=35187"}],"wp:term":[{"taxonomy":"product_brand","embeddable":true,"href":"https:\/\/stil-fit.com\/sv\/wp-json\/wp\/v2\/product_brand?post=35187"},{"taxonomy":"product_cat","embeddable":true,"href":"https:\/\/stil-fit.com\/sv\/wp-json\/wp\/v2\/product_cat?post=35187"},{"taxonomy":"product_tag","embeddable":true,"href":"https:\/\/stil-fit.com\/sv\/wp-json\/wp\/v2\/product_tag?post=35187"},{"taxonomy":"yst_prominent_words","embeddable":true,"href":"https:\/\/stil-fit.com\/sv\/wp-json\/wp\/v2\/yst_prominent_words?post=35187"}],"curies":[{"name":"wp","href":"https:\/\/api.w.org\/{rel}","templated":true}]}}