{"id":35190,"date":"2023-09-28T15:45:04","date_gmt":"2025-03-27T12:41:54","guid":{"rendered":"https:\/\/stil-fit.com\/shop\/stil-fit-functional-trainer-pro\/"},"modified":"2025-06-25T11:54:00","modified_gmt":"2025-06-25T09:54:00","slug":"kabelzug-pro","status":"publish","type":"product","link":"https:\/\/stil-fit.com\/sv\/shop\/kabelzug-pro\/","title":{"rendered":"STIL-FIT Functional Trainer PRO"},"content":{"rendered":"<h1><strong><span style=\"color: #282828;\">STIL-FIT Functionele <span style=\"caret-color: #282828;\">trainer<\/span> PRO<\/span><\/strong><\/h1>\n<h2><strong><span style=\"font-size: 100%;\">Utrymmesbesparande  <\/span><\/strong><\/h2>\n<p>Functionele Trainern STIL-FIT optimerar utrymmet tack vare sina kompakta m\u00e5tt. Du beh\u00f6ver bara 0,5 kvadratmeter golvyta f\u00f6r att st\u00e4lla upp enheten. <\/p>\n<h2><span style=\"font-size: 100%;\"><strong>Multifunktionell kraftmaskin<\/strong><\/span><\/h2>\n<p>Handtagen kan vridas och \u00e4r stegl\u00f6st justerbara i h\u00f6jdled. Avst\u00e5ndet mellan de tv\u00e5 handtagen \u00e4r 90 cm och erbjuder d\u00e4rf\u00f6r ett s\u00e4rskilt brett utbud av tr\u00e4ningsm\u00f6jligheter. <\/p>\n<h2><strong>Otroligt m\u00e5ngsidig<\/strong><\/h2>\n<p>Med de tv\u00e5 handtagen, lat pull-down-enheten och lat pull-down-st\u00e5ngen \u00e4r Functionele trainer PRO redan utrustad f\u00f6r otaliga \u00f6vningar.<\/p>\n<h2><strong><span style=\"font-size: 100%;\">Anv\u00e4ndarv\u00e4nlig  <\/span><\/strong><\/h2>\n<p>Markeringar p\u00e5 glidskenorna g\u00f6r det enkelt att justera h\u00f6jden. Tack vare v\u00e5rt speciella viktblock \u00e4r den l\u00e4gsta startvikten 1,25 kg och den h\u00f6gsta vikten 42,5 kg per dragsida. Den perfekta kraftmaskinen f\u00f6r alla.<\/p>\n","protected":false},"excerpt":{"rendered":"<p>&nbsp;<\/p>\n<p>V\u00e5r Functionele trainer PRO \u00e4r ett komplett gym p\u00e5 en yta av bara 0,5 kvadratmeter. Tack vare de tv\u00e5 handtagen, lat pull-down-enheten (tillval) och lat pull-down-st\u00e5ngen \u00e4r Functionele trainer PRO redo f\u00f6r m\u00e5nga effektiva \u00f6vningar. <\/p>\n<p><strong>Klar f\u00f6r leverans inom 2-3 veckor<\/strong><\/p>\n<ul>\n<li>Handgjorda f\u00f6r dig i v\u00e5r fabrik i M\u00fcnchen.<\/li>\n<li>Inkl. lat pull-down och lat pull-down-st\u00e5ng <\/li>\n<li>Enkel installation eftersom apparaten \u00e4r n\u00e4stan helt f\u00f6rmonterad.<\/li>\n<li>Tillverkad i Tyskland<\/li>\n<li>Fri frakt (Tyskland &amp; \u00d6sterrike)<\/li>\n<li>0% avbetalning (endast Tyskland)<\/li>\n<\/ul>\n<p><strong>V\u00e4nligen v\u00e4lj din modell:  <\/strong><\/p>\n","protected":false},"featured_media":30781,"comment_status":"open","ping_status":"closed","template":"","meta":{"_monsterinsights_skip_tracking":false,"_monsterinsights_sitenote_active":false,"_monsterinsights_sitenote_note":"","_monsterinsights_sitenote_category":0},"product_brand":[],"product_cat":[2922,2929],"product_tag":[3210,3213,3212,3111,3114,3211],"yst_prominent_words":[164,1463,179,620,161,515],"class_list":{"0":"post-35190","1":"product","2":"type-product","3":"status-publish","4":"has-post-thumbnail","6":"product_cat-functionele-trainer","7":"product_cat-styrketraning","8":"product_tag-fitness-sv","9":"product_tag-functionele-trainer","10":"product_tag-funktionsinriktad-utbildning","11":"product_tag-hemmafitness","12":"product_tag-homegym-sv","13":"product_tag-styrketraning","14":"product_shipping_class-kabelzug-2-sv","16":"first","17":"instock","18":"taxable","19":"shipping-taxable","20":"purchasable","21":"product-type-variable","22":"has-default-attributes"},"composite_virtual":false,"composite_layout":"","composite_add_to_cart_form_location":"","composite_editable_in_cart":false,"composite_sold_individually_context":"","composite_shop_price_calc":"","composite_components":[],"composite_scenarios":[],"bundled_by":[],"bundle_stock_status":"instock","bundle_stock_quantity":null,"bundle_virtual":false,"bundle_layout":"","bundle_add_to_cart_form_location":"","bundle_editable_in_cart":false,"bundle_sold_individually_context":"","bundle_item_grouping":"","bundle_min_size":"","bundle_max_size":"","bundle_price":[],"bundled_items":[],"bundle_sell_ids":[35346,35295,35325,35166,35241],"yoast_head":"<!-- This site is optimized with the Yoast SEO Premium plugin v14.5 - https:\/\/yoast.com\/wordpress\/plugins\/seo\/ -->\n<title>STIL-FIT Functional Trainer PRO | M\u00e5ngsidig h\u00e5llfasthetsanordning - Tillverkad i Tyskland<\/title>\n<meta name=\"description\" content=\"Uppt\u00e4ck den exklusiva STIL-FIT Functionele trainer PRO | Designad och utvecklad i M\u00fcnchen. Best\u00e4ll direkt fr\u00e5n tillverkaren.\" \/>\n<meta name=\"robots\" content=\"index, follow\" \/>\n<meta name=\"googlebot\" content=\"index, follow, max-snippet:-1, max-image-preview:large, max-video-preview:-1\" \/>\n<meta name=\"bingbot\" content=\"index, follow, max-snippet:-1, max-image-preview:large, max-video-preview:-1\" \/>\n<link rel=\"canonical\" href=\"https:\/\/stil-fit.com\/sv\/shop\/kabelzug-pro\/\" \/>\n<meta property=\"og:locale\" content=\"sv_SE\" \/>\n<meta property=\"og:type\" content=\"article\" \/>\n<meta property=\"og:title\" content=\"STIL-FIT Functional Trainer PRO | M\u00e5ngsidig h\u00e5llfasthetsanordning - Tillverkad i Tyskland\" \/>\n<meta property=\"og:description\" content=\"Uppt\u00e4ck den exklusiva STIL-FIT Functionele trainer PRO | Designad och utvecklad i M\u00fcnchen. Best\u00e4ll direkt fr\u00e5n tillverkaren.\" \/>\n<meta property=\"og:url\" content=\"https:\/\/stil-fit.com\/sv\/shop\/kabelzug-pro\/\" \/>\n<meta property=\"og:site_name\" content=\"STIL-FIT\" \/>\n<meta property=\"article:publisher\" content=\"https:\/\/de-de.facebook.com\/stilfit\/\" \/>\n<meta property=\"article:modified_time\" content=\"2025-06-25T09:54:00+00:00\" \/>\n<meta property=\"og:image\" content=\"https:\/\/stil-fit.com\/wp-content\/uploads\/2023\/09\/STIL-FIT-Functional-Trainer-PRO-mirror-1.jpg\" \/>\n\t<meta property=\"og:image:width\" content=\"1181\" \/>\n\t<meta property=\"og:image:height\" content=\"1185\" \/>\n<meta name=\"twitter:card\" content=\"summary_large_image\" \/>\n<script type=\"application\/ld+json\" class=\"yoast-schema-graph\">{\"@context\":\"https:\/\/schema.org\",\"@graph\":[{\"@type\":\"Organization\",\"@id\":\"https:\/\/stil-fit.com\/sv\/#organization\",\"name\":\"STIL-FIT International GmbH\",\"url\":\"https:\/\/stil-fit.com\/sv\/\",\"sameAs\":[\"https:\/\/de-de.facebook.com\/stilfit\/\",\"https:\/\/www.instagram.com\/stil_fit_int\/\",\"https:\/\/www.linkedin.com\/company\/stil-fit-international-gmbh\",\"https:\/\/www.youtube.com\/channel\/UC2HA1BeZtFB0acPMfq1hKdQ\",\"https:\/\/www.pinterest.com\/STILFITInt\/\"],\"logo\":{\"@type\":\"ImageObject\",\"@id\":\"https:\/\/stil-fit.com\/sv\/#logo\",\"inLanguage\":\"sv-SE\",\"url\":\"https:\/\/stil-fit.com\/wp-content\/uploads\/2019\/02\/stilfit_logo.jpg\",\"width\":150,\"height\":150,\"caption\":\"STIL-FIT International GmbH\"},\"image\":{\"@id\":\"https:\/\/stil-fit.com\/sv\/#logo\"}},{\"@type\":\"WebSite\",\"@id\":\"https:\/\/stil-fit.com\/sv\/#website\",\"url\":\"https:\/\/stil-fit.com\/sv\/\",\"name\":\"STIL-FIT\",\"description\":\"Stil-fit\",\"publisher\":{\"@id\":\"https:\/\/stil-fit.com\/sv\/#organization\"},\"potentialAction\":[{\"@type\":\"SearchAction\",\"target\":\"https:\/\/stil-fit.com\/sv\/?s={search_term_string}\",\"query-input\":\"required name=search_term_string\"}],\"inLanguage\":\"sv-SE\"},{\"@type\":\"ImageObject\",\"@id\":\"https:\/\/stil-fit.com\/sv\/shop\/kabelzug-pro\/#primaryimage\",\"inLanguage\":\"sv-SE\",\"url\":\"https:\/\/stil-fit.com\/wp-content\/uploads\/2023\/09\/STIL-FIT-Functional-Trainer-PRO-mirror-1.jpg\",\"width\":1181,\"height\":1185},{\"@type\":\"WebPage\",\"@id\":\"https:\/\/stil-fit.com\/sv\/shop\/kabelzug-pro\/#webpage\",\"url\":\"https:\/\/stil-fit.com\/sv\/shop\/kabelzug-pro\/\",\"name\":\"STIL-FIT Functional Trainer PRO | M\\u00e5ngsidig h\\u00e5llfasthetsanordning - Tillverkad i Tyskland\",\"isPartOf\":{\"@id\":\"https:\/\/stil-fit.com\/sv\/#website\"},\"primaryImageOfPage\":{\"@id\":\"https:\/\/stil-fit.com\/sv\/shop\/kabelzug-pro\/#primaryimage\"},\"datePublished\":\"2025-03-27T12:41:54+00:00\",\"dateModified\":\"2025-06-25T09:54:00+00:00\",\"description\":\"Uppt\\u00e4ck den exklusiva STIL-FIT Functionele trainer PRO | Designad och utvecklad i M\\u00fcnchen. Best\\u00e4ll direkt fr\\u00e5n tillverkaren.\",\"inLanguage\":\"sv-SE\",\"potentialAction\":[{\"@type\":\"ReadAction\",\"target\":[\"https:\/\/stil-fit.com\/sv\/shop\/kabelzug-pro\/\"]}]}]}<\/script>\n<!-- \/ Yoast SEO Premium plugin. -->","post_mailing_queue_ids":[],"_links":{"self":[{"href":"https:\/\/stil-fit.com\/sv\/wp-json\/wp\/v2\/product\/35190","targetHints":{"allow":["GET"]}}],"collection":[{"href":"https:\/\/stil-fit.com\/sv\/wp-json\/wp\/v2\/product"}],"about":[{"href":"https:\/\/stil-fit.com\/sv\/wp-json\/wp\/v2\/types\/product"}],"replies":[{"embeddable":true,"href":"https:\/\/stil-fit.com\/sv\/wp-json\/wp\/v2\/comments?post=35190"}],"wp:featuredmedia":[{"embeddable":true,"href":"https:\/\/stil-fit.com\/sv\/wp-json\/wp\/v2\/media\/30781"}],"wp:attachment":[{"href":"https:\/\/stil-fit.com\/sv\/wp-json\/wp\/v2\/media?parent=35190"}],"wp:term":[{"taxonomy":"product_brand","embeddable":true,"href":"https:\/\/stil-fit.com\/sv\/wp-json\/wp\/v2\/product_brand?post=35190"},{"taxonomy":"product_cat","embeddable":true,"href":"https:\/\/stil-fit.com\/sv\/wp-json\/wp\/v2\/product_cat?post=35190"},{"taxonomy":"product_tag","embeddable":true,"href":"https:\/\/stil-fit.com\/sv\/wp-json\/wp\/v2\/product_tag?post=35190"},{"taxonomy":"yst_prominent_words","embeddable":true,"href":"https:\/\/stil-fit.com\/sv\/wp-json\/wp\/v2\/yst_prominent_words?post=35190"}],"curies":[{"name":"wp","href":"https:\/\/api.w.org\/{rel}","templated":true}]}}