{"id":35191,"date":"2022-09-11T22:36:18","date_gmt":"2025-03-27T12:41:54","guid":{"rendered":"https:\/\/stil-fit.com\/shop\/stil-fit-smart-package\/"},"modified":"2025-03-27T13:41:54","modified_gmt":"2025-03-27T12:41:54","slug":"stil-fit-smart-package","status":"publish","type":"product","link":"https:\/\/stil-fit.com\/sv\/shop\/stil-fit-smart-package\/","title":{"rendered":"STIL-FIT Smart-Package"},"content":{"rendered":"<h1><span style=\"font-size: 100%;\">Den STIL-FIT Smart-Package<\/span><\/h1>\n<p><span style=\"font-size: 120%;\">Fler alternativ. Mer kul. Mer motivation.  <\/span><\/p>\n<p>+ Tr\u00e4na \u00e4nnu mer effektivt med v\u00e5r STIL-FIT App<\/p>\n<p>Varierade tr\u00e4ningsprogram, s\u00e4tta upp veckom\u00e5l, f\u00f6lja dina framsteg, exportera data&#8230; Den STIL-FIT App med alla dess funktioner ing\u00e5r i Smart-paketet. <\/p>\n<p>+ F\u00e5 full tillg\u00e5ng till alla dina favorittr\u00e4ningsappar<\/p>\n<p>Med hj\u00e4lp av STIL-FIT Smart-Packagekan du g\u00f6ra din Motionscykel kompatibel med alla popul\u00e4ra tr\u00e4ningsappar. T\u00e4vla mot tusentals anv\u00e4ndare, \u00e5k p\u00e5 virtuella turer och guidade tr\u00e4ningspass.<\/p>\n","protected":false},"excerpt":{"rendered":"<p>&nbsp;<\/p>\n<p>+ Fler alternativ. Mer kul. Mer motivation.  <\/p>\n<p>+ Tr\u00e4na mer effektivt med hj\u00e4lp av STIL-FIT App.<\/p>\n<p>+ Full tillg\u00e5ng till alla dina favoritappar.<\/p>\n<p>&nbsp;<\/p>\n<p>&nbsp;<\/p>\n","protected":false},"featured_media":29829,"comment_status":"closed","ping_status":"closed","template":"","meta":{"_monsterinsights_skip_tracking":false,"_monsterinsights_sitenote_active":false,"_monsterinsights_sitenote_note":"","_monsterinsights_sitenote_category":0},"product_brand":[],"product_cat":[2915,2939],"product_tag":[3214,2580,3215,3186],"yst_prominent_words":[357,1476,1474,1475,161,566,1473,251,602,1472,169,593,267],"class_list":{"0":"post-35191","1":"product","2":"type-product","3":"status-publish","4":"has-post-thumbnail","6":"product_cat-motionscykel-sv","7":"product_cat-uncategorised-sv","8":"product_tag-app-kontroll","9":"product_tag-apple-watch-en-sv","10":"product_tag-kondition-i-hemmet","11":"product_tag-motionscykel","12":"product_shipping_class-kleingerate-sv","14":"first","15":"instock","16":"taxable","17":"shipping-taxable","18":"purchasable","19":"product-type-simple"},"composite_virtual":false,"composite_layout":"","composite_add_to_cart_form_location":"","composite_editable_in_cart":false,"composite_sold_individually_context":"","composite_shop_price_calc":"","composite_components":[],"composite_scenarios":[],"bundled_by":[],"bundle_stock_status":"instock","bundle_stock_quantity":null,"bundle_virtual":false,"bundle_layout":"","bundle_add_to_cart_form_location":"","bundle_editable_in_cart":false,"bundle_sold_individually_context":"","bundle_item_grouping":"","bundle_min_size":"","bundle_max_size":"","bundle_price":[],"bundled_items":[],"bundle_sell_ids":[],"yoast_head":"<!-- This site is optimized with the Yoast SEO Premium plugin v14.5 - https:\/\/yoast.com\/wordpress\/plugins\/seo\/ -->\n<title>STIL-FIT Smart-Package | Den digitala Fitness World of STIL-FIT<\/title>\n<meta name=\"description\" content=\"Njut av en \u00e4nnu b\u00e4ttre tr\u00e4ningsupplevelse med v\u00e5r STIL-FIT Smart-Package. Best\u00e4ll nu och f\u00f6rb\u00e4ttra din tr\u00e4ning med v\u00e5r STIL-FIT App och andra Fitness-appar.\" \/>\n<meta name=\"robots\" content=\"index, follow\" \/>\n<meta name=\"googlebot\" content=\"index, follow, max-snippet:-1, max-image-preview:large, max-video-preview:-1\" \/>\n<meta name=\"bingbot\" content=\"index, follow, max-snippet:-1, max-image-preview:large, max-video-preview:-1\" \/>\n<link rel=\"canonical\" href=\"https:\/\/stil-fit.com\/sv\/shop\/stil-fit-smart-package\/\" \/>\n<meta property=\"og:locale\" content=\"sv_SE\" \/>\n<meta property=\"og:type\" content=\"article\" \/>\n<meta property=\"og:title\" content=\"STIL-FIT Smart-Package | Den digitala Fitness World of STIL-FIT\" \/>\n<meta property=\"og:description\" content=\"Njut av en \u00e4nnu b\u00e4ttre tr\u00e4ningsupplevelse med v\u00e5r STIL-FIT Smart-Package. Best\u00e4ll nu och f\u00f6rb\u00e4ttra din tr\u00e4ning med v\u00e5r STIL-FIT App och andra Fitness-appar.\" \/>\n<meta property=\"og:url\" content=\"https:\/\/stil-fit.com\/sv\/shop\/stil-fit-smart-package\/\" \/>\n<meta property=\"og:site_name\" content=\"STIL-FIT\" \/>\n<meta property=\"article:publisher\" content=\"https:\/\/de-de.facebook.com\/stilfit\/\" \/>\n<meta property=\"og:image\" content=\"https:\/\/stil-fit.com\/wp-content\/uploads\/2023\/03\/STIL-FIT-Ergometer-PURE-Smart.jpg\" \/>\n\t<meta property=\"og:image:width\" content=\"1772\" \/>\n\t<meta property=\"og:image:height\" content=\"1772\" \/>\n<meta name=\"twitter:card\" content=\"summary_large_image\" \/>\n<script type=\"application\/ld+json\" class=\"yoast-schema-graph\">{\"@context\":\"https:\/\/schema.org\",\"@graph\":[{\"@type\":\"Organization\",\"@id\":\"https:\/\/stil-fit.com\/sv\/#organization\",\"name\":\"STIL-FIT International GmbH\",\"url\":\"https:\/\/stil-fit.com\/sv\/\",\"sameAs\":[\"https:\/\/de-de.facebook.com\/stilfit\/\",\"https:\/\/www.instagram.com\/stil_fit_int\/\",\"https:\/\/www.linkedin.com\/company\/stil-fit-international-gmbh\",\"https:\/\/www.youtube.com\/channel\/UC2HA1BeZtFB0acPMfq1hKdQ\",\"https:\/\/www.pinterest.com\/STILFITInt\/\"],\"logo\":{\"@type\":\"ImageObject\",\"@id\":\"https:\/\/stil-fit.com\/sv\/#logo\",\"inLanguage\":\"sv-SE\",\"url\":\"https:\/\/stil-fit.com\/wp-content\/uploads\/2019\/02\/stilfit_logo.jpg\",\"width\":150,\"height\":150,\"caption\":\"STIL-FIT International GmbH\"},\"image\":{\"@id\":\"https:\/\/stil-fit.com\/sv\/#logo\"}},{\"@type\":\"WebSite\",\"@id\":\"https:\/\/stil-fit.com\/sv\/#website\",\"url\":\"https:\/\/stil-fit.com\/sv\/\",\"name\":\"STIL-FIT\",\"description\":\"Stil-fit\",\"publisher\":{\"@id\":\"https:\/\/stil-fit.com\/sv\/#organization\"},\"potentialAction\":[{\"@type\":\"SearchAction\",\"target\":\"https:\/\/stil-fit.com\/sv\/?s={search_term_string}\",\"query-input\":\"required name=search_term_string\"}],\"inLanguage\":\"sv-SE\"},{\"@type\":\"ImageObject\",\"@id\":\"https:\/\/stil-fit.com\/sv\/shop\/stil-fit-smart-package\/#primaryimage\",\"inLanguage\":\"sv-SE\",\"url\":\"https:\/\/stil-fit.com\/wp-content\/uploads\/2023\/03\/STIL-FIT-Ergometer-PURE-Smart.jpg\",\"width\":1772,\"height\":1772},{\"@type\":\"WebPage\",\"@id\":\"https:\/\/stil-fit.com\/sv\/shop\/stil-fit-smart-package\/#webpage\",\"url\":\"https:\/\/stil-fit.com\/sv\/shop\/stil-fit-smart-package\/\",\"name\":\"STIL-FIT Smart-Package | Den digitala Fitness World of STIL-FIT\",\"isPartOf\":{\"@id\":\"https:\/\/stil-fit.com\/sv\/#website\"},\"primaryImageOfPage\":{\"@id\":\"https:\/\/stil-fit.com\/sv\/shop\/stil-fit-smart-package\/#primaryimage\"},\"datePublished\":\"2025-03-27T12:41:54+00:00\",\"dateModified\":\"2025-03-27T12:41:54+00:00\",\"description\":\"Njut av en \\u00e4nnu b\\u00e4ttre tr\\u00e4ningsupplevelse med v\\u00e5r STIL-FIT Smart-Package. Best\\u00e4ll nu och f\\u00f6rb\\u00e4ttra din tr\\u00e4ning med v\\u00e5r STIL-FIT App och andra Fitness-appar.\",\"inLanguage\":\"sv-SE\",\"potentialAction\":[{\"@type\":\"ReadAction\",\"target\":[\"https:\/\/stil-fit.com\/sv\/shop\/stil-fit-smart-package\/\"]}]}]}<\/script>\n<!-- \/ Yoast SEO Premium plugin. -->","post_mailing_queue_ids":[],"_links":{"self":[{"href":"https:\/\/stil-fit.com\/sv\/wp-json\/wp\/v2\/product\/35191","targetHints":{"allow":["GET"]}}],"collection":[{"href":"https:\/\/stil-fit.com\/sv\/wp-json\/wp\/v2\/product"}],"about":[{"href":"https:\/\/stil-fit.com\/sv\/wp-json\/wp\/v2\/types\/product"}],"replies":[{"embeddable":true,"href":"https:\/\/stil-fit.com\/sv\/wp-json\/wp\/v2\/comments?post=35191"}],"wp:featuredmedia":[{"embeddable":true,"href":"https:\/\/stil-fit.com\/sv\/wp-json\/wp\/v2\/media\/29829"}],"wp:attachment":[{"href":"https:\/\/stil-fit.com\/sv\/wp-json\/wp\/v2\/media?parent=35191"}],"wp:term":[{"taxonomy":"product_brand","embeddable":true,"href":"https:\/\/stil-fit.com\/sv\/wp-json\/wp\/v2\/product_brand?post=35191"},{"taxonomy":"product_cat","embeddable":true,"href":"https:\/\/stil-fit.com\/sv\/wp-json\/wp\/v2\/product_cat?post=35191"},{"taxonomy":"product_tag","embeddable":true,"href":"https:\/\/stil-fit.com\/sv\/wp-json\/wp\/v2\/product_tag?post=35191"},{"taxonomy":"yst_prominent_words","embeddable":true,"href":"https:\/\/stil-fit.com\/sv\/wp-json\/wp\/v2\/yst_prominent_words?post=35191"}],"curies":[{"name":"wp","href":"https:\/\/api.w.org\/{rel}","templated":true}]}}