{"id":35241,"date":"2023-09-28T15:11:43","date_gmt":"2025-03-27T12:43:45","guid":{"rendered":"https:\/\/stil-fit.com\/shop\/stil-fit-bench-pro\/"},"modified":"2025-03-27T13:43:45","modified_gmt":"2025-03-27T12:43:45","slug":"stil-fit-bench-pro","status":"publish","type":"product","link":"https:\/\/stil-fit.com\/sv\/shop\/stil-fit-bench-pro\/","title":{"rendered":"STIL-FIT Bench PRO"},"content":{"rendered":"<h1><span style=\"font-size: 120%;\"><strong>STIL-FIT Bench PRO<\/strong><\/span><\/h1>\n<p style=\"font-weight: 400;\"><span style=\"font-size: 120%;\">Den STIL-FIT Bench PRO \u00e4r en absolut sk\u00f6nhet. Smala och reducerade linjer, en unik design, toppmaterial och enkel hantering k\u00e4nnetecknar v\u00e5r tr\u00e4ningsb\u00e4nk och kommer att ge stil \u00e5t din tr\u00e4ning. <\/span><\/p>\n<ul>\n<li style=\"font-weight: 400;\"><span style=\"font-size: 120%;\">En enkel och elegant design som passar in i alla rum<\/span><\/li>\n<\/ul>\n<p>&nbsp;<\/p>\n<ul>\n<li style=\"font-weight: 400;\"><span style=\"font-size: 120%;\">Antibakteriell sits och ryggst\u00f6d med mesh-tyg<\/span><\/li>\n<\/ul>\n<p>&nbsp;<\/p>\n<ul>\n<li style=\"font-weight: 400;\"><span style=\"font-size: 120%;\">Justerbar lutningsvinkel i 7 niv\u00e5er<\/span><\/li>\n<\/ul>\n<p>&nbsp;<\/p>\n<ul>\n<li style=\"font-weight: 400;\"><span style=\"font-size: 120%;\">Integrerade hjul f\u00f6r enkel f\u00f6rflyttning<\/span><\/li>\n<\/ul>\n","protected":false},"excerpt":{"rendered":"<p>&nbsp;<\/p>\n<p>V\u00e5r nya tr\u00e4ningsb\u00e4nk \u00e4r helt slimmad men \u00e4nd\u00e5 mycket robust. L\u00e4tt att flytta runt och att justera. Att arbeta med en b\u00e4nk \u00e4r s\u00e5 m\u00e5ngsidigt att du kommer att bli f\u00f6rv\u00e5nad.  <\/p>\n<p><strong>Klar f\u00f6r leverans inom 3 dagar<\/strong><\/p>\n<ul>\n<li>Tillverkas f\u00f6r hand f\u00f6r dig i v\u00e5r fabrik i M\u00fcnchen.<\/li>\n<li>Enkel montering.<\/li>\n<li>Tillverkad i Tyskland<\/li>\n<li>Fri frakt (Tyskland &amp; \u00d6sterrike)<\/li>\n<li>0% avbetalning (endast Tyskland)<\/li>\n<\/ul>\n","protected":false},"featured_media":30752,"comment_status":"open","ping_status":"closed","template":"","meta":{"_monsterinsights_skip_tracking":false,"_monsterinsights_sitenote_active":false,"_monsterinsights_sitenote_note":"","_monsterinsights_sitenote_category":0},"product_brand":[],"product_cat":[2922,2929],"product_tag":[3210,3215,3262,3264,3263],"yst_prominent_words":[256,1452,170,1453,161,1451],"class_list":{"0":"post-35241","1":"product","2":"type-product","3":"status-publish","4":"has-post-thumbnail","6":"product_cat-functionele-trainer","7":"product_cat-styrketraning","8":"product_tag-fitness-sv","9":"product_tag-kondition-i-hemmet","10":"product_tag-styrka","11":"product_tag-viktbank","12":"product_tag-vikter","13":"product_shipping_class-ergometer-2-sv","15":"first","16":"instock","17":"taxable","18":"shipping-taxable","19":"purchasable","20":"product-type-simple"},"composite_virtual":false,"composite_layout":"","composite_add_to_cart_form_location":"","composite_editable_in_cart":false,"composite_sold_individually_context":"","composite_shop_price_calc":"","composite_components":[],"composite_scenarios":[],"bundled_by":[],"bundle_stock_status":"instock","bundle_stock_quantity":null,"bundle_virtual":false,"bundle_layout":"","bundle_add_to_cart_form_location":"","bundle_editable_in_cart":false,"bundle_sold_individually_context":"","bundle_item_grouping":"","bundle_min_size":"","bundle_max_size":"","bundle_price":[],"bundled_items":[],"bundle_sell_ids":[],"yoast_head":"<!-- This site is optimized with the Yoast SEO Premium plugin v14.5 - https:\/\/yoast.com\/wordpress\/plugins\/seo\/ -->\n<title>STIL-FIT Bench PRO | Best\u00e4ll nu direkt fr\u00e5n tillverkaren<\/title>\n<meta name=\"description\" content=\"Uppt\u00e4ck v\u00e5r STIL-FIT Weight Bench PRO | Designad och tillverkad i v\u00e5r fabrik i M\u00fcnchen. Fri frakt i Tyskland och \u00d6sterrike. Skaffa din nu!\" \/>\n<meta name=\"robots\" content=\"index, follow\" \/>\n<meta name=\"googlebot\" content=\"index, follow, max-snippet:-1, max-image-preview:large, max-video-preview:-1\" \/>\n<meta name=\"bingbot\" content=\"index, follow, max-snippet:-1, max-image-preview:large, max-video-preview:-1\" \/>\n<link rel=\"canonical\" href=\"https:\/\/stil-fit.com\/sv\/shop\/stil-fit-bench-pro\/\" \/>\n<meta property=\"og:locale\" content=\"sv_SE\" \/>\n<meta property=\"og:type\" content=\"article\" \/>\n<meta property=\"og:title\" content=\"STIL-FIT Bench PRO | Best\u00e4ll nu direkt fr\u00e5n tillverkaren\" \/>\n<meta property=\"og:description\" content=\"Uppt\u00e4ck v\u00e5r STIL-FIT Weight Bench PRO | Designad och tillverkad i v\u00e5r fabrik i M\u00fcnchen. Fri frakt i Tyskland och \u00d6sterrike. Skaffa din nu!\" \/>\n<meta property=\"og:url\" content=\"https:\/\/stil-fit.com\/sv\/shop\/stil-fit-bench-pro\/\" \/>\n<meta property=\"og:site_name\" content=\"STIL-FIT\" \/>\n<meta property=\"article:publisher\" content=\"https:\/\/de-de.facebook.com\/stilfit\/\" \/>\n<meta property=\"og:image\" content=\"https:\/\/stil-fit.com\/wp-content\/uploads\/2023\/09\/STIL-FIT-Bench-PRO-1.png\" \/>\n\t<meta property=\"og:image:width\" content=\"1181\" \/>\n\t<meta property=\"og:image:height\" content=\"1182\" \/>\n<meta name=\"twitter:card\" content=\"summary_large_image\" \/>\n<script type=\"application\/ld+json\" class=\"yoast-schema-graph\">{\"@context\":\"https:\/\/schema.org\",\"@graph\":[{\"@type\":\"Organization\",\"@id\":\"https:\/\/stil-fit.com\/sv\/#organization\",\"name\":\"STIL-FIT International GmbH\",\"url\":\"https:\/\/stil-fit.com\/sv\/\",\"sameAs\":[\"https:\/\/de-de.facebook.com\/stilfit\/\",\"https:\/\/www.instagram.com\/stil_fit_int\/\",\"https:\/\/www.linkedin.com\/company\/stil-fit-international-gmbh\",\"https:\/\/www.youtube.com\/channel\/UC2HA1BeZtFB0acPMfq1hKdQ\",\"https:\/\/www.pinterest.com\/STILFITInt\/\"],\"logo\":{\"@type\":\"ImageObject\",\"@id\":\"https:\/\/stil-fit.com\/sv\/#logo\",\"inLanguage\":\"sv-SE\",\"url\":\"https:\/\/stil-fit.com\/wp-content\/uploads\/2019\/02\/stilfit_logo.jpg\",\"width\":150,\"height\":150,\"caption\":\"STIL-FIT International GmbH\"},\"image\":{\"@id\":\"https:\/\/stil-fit.com\/sv\/#logo\"}},{\"@type\":\"WebSite\",\"@id\":\"https:\/\/stil-fit.com\/sv\/#website\",\"url\":\"https:\/\/stil-fit.com\/sv\/\",\"name\":\"STIL-FIT\",\"description\":\"Stil-fit\",\"publisher\":{\"@id\":\"https:\/\/stil-fit.com\/sv\/#organization\"},\"potentialAction\":[{\"@type\":\"SearchAction\",\"target\":\"https:\/\/stil-fit.com\/sv\/?s={search_term_string}\",\"query-input\":\"required name=search_term_string\"}],\"inLanguage\":\"sv-SE\"},{\"@type\":\"ImageObject\",\"@id\":\"https:\/\/stil-fit.com\/sv\/shop\/stil-fit-bench-pro\/#primaryimage\",\"inLanguage\":\"sv-SE\",\"url\":\"https:\/\/stil-fit.com\/wp-content\/uploads\/2023\/09\/STIL-FIT-Bench-PRO-1.png\",\"width\":1181,\"height\":1182},{\"@type\":\"WebPage\",\"@id\":\"https:\/\/stil-fit.com\/sv\/shop\/stil-fit-bench-pro\/#webpage\",\"url\":\"https:\/\/stil-fit.com\/sv\/shop\/stil-fit-bench-pro\/\",\"name\":\"STIL-FIT Bench PRO | Best\\u00e4ll nu direkt fr\\u00e5n tillverkaren\",\"isPartOf\":{\"@id\":\"https:\/\/stil-fit.com\/sv\/#website\"},\"primaryImageOfPage\":{\"@id\":\"https:\/\/stil-fit.com\/sv\/shop\/stil-fit-bench-pro\/#primaryimage\"},\"datePublished\":\"2025-03-27T12:43:45+00:00\",\"dateModified\":\"2025-03-27T12:43:45+00:00\",\"description\":\"Uppt\\u00e4ck v\\u00e5r STIL-FIT Weight Bench PRO | Designad och tillverkad i v\\u00e5r fabrik i M\\u00fcnchen. Fri frakt i Tyskland och \\u00d6sterrike. Skaffa din nu!\",\"inLanguage\":\"sv-SE\",\"potentialAction\":[{\"@type\":\"ReadAction\",\"target\":[\"https:\/\/stil-fit.com\/sv\/shop\/stil-fit-bench-pro\/\"]}]}]}<\/script>\n<!-- \/ Yoast SEO Premium plugin. -->","post_mailing_queue_ids":[],"_links":{"self":[{"href":"https:\/\/stil-fit.com\/sv\/wp-json\/wp\/v2\/product\/35241","targetHints":{"allow":["GET"]}}],"collection":[{"href":"https:\/\/stil-fit.com\/sv\/wp-json\/wp\/v2\/product"}],"about":[{"href":"https:\/\/stil-fit.com\/sv\/wp-json\/wp\/v2\/types\/product"}],"replies":[{"embeddable":true,"href":"https:\/\/stil-fit.com\/sv\/wp-json\/wp\/v2\/comments?post=35241"}],"wp:featuredmedia":[{"embeddable":true,"href":"https:\/\/stil-fit.com\/sv\/wp-json\/wp\/v2\/media\/30752"}],"wp:attachment":[{"href":"https:\/\/stil-fit.com\/sv\/wp-json\/wp\/v2\/media?parent=35241"}],"wp:term":[{"taxonomy":"product_brand","embeddable":true,"href":"https:\/\/stil-fit.com\/sv\/wp-json\/wp\/v2\/product_brand?post=35241"},{"taxonomy":"product_cat","embeddable":true,"href":"https:\/\/stil-fit.com\/sv\/wp-json\/wp\/v2\/product_cat?post=35241"},{"taxonomy":"product_tag","embeddable":true,"href":"https:\/\/stil-fit.com\/sv\/wp-json\/wp\/v2\/product_tag?post=35241"},{"taxonomy":"yst_prominent_words","embeddable":true,"href":"https:\/\/stil-fit.com\/sv\/wp-json\/wp\/v2\/yst_prominent_words?post=35241"}],"curies":[{"name":"wp","href":"https:\/\/api.w.org\/{rel}","templated":true}]}}