{"id":35251,"date":"2023-09-28T14:37:19","date_gmt":"2025-03-27T12:44:01","guid":{"rendered":"https:\/\/stil-fit.com\/shop\/stil-fit-rower-pro\/"},"modified":"2025-03-27T13:44:01","modified_gmt":"2025-03-27T12:44:01","slug":"stil-fit-rower-pro","status":"publish","type":"product","link":"https:\/\/stil-fit.com\/sv\/shop\/stil-fit-rower-pro\/","title":{"rendered":"STIL-FIT Rower PRO"},"content":{"rendered":"<h1><strong>STIL-FIT Rower PRO<\/strong><\/h1>\n<h2><strong>Den perfekta tr\u00e4ningen f\u00f6r hela kroppen<\/strong><\/h2>\n<p>Rodd \u00e4r den perfekta kombinationen av styrke- och uth\u00e5llighetstr\u00e4ning. Alla st\u00f6rre muskelgrupper tr\u00e4nas intensivt, det stimulerar minskningen av kroppsfett och st\u00e4rker hj\u00e4rt-k\u00e4rlsystemet. En fantastisk och mycket effektiv helkroppstr\u00e4ning.  <\/p>\n<h2><strong>Exklusiv och modern design<\/strong><\/h2>\n<p>Den nya STIL-FIT Rower PRO s\u00e4tter en ny standard med sin unika design. Med det innovativa utseendet, den stabila ramen och den h\u00f6ga sittpositionen \u00e4r det en helt unik produkt som kommer att uppgradera din roddupplevelse. <\/p>\n<h2><strong>Drivs av WaterRower<\/strong><\/h2>\n<p>Tack vare samarbetet med WaterRower \u00e4r v\u00e5r roddmaskin p\u00e5 h\u00f6gsta tekniska niv\u00e5. Eftersom de komponenter vi anv\u00e4nder levereras av WaterRower vet vi att vi alltid kommer att f\u00e5 en perfekt och smidig roddk\u00e4nsla. N\u00e4r du ror h\u00f6r du bara det behagliga ljudet av rinnande vatten.  <\/p>\n<h2><strong>Realistisk rodd med vattent\u00e5lighet<\/strong><\/h2>\n<p>Vatten \u00e4r naturens perfekta motst\u00e5ndsmedium och det \u00e4r d\u00e4rf\u00f6r vi anv\u00e4nder det i v\u00e5r roddmaskin PRO. Motst\u00e5ndet \u00e4r mycket dynamiskt och anpassar sig omedelbart till intensiteten i dina roddtag. Du st\u00e4ller in motst\u00e5ndsniv\u00e5n med hj\u00e4lp av din simhastighet. S\u00e5 realistiskt och naturligt som m\u00f6jligt!   <\/p>\n<h2><strong>Skonsam men \u00e4nd\u00e5 effektiv<\/strong><\/h2>\n<p>Det finns ett annat viktigt sk\u00e4l till att vi anv\u00e4nder vatten &#8211; risken f\u00f6r skador och \u00f6verdriven fysisk anstr\u00e4ngning minimeras eftersom motst\u00e5ndet anpassar sig till roddarens kraft. Tr\u00e4ningspasset \u00e4r mycket skonsamt f\u00f6r leder, senor och ligament tack vare den mjuka och rytmiska r\u00f6relsen. <\/p>\n<h2><strong>Kraftfull tr\u00e4ningsdator<\/strong><\/h2>\n<p>V\u00e5r Rower man\u00f6vreras via en 4,3&#8243; TFT-peksk\u00e4rm. Peksk\u00e4rmens anv\u00e4ndargr\u00e4nssnitt \u00e4r sj\u00e4lvf\u00f6rklarande och visar alla n\u00f6dv\u00e4ndiga data p\u00e5 ett tydligt och \u00f6versk\u00e5dligt s\u00e4tt. Den lagrar data f\u00f6r upp till 6 anv\u00e4ndare och visar tid, distans, tid f\u00f6r 500 m, antal slag per minut, kalorier, watt och puls. Det finns ocks\u00e5 ett pace-race-l\u00e4ge.<\/p>\n","protected":false},"excerpt":{"rendered":"<p>&nbsp;<\/p>\n<p>Den avancerade roddmaskinen erbjuder en unik design, en bekv\u00e4m h\u00f6g sittposition, en integrerad pulsm\u00e4tning, full kompatibilitet med roddappar och en absolut realistisk roddupplevelse tack vare dynamiskt vattenmotst\u00e5nd.<\/p>\n<p><strong>Leverans inom 7 arbetsdagar<\/strong><\/p>\n<p>&#8211; Tillverkad i Tyskland<\/p>\n<p>&#8211; Fri frakt<\/p>\n<p>&#8211; 0% avbetalning<\/p>\n","protected":false},"featured_media":32996,"comment_status":"open","ping_status":"closed","template":"","meta":{"_monsterinsights_skip_tracking":false,"_monsterinsights_sitenote_active":false,"_monsterinsights_sitenote_note":"","_monsterinsights_sitenote_category":0},"product_brand":[],"product_cat":[2947,2939],"product_tag":[3210,3215,3278,3274,3276,3275],"yst_prominent_words":[424,170,216,421,413,215,214,161,601,415,416,553,419,412,423],"class_list":{"0":"post-35251","1":"product","2":"type-product","3":"status-publish","4":"has-post-thumbnail","6":"product_cat-roddmaskin","7":"product_cat-uncategorised-sv","8":"product_tag-fitness-sv","9":"product_tag-kondition-i-hemmet","10":"product_tag-konditionstraning","11":"product_tag-rodd-sv","12":"product_tag-traning-for-hela-kroppen","13":"product_tag-vattenroddare-vattenroddare","14":"product_shipping_class-flow-one-2-sv","16":"first","17":"instock","18":"taxable","19":"shipping-taxable","20":"purchasable","21":"product-type-simple"},"composite_virtual":false,"composite_layout":"","composite_add_to_cart_form_location":"","composite_editable_in_cart":false,"composite_sold_individually_context":"","composite_shop_price_calc":"","composite_components":[],"composite_scenarios":[],"bundled_by":[],"bundle_stock_status":"instock","bundle_stock_quantity":null,"bundle_virtual":false,"bundle_layout":"","bundle_add_to_cart_form_location":"","bundle_editable_in_cart":false,"bundle_sold_individually_context":"","bundle_item_grouping":"","bundle_min_size":"","bundle_max_size":"","bundle_price":[],"bundled_items":[],"bundle_sell_ids":[35139,9646,9946],"yoast_head":"<!-- This site is optimized with the Yoast SEO Premium plugin v14.5 - https:\/\/yoast.com\/wordpress\/plugins\/seo\/ -->\n<title>STIL-FIT Rower PRO | Prestationsroddmaskin Tillverkad i Tyskland<\/title>\n<meta name=\"description\" content=\"Best\u00e4ll STIL-FIT Rower PRO direkt fr\u00e5n tillverkaren. Designad och utvecklad i M\u00fcnchen, Tyskland. Fri frakt i Tyskland och \u00d6sterrike.\" \/>\n<meta name=\"robots\" content=\"index, follow\" \/>\n<meta name=\"googlebot\" content=\"index, follow, max-snippet:-1, max-image-preview:large, max-video-preview:-1\" \/>\n<meta name=\"bingbot\" content=\"index, follow, max-snippet:-1, max-image-preview:large, max-video-preview:-1\" \/>\n<link rel=\"canonical\" href=\"https:\/\/stil-fit.com\/sv\/shop\/stil-fit-rower-pro\/\" \/>\n<meta property=\"og:locale\" content=\"sv_SE\" \/>\n<meta property=\"og:type\" content=\"article\" \/>\n<meta property=\"og:title\" content=\"STIL-FIT Rower PRO | Prestationsroddmaskin Tillverkad i Tyskland\" \/>\n<meta property=\"og:description\" content=\"Best\u00e4ll STIL-FIT Rower PRO direkt fr\u00e5n tillverkaren. Designad och utvecklad i M\u00fcnchen, Tyskland. Fri frakt i Tyskland och \u00d6sterrike.\" \/>\n<meta property=\"og:url\" content=\"https:\/\/stil-fit.com\/sv\/shop\/stil-fit-rower-pro\/\" \/>\n<meta property=\"og:site_name\" content=\"STIL-FIT\" \/>\n<meta property=\"article:publisher\" content=\"https:\/\/de-de.facebook.com\/stilfit\/\" \/>\n<meta property=\"og:image\" content=\"https:\/\/stil-fit.com\/wp-content\/uploads\/2025\/01\/STIL-FIT-Rudergeraet-PRO.jpg\" \/>\n\t<meta property=\"og:image:width\" content=\"1476\" \/>\n\t<meta property=\"og:image:height\" content=\"1476\" \/>\n<meta name=\"twitter:card\" content=\"summary_large_image\" \/>\n<script type=\"application\/ld+json\" class=\"yoast-schema-graph\">{\"@context\":\"https:\/\/schema.org\",\"@graph\":[{\"@type\":\"Organization\",\"@id\":\"https:\/\/stil-fit.com\/sv\/#organization\",\"name\":\"STIL-FIT International GmbH\",\"url\":\"https:\/\/stil-fit.com\/sv\/\",\"sameAs\":[\"https:\/\/de-de.facebook.com\/stilfit\/\",\"https:\/\/www.instagram.com\/stil_fit_int\/\",\"https:\/\/www.linkedin.com\/company\/stil-fit-international-gmbh\",\"https:\/\/www.youtube.com\/channel\/UC2HA1BeZtFB0acPMfq1hKdQ\",\"https:\/\/www.pinterest.com\/STILFITInt\/\"],\"logo\":{\"@type\":\"ImageObject\",\"@id\":\"https:\/\/stil-fit.com\/sv\/#logo\",\"inLanguage\":\"sv-SE\",\"url\":\"https:\/\/stil-fit.com\/wp-content\/uploads\/2019\/02\/stilfit_logo.jpg\",\"width\":150,\"height\":150,\"caption\":\"STIL-FIT International GmbH\"},\"image\":{\"@id\":\"https:\/\/stil-fit.com\/sv\/#logo\"}},{\"@type\":\"WebSite\",\"@id\":\"https:\/\/stil-fit.com\/sv\/#website\",\"url\":\"https:\/\/stil-fit.com\/sv\/\",\"name\":\"STIL-FIT\",\"description\":\"Stil-fit\",\"publisher\":{\"@id\":\"https:\/\/stil-fit.com\/sv\/#organization\"},\"potentialAction\":[{\"@type\":\"SearchAction\",\"target\":\"https:\/\/stil-fit.com\/sv\/?s={search_term_string}\",\"query-input\":\"required name=search_term_string\"}],\"inLanguage\":\"sv-SE\"},{\"@type\":\"ImageObject\",\"@id\":\"https:\/\/stil-fit.com\/sv\/shop\/stil-fit-rower-pro\/#primaryimage\",\"inLanguage\":\"sv-SE\",\"url\":\"https:\/\/stil-fit.com\/wp-content\/uploads\/2025\/01\/STIL-FIT-Rudergeraet-PRO.jpg\",\"width\":1476,\"height\":1476},{\"@type\":\"WebPage\",\"@id\":\"https:\/\/stil-fit.com\/sv\/shop\/stil-fit-rower-pro\/#webpage\",\"url\":\"https:\/\/stil-fit.com\/sv\/shop\/stil-fit-rower-pro\/\",\"name\":\"STIL-FIT Rower PRO | Prestationsroddmaskin Tillverkad i Tyskland\",\"isPartOf\":{\"@id\":\"https:\/\/stil-fit.com\/sv\/#website\"},\"primaryImageOfPage\":{\"@id\":\"https:\/\/stil-fit.com\/sv\/shop\/stil-fit-rower-pro\/#primaryimage\"},\"datePublished\":\"2025-03-27T12:44:01+00:00\",\"dateModified\":\"2025-03-27T12:44:01+00:00\",\"description\":\"Best\\u00e4ll STIL-FIT Rower PRO direkt fr\\u00e5n tillverkaren. Designad och utvecklad i M\\u00fcnchen, Tyskland. Fri frakt i Tyskland och \\u00d6sterrike.\",\"inLanguage\":\"sv-SE\",\"potentialAction\":[{\"@type\":\"ReadAction\",\"target\":[\"https:\/\/stil-fit.com\/sv\/shop\/stil-fit-rower-pro\/\"]}]}]}<\/script>\n<!-- \/ Yoast SEO Premium plugin. -->","post_mailing_queue_ids":[],"_links":{"self":[{"href":"https:\/\/stil-fit.com\/sv\/wp-json\/wp\/v2\/product\/35251","targetHints":{"allow":["GET"]}}],"collection":[{"href":"https:\/\/stil-fit.com\/sv\/wp-json\/wp\/v2\/product"}],"about":[{"href":"https:\/\/stil-fit.com\/sv\/wp-json\/wp\/v2\/types\/product"}],"replies":[{"embeddable":true,"href":"https:\/\/stil-fit.com\/sv\/wp-json\/wp\/v2\/comments?post=35251"}],"wp:featuredmedia":[{"embeddable":true,"href":"https:\/\/stil-fit.com\/sv\/wp-json\/wp\/v2\/media\/32996"}],"wp:attachment":[{"href":"https:\/\/stil-fit.com\/sv\/wp-json\/wp\/v2\/media?parent=35251"}],"wp:term":[{"taxonomy":"product_brand","embeddable":true,"href":"https:\/\/stil-fit.com\/sv\/wp-json\/wp\/v2\/product_brand?post=35251"},{"taxonomy":"product_cat","embeddable":true,"href":"https:\/\/stil-fit.com\/sv\/wp-json\/wp\/v2\/product_cat?post=35251"},{"taxonomy":"product_tag","embeddable":true,"href":"https:\/\/stil-fit.com\/sv\/wp-json\/wp\/v2\/product_tag?post=35251"},{"taxonomy":"yst_prominent_words","embeddable":true,"href":"https:\/\/stil-fit.com\/sv\/wp-json\/wp\/v2\/yst_prominent_words?post=35251"}],"curies":[{"name":"wp","href":"https:\/\/api.w.org\/{rel}","templated":true}]}}