{"id":35365,"date":"2020-03-26T22:44:05","date_gmt":"2025-03-27T12:53:24","guid":{"rendered":"https:\/\/stil-fit.com\/shop\/polar-verity-sense-optisk-pulsmatare\/"},"modified":"2025-03-27T13:53:24","modified_gmt":"2025-03-27T12:53:24","slug":"polar-verity-sense-optisk-pulsmatare","status":"publish","type":"product","link":"https:\/\/stil-fit.com\/sv\/shop\/polar-verity-sense-optisk-pulsmatare\/","title":{"rendered":"Polar Verity Sense &#8211; Optisk pulsm\u00e4tare"},"content":{"rendered":"<h1><\/h1>\n<h1 class=\"thin-font\">POLAR VERITY SENSE OPTISK HJ\u00c4RTFREKVENSSENSOR<\/h1>\n<p>Den lilla och beh\u00e4ndiga Polar Verity Sense \u00e4r din f\u00f6ljeslagare i pulstr\u00e4ningens v\u00e4rld. Den hj\u00e4lper dig att tr\u00e4na smartare, inte h\u00e5rdare. Polar Verity Sense \u00e4r en optisk pulsm\u00e4tare som kombinerar m\u00e5ngsidighet, komfort och enkelhet. Du kan anv\u00e4nda den som en frist\u00e5ende enhet eller para ihop den med olika tr\u00e4ningsappar, t.ex. v\u00e5r STIL-FIT International App.   <\/p>\n<h2 class=\"thin-font\">Bekv\u00e4mt armband<\/h2>\n<p>Du kan b\u00e4ra Polar Verity Sense p\u00e5 b\u00e5de \u00f6ver- och underarmen. Den \u00e4r l\u00e4tt att ta p\u00e5 och av var som helst, n\u00e4r som helst. Detaljerna spelar roll n\u00e4r prestationen r\u00e4knas. Polar Verity Sense-armbandet \u00e4r utformat f\u00f6r att sitta s\u00e4kert och bekv\u00e4mt runt din arm. Det \u00e4r tillverkat av ett mjukt textilmaterial som kan maskintv\u00e4ttas f\u00f6r daglig anv\u00e4ndning och \u00e4r konstruerat f\u00f6r h\u00f6gsta b\u00e4rbarhet.    <\/p>\n<h2 class=\"thin-font\">Optisk pulsm\u00e4tning<\/h2>\n<p>Du kr\u00e4ver noggrannhet n\u00e4r du tr\u00e4nar. F\u00e5 det med Polars egenutvecklade hj\u00e4rtfrekvensalgoritm och optiska sensor med 6 LED-lampor. <\/p>\n<h2 class=\"thin-font\">Inbyggt minne<\/h2>\n<p>Med sitt inbyggda minne kan Polar Verity Sense lagra upp till 200 timmars tr\u00e4ningsdata. Du kan synkronisera dina data till Polar Beat f\u00f6r analys. <\/p>\n<h2 class=\"thin-font\">\u00c5k l\u00e4ngre och l\u00e4ngre<\/h2>\n<p>Polar OH1 har en l\u00e5ng batteritid med upp till 12 timmars tr\u00e4ningstid p\u00e5 en enda laddning. Ladda enkelt batteriet med den medf\u00f6ljande Polar Verity Sense USB-adaptern.<\/p>\n","protected":false},"excerpt":{"rendered":"<p>&nbsp;<\/p>\n<p>&nbsp;<\/p>\n","protected":false},"featured_media":26673,"comment_status":"open","ping_status":"closed","template":"","meta":{"_monsterinsights_skip_tracking":false,"_monsterinsights_sitenote_active":false,"_monsterinsights_sitenote_note":"","_monsterinsights_sitenote_category":0},"product_brand":[],"product_cat":[2915,2947],"product_tag":[],"yst_prominent_words":[853,832,825,856,854,259,851,857,850,852,849,847,848,833,251,261,855,593,594,634],"class_list":{"0":"post-35365","1":"product","2":"type-product","3":"status-publish","4":"has-post-thumbnail","6":"product_cat-motionscykel-sv","7":"product_cat-roddmaskin","8":"product_shipping_class-kleingerate-sv","10":"first","11":"outofstock","12":"taxable","13":"shipping-taxable","14":"purchasable","15":"product-type-simple"},"composite_virtual":false,"composite_layout":"","composite_add_to_cart_form_location":"","composite_editable_in_cart":false,"composite_sold_individually_context":"","composite_shop_price_calc":"","composite_components":[],"composite_scenarios":[],"bundled_by":[],"bundle_stock_status":"outofstock","bundle_stock_quantity":null,"bundle_virtual":false,"bundle_layout":"","bundle_add_to_cart_form_location":"","bundle_editable_in_cart":false,"bundle_sold_individually_context":"","bundle_item_grouping":"","bundle_min_size":"","bundle_max_size":"","bundle_price":[],"bundled_items":[],"bundle_sell_ids":[],"yoast_head":"<!-- This site is optimized with the Yoast SEO Premium plugin v14.5 - https:\/\/yoast.com\/wordpress\/plugins\/seo\/ -->\n<title>Polar Verity Sense - Optisk pulsm\u00e4tare | STIL-FIT<\/title>\n<meta name=\"robots\" content=\"index, follow\" \/>\n<meta name=\"googlebot\" content=\"index, follow, max-snippet:-1, max-image-preview:large, max-video-preview:-1\" \/>\n<meta name=\"bingbot\" content=\"index, follow, max-snippet:-1, max-image-preview:large, max-video-preview:-1\" \/>\n<link rel=\"canonical\" href=\"https:\/\/stil-fit.com\/sv\/shop\/polar-verity-sense-optisk-pulsmatare\/\" \/>\n<meta property=\"og:locale\" content=\"sv_SE\" \/>\n<meta property=\"og:type\" content=\"article\" \/>\n<meta property=\"og:title\" content=\"Polar Verity Sense - Optisk pulsm\u00e4tare | STIL-FIT\" \/>\n<meta property=\"og:description\" content=\"&nbsp; &nbsp;\" \/>\n<meta property=\"og:url\" content=\"https:\/\/stil-fit.com\/sv\/shop\/polar-verity-sense-optisk-pulsmatare\/\" \/>\n<meta property=\"og:site_name\" content=\"STIL-FIT\" \/>\n<meta property=\"article:publisher\" content=\"https:\/\/de-de.facebook.com\/stilfit\/\" \/>\n<meta property=\"og:image\" content=\"https:\/\/stil-fit.com\/wp-content\/uploads\/2020\/03\/Polar-OH1-Pulssensor.jpg\" \/>\n\t<meta property=\"og:image:width\" content=\"600\" \/>\n\t<meta property=\"og:image:height\" content=\"600\" \/>\n<meta name=\"twitter:card\" content=\"summary_large_image\" \/>\n<script type=\"application\/ld+json\" class=\"yoast-schema-graph\">{\"@context\":\"https:\/\/schema.org\",\"@graph\":[{\"@type\":\"Organization\",\"@id\":\"https:\/\/stil-fit.com\/sv\/#organization\",\"name\":\"STIL-FIT International GmbH\",\"url\":\"https:\/\/stil-fit.com\/sv\/\",\"sameAs\":[\"https:\/\/de-de.facebook.com\/stilfit\/\",\"https:\/\/www.instagram.com\/stil_fit_int\/\",\"https:\/\/www.linkedin.com\/company\/stil-fit-international-gmbh\",\"https:\/\/www.youtube.com\/channel\/UC2HA1BeZtFB0acPMfq1hKdQ\",\"https:\/\/www.pinterest.com\/STILFITInt\/\"],\"logo\":{\"@type\":\"ImageObject\",\"@id\":\"https:\/\/stil-fit.com\/sv\/#logo\",\"inLanguage\":\"sv-SE\",\"url\":\"https:\/\/stil-fit.com\/wp-content\/uploads\/2019\/02\/stilfit_logo.jpg\",\"width\":150,\"height\":150,\"caption\":\"STIL-FIT International GmbH\"},\"image\":{\"@id\":\"https:\/\/stil-fit.com\/sv\/#logo\"}},{\"@type\":\"WebSite\",\"@id\":\"https:\/\/stil-fit.com\/sv\/#website\",\"url\":\"https:\/\/stil-fit.com\/sv\/\",\"name\":\"STIL-FIT\",\"description\":\"Stil-fit\",\"publisher\":{\"@id\":\"https:\/\/stil-fit.com\/sv\/#organization\"},\"potentialAction\":[{\"@type\":\"SearchAction\",\"target\":\"https:\/\/stil-fit.com\/sv\/?s={search_term_string}\",\"query-input\":\"required name=search_term_string\"}],\"inLanguage\":\"sv-SE\"},{\"@type\":\"ImageObject\",\"@id\":\"https:\/\/stil-fit.com\/sv\/shop\/polar-verity-sense-optisk-pulsmatare\/#primaryimage\",\"inLanguage\":\"sv-SE\",\"url\":\"https:\/\/stil-fit.com\/wp-content\/uploads\/2020\/03\/Polar-OH1-Pulssensor.jpg\",\"width\":600,\"height\":600},{\"@type\":\"WebPage\",\"@id\":\"https:\/\/stil-fit.com\/sv\/shop\/polar-verity-sense-optisk-pulsmatare\/#webpage\",\"url\":\"https:\/\/stil-fit.com\/sv\/shop\/polar-verity-sense-optisk-pulsmatare\/\",\"name\":\"Polar Verity Sense - Optisk pulsm\\u00e4tare | STIL-FIT\",\"isPartOf\":{\"@id\":\"https:\/\/stil-fit.com\/sv\/#website\"},\"primaryImageOfPage\":{\"@id\":\"https:\/\/stil-fit.com\/sv\/shop\/polar-verity-sense-optisk-pulsmatare\/#primaryimage\"},\"datePublished\":\"2025-03-27T12:53:24+00:00\",\"dateModified\":\"2025-03-27T12:53:24+00:00\",\"inLanguage\":\"sv-SE\",\"potentialAction\":[{\"@type\":\"ReadAction\",\"target\":[\"https:\/\/stil-fit.com\/sv\/shop\/polar-verity-sense-optisk-pulsmatare\/\"]}]}]}<\/script>\n<!-- \/ Yoast SEO Premium plugin. -->","post_mailing_queue_ids":[],"_links":{"self":[{"href":"https:\/\/stil-fit.com\/sv\/wp-json\/wp\/v2\/product\/35365","targetHints":{"allow":["GET"]}}],"collection":[{"href":"https:\/\/stil-fit.com\/sv\/wp-json\/wp\/v2\/product"}],"about":[{"href":"https:\/\/stil-fit.com\/sv\/wp-json\/wp\/v2\/types\/product"}],"replies":[{"embeddable":true,"href":"https:\/\/stil-fit.com\/sv\/wp-json\/wp\/v2\/comments?post=35365"}],"wp:featuredmedia":[{"embeddable":true,"href":"https:\/\/stil-fit.com\/sv\/wp-json\/wp\/v2\/media\/26673"}],"wp:attachment":[{"href":"https:\/\/stil-fit.com\/sv\/wp-json\/wp\/v2\/media?parent=35365"}],"wp:term":[{"taxonomy":"product_brand","embeddable":true,"href":"https:\/\/stil-fit.com\/sv\/wp-json\/wp\/v2\/product_brand?post=35365"},{"taxonomy":"product_cat","embeddable":true,"href":"https:\/\/stil-fit.com\/sv\/wp-json\/wp\/v2\/product_cat?post=35365"},{"taxonomy":"product_tag","embeddable":true,"href":"https:\/\/stil-fit.com\/sv\/wp-json\/wp\/v2\/product_tag?post=35365"},{"taxonomy":"yst_prominent_words","embeddable":true,"href":"https:\/\/stil-fit.com\/sv\/wp-json\/wp\/v2\/yst_prominent_words?post=35365"}],"curies":[{"name":"wp","href":"https:\/\/api.w.org\/{rel}","templated":true}]}}