{"id":35387,"date":"2021-05-21T23:40:30","date_gmt":"2025-03-27T12:53:56","guid":{"rendered":"https:\/\/stil-fit.com\/shop\/stil-fit-ergometer-pure\/"},"modified":"2025-05-05T01:54:11","modified_gmt":"2025-05-04T23:54:11","slug":"stil-fit-ergometer-pure","status":"publish","type":"product","link":"https:\/\/stil-fit.com\/sv\/shop\/stil-fit-ergometer-pure\/","title":{"rendered":"STIL-FIT Ergometer PURE"},"content":{"rendered":"<h1><strong><span style=\"color: #282828;\">Den STIL-FIT Ergometer PURE<\/span><\/strong><\/h1>\n<p>G\u00f6r dig redo f\u00f6r en ny tr\u00e4ningsupplevelse.<\/p>\n<h2><strong>Unik och enast\u00e5ende design<\/strong><\/h2>\n<p>Motionscykeln PURE med den eleganta inbyggda tr\u00e4ningsdatorn och det ergonomiska multifunktionella handtaget erbjuder ett utm\u00e4rkt designkoncept. I kombination med material av h\u00f6gsta kvalitet och en perfekt finish kan vi erbjuda dig en fantastisk tr\u00e4ningsupplevelse. <\/p>\n<h2><strong>Kraftfull utbildningsdator<\/strong><\/h2>\n<p>Vi har utrustat Motionscykel PURE med en 4,3&#8243; TFT-f\u00e4rgpeksk\u00e4rm och ett anv\u00e4ndargr\u00e4nssnitt som \u00e4r sj\u00e4lvf\u00f6rklarande och enkelt att anv\u00e4nda med en \u00f6versk\u00e5dlig anv\u00e4ndarv\u00e4gledning. Tr\u00e4ningsdatorn ger dig ett brett utbud av olika program och ger dig m\u00f6jlighet att lagra tr\u00e4ningsdata f\u00f6r upp till fem anv\u00e4ndare. <\/p>\n<h1><\/h1>\n","protected":false},"excerpt":{"rendered":"<p>&nbsp;<\/p>\n<p>Motionscykeln PURE \u00e4r en mycket bekv\u00e4m och ergonomisk cykel som erbjuder varierade sittpositioner tack vare det multifunktionella styret. Detta g\u00f6r den till den perfekta l\u00f6sningen f\u00f6r att h\u00e5lla sig i form och frisk i alla \u00e5ldrar. <\/p>\n<p><strong>Klar f\u00f6r leverans inom 7 arbetsdagar<\/strong><\/p>\n<ul>\n<li>Tillverkad f\u00f6r dig i v\u00e5r fabrik i M\u00fcnchen<\/li>\n<li>Fri frakt<\/li>\n<li>0% Avbetalning (endast Tyskland)<\/li>\n<li>Tillverkad i Tyskland<\/li>\n<\/ul>\n<p>&nbsp;<\/p>\n<p><strong>V\u00e4lj din modell:<\/strong><\/p>\n","protected":false},"featured_media":29849,"comment_status":"open","ping_status":"closed","template":"","meta":{"_monsterinsights_skip_tracking":false,"_monsterinsights_sitenote_active":false,"_monsterinsights_sitenote_note":"","_monsterinsights_sitenote_category":0},"product_brand":[],"product_cat":[2915,2939],"product_tag":[3326,3210,3111,3186],"yst_prominent_words":[256,190,172,985,984,1070,255,987,986,251,598,983,982,261,189,186,593,529,989,594],"class_list":{"0":"post-35387","1":"product","2":"type-product","3":"status-publish","4":"has-post-thumbnail","6":"product_cat-motionscykel-sv","7":"product_cat-uncategorised-sv","8":"product_tag-cykel","9":"product_tag-fitness-sv","10":"product_tag-hemmafitness","11":"product_tag-motionscykel","12":"product_shipping_class-ergometer-2-sv","14":"first","15":"instock","16":"taxable","17":"shipping-taxable","18":"purchasable","19":"product-type-variable","20":"has-default-attributes"},"composite_virtual":false,"composite_layout":"","composite_add_to_cart_form_location":"","composite_editable_in_cart":false,"composite_sold_individually_context":"","composite_shop_price_calc":"","composite_components":[],"composite_scenarios":[],"bundled_by":[],"bundle_stock_status":"instock","bundle_stock_quantity":null,"bundle_virtual":false,"bundle_layout":"","bundle_add_to_cart_form_location":"","bundle_editable_in_cart":false,"bundle_sold_individually_context":"","bundle_item_grouping":"","bundle_min_size":"","bundle_max_size":"","bundle_price":[],"bundled_items":[],"bundle_sell_ids":[35191,35545,35365,35518,35536],"yoast_head":"<!-- This site is optimized with the Yoast SEO Premium plugin v14.5 - https:\/\/yoast.com\/wordpress\/plugins\/seo\/ -->\n<title>STIL-FIT Ergometer PURE | Designcykeln finns i svart och vitt<\/title>\n<meta name=\"description\" content=\"G\u00f6r dig redo och konfigurera din nya kraftfulla Motionscykel PURE nu. Designad och utvecklad i M\u00fcnchen, Tyskland. Fri frakt i Tyskland och \u00d6sterrike.\" \/>\n<meta name=\"robots\" content=\"index, follow\" \/>\n<meta name=\"googlebot\" content=\"index, follow, max-snippet:-1, max-image-preview:large, max-video-preview:-1\" \/>\n<meta name=\"bingbot\" content=\"index, follow, max-snippet:-1, max-image-preview:large, max-video-preview:-1\" \/>\n<link rel=\"canonical\" href=\"https:\/\/stil-fit.com\/sv\/shop\/stil-fit-ergometer-pure\/\" \/>\n<meta property=\"og:locale\" content=\"sv_SE\" \/>\n<meta property=\"og:type\" content=\"article\" \/>\n<meta property=\"og:title\" content=\"STIL-FIT Ergometer PURE | Designcykeln finns i svart och vitt\" \/>\n<meta property=\"og:description\" content=\"G\u00f6r dig redo och konfigurera din nya kraftfulla Motionscykel PURE nu. Designad och utvecklad i M\u00fcnchen, Tyskland. Fri frakt i Tyskland och \u00d6sterrike.\" \/>\n<meta property=\"og:url\" content=\"https:\/\/stil-fit.com\/sv\/shop\/stil-fit-ergometer-pure\/\" \/>\n<meta property=\"og:site_name\" content=\"STIL-FIT\" \/>\n<meta property=\"article:publisher\" content=\"https:\/\/de-de.facebook.com\/stilfit\/\" \/>\n<meta property=\"article:modified_time\" content=\"2025-05-04T23:54:11+00:00\" \/>\n<meta property=\"og:image\" content=\"https:\/\/stil-fit.com\/wp-content\/uploads\/2023\/03\/STIL-FIT-Ergometer-Pure-White-Edition-scaled.jpg\" \/>\n\t<meta property=\"og:image:width\" content=\"2560\" \/>\n\t<meta property=\"og:image:height\" content=\"1708\" \/>\n<meta name=\"twitter:card\" content=\"summary_large_image\" \/>\n<script type=\"application\/ld+json\" class=\"yoast-schema-graph\">{\"@context\":\"https:\/\/schema.org\",\"@graph\":[{\"@type\":\"Organization\",\"@id\":\"https:\/\/stil-fit.com\/sv\/#organization\",\"name\":\"STIL-FIT International GmbH\",\"url\":\"https:\/\/stil-fit.com\/sv\/\",\"sameAs\":[\"https:\/\/de-de.facebook.com\/stilfit\/\",\"https:\/\/www.instagram.com\/stil_fit_int\/\",\"https:\/\/www.linkedin.com\/company\/stil-fit-international-gmbh\",\"https:\/\/www.youtube.com\/channel\/UC2HA1BeZtFB0acPMfq1hKdQ\",\"https:\/\/www.pinterest.com\/STILFITInt\/\"],\"logo\":{\"@type\":\"ImageObject\",\"@id\":\"https:\/\/stil-fit.com\/sv\/#logo\",\"inLanguage\":\"sv-SE\",\"url\":\"https:\/\/stil-fit.com\/wp-content\/uploads\/2019\/02\/stilfit_logo.jpg\",\"width\":150,\"height\":150,\"caption\":\"STIL-FIT International GmbH\"},\"image\":{\"@id\":\"https:\/\/stil-fit.com\/sv\/#logo\"}},{\"@type\":\"WebSite\",\"@id\":\"https:\/\/stil-fit.com\/sv\/#website\",\"url\":\"https:\/\/stil-fit.com\/sv\/\",\"name\":\"STIL-FIT\",\"description\":\"Stil-fit\",\"publisher\":{\"@id\":\"https:\/\/stil-fit.com\/sv\/#organization\"},\"potentialAction\":[{\"@type\":\"SearchAction\",\"target\":\"https:\/\/stil-fit.com\/sv\/?s={search_term_string}\",\"query-input\":\"required name=search_term_string\"}],\"inLanguage\":\"sv-SE\"},{\"@type\":\"ImageObject\",\"@id\":\"https:\/\/stil-fit.com\/sv\/shop\/stil-fit-ergometer-pure\/#primaryimage\",\"inLanguage\":\"sv-SE\",\"url\":\"https:\/\/stil-fit.com\/wp-content\/uploads\/2023\/03\/STIL-FIT-Ergometer-Pure-White-Edition-scaled.jpg\",\"width\":2560,\"height\":1708},{\"@type\":\"WebPage\",\"@id\":\"https:\/\/stil-fit.com\/sv\/shop\/stil-fit-ergometer-pure\/#webpage\",\"url\":\"https:\/\/stil-fit.com\/sv\/shop\/stil-fit-ergometer-pure\/\",\"name\":\"STIL-FIT Ergometer PURE | Designcykeln finns i svart och vitt\",\"isPartOf\":{\"@id\":\"https:\/\/stil-fit.com\/sv\/#website\"},\"primaryImageOfPage\":{\"@id\":\"https:\/\/stil-fit.com\/sv\/shop\/stil-fit-ergometer-pure\/#primaryimage\"},\"datePublished\":\"2025-03-27T12:53:56+00:00\",\"dateModified\":\"2025-05-04T23:54:11+00:00\",\"description\":\"G\\u00f6r dig redo och konfigurera din nya kraftfulla Motionscykel PURE nu. Designad och utvecklad i M\\u00fcnchen, Tyskland. Fri frakt i Tyskland och \\u00d6sterrike.\",\"inLanguage\":\"sv-SE\",\"potentialAction\":[{\"@type\":\"ReadAction\",\"target\":[\"https:\/\/stil-fit.com\/sv\/shop\/stil-fit-ergometer-pure\/\"]}]}]}<\/script>\n<!-- \/ Yoast SEO Premium plugin. -->","post_mailing_queue_ids":[],"_links":{"self":[{"href":"https:\/\/stil-fit.com\/sv\/wp-json\/wp\/v2\/product\/35387","targetHints":{"allow":["GET"]}}],"collection":[{"href":"https:\/\/stil-fit.com\/sv\/wp-json\/wp\/v2\/product"}],"about":[{"href":"https:\/\/stil-fit.com\/sv\/wp-json\/wp\/v2\/types\/product"}],"replies":[{"embeddable":true,"href":"https:\/\/stil-fit.com\/sv\/wp-json\/wp\/v2\/comments?post=35387"}],"wp:featuredmedia":[{"embeddable":true,"href":"https:\/\/stil-fit.com\/sv\/wp-json\/wp\/v2\/media\/29849"}],"wp:attachment":[{"href":"https:\/\/stil-fit.com\/sv\/wp-json\/wp\/v2\/media?parent=35387"}],"wp:term":[{"taxonomy":"product_brand","embeddable":true,"href":"https:\/\/stil-fit.com\/sv\/wp-json\/wp\/v2\/product_brand?post=35387"},{"taxonomy":"product_cat","embeddable":true,"href":"https:\/\/stil-fit.com\/sv\/wp-json\/wp\/v2\/product_cat?post=35387"},{"taxonomy":"product_tag","embeddable":true,"href":"https:\/\/stil-fit.com\/sv\/wp-json\/wp\/v2\/product_tag?post=35387"},{"taxonomy":"yst_prominent_words","embeddable":true,"href":"https:\/\/stil-fit.com\/sv\/wp-json\/wp\/v2\/yst_prominent_words?post=35387"}],"curies":[{"name":"wp","href":"https:\/\/api.w.org\/{rel}","templated":true}]}}