{"id":35529,"date":"2019-06-18T09:54:14","date_gmt":"2025-03-27T12:59:06","guid":{"rendered":"https:\/\/stil-fit.com\/shop\/stil-fit-rullar-av-tra\/"},"modified":"2025-03-27T13:59:06","modified_gmt":"2025-03-27T12:59:06","slug":"stil-fit-rullar-av-tra","status":"publish","type":"product","link":"https:\/\/stil-fit.com\/sv\/shop\/stil-fit-rullar-av-tra\/","title":{"rendered":"STIL-FIT Rullar av tr\u00e4"},"content":{"rendered":"<div class=\"crossline\">\n<h1><strong>STIL-FIT Fascia Roller<\/strong><\/h1>\n<div>V\u00e5r design &#8220;fascia roller&#8221; \u00e4r tillverkad av valn\u00f6tstr\u00e4, kl\u00e4dd med konstl\u00e4der och f\u00f6rst\u00e4rkt med tv\u00e5 aluminiumringar. Ett snyggt utseende kombinerat med exklusiva material. <\/div>\n<div><\/div>\n<h2><strong>Effektivt och l\u00e5ngvarigt<\/strong><\/h2>\n<div>Enligt de senaste studierna \u00e4r fasciatr\u00e4ning en f\u00f6ruts\u00e4ttning f\u00f6r en holistisk tr\u00e4ning. Fascian fungerar som ett omslutande och stabiliserande element f\u00f6r hela muskulaturen och kan stimuleras och aktiveras genom riktad tr\u00e4ning. Nyckeln till framg\u00e5ng \u00e4r h\u00e5llbarhet &#8211; till skillnad fr\u00e5n en muskel f\u00f6r\u00e4ndras bindv\u00e4ven endast l\u00e5ngsamt, men permanent.  <\/div>\n<div><\/div>\n<div>Redan 10 minuters fascialtr\u00e4ning, tv\u00e5 eller tre g\u00e5nger i veckan, r\u00e4cker f\u00f6r att uppn\u00e5 en m\u00e4rkbar f\u00f6rb\u00e4ttring<\/div>\n<div><\/div>\n<\/div>\n<div>\n<h2><strong>F\u00f6rdelarna<\/strong><\/h2>\n<div>&#8211; Direkt aktivering och regenerering av musklerna.<\/div>\n<div>&#8211; F\u00f6rb\u00e4ttrar den koordinativa f\u00f6rm\u00e5gan<\/div>\n<div>&#8211; F\u00f6rb\u00e4ttrar musklernas prestationsf\u00f6rm\u00e5ga, r\u00f6rlighet och flexibilitet<\/div>\n<div>&#8211; F\u00f6rebygger muskelv\u00e4rk och undviker typiska skador<\/div>\n<div>&#8211; Stimulerar blodcirkulationen<\/div>\n<div>&#8211; \u00d6kar din allm\u00e4nna prestationsf\u00f6rm\u00e5ga och ditt v\u00e4lbefinnande<\/div>\n<\/div>\n","protected":false},"excerpt":{"rendered":"<p>&nbsp;<\/p>\n<p>Tr\u00e4ning med fasciarullar \u00e4r en enkel men mycket effektiv metod f\u00f6r att lossa och sl\u00e4ta ut sp\u00e4nda muskler och fascia.<\/p>\n<ul>\n<li>Den mest exklusiva Fascia Roll<\/li>\n<li>Idealisk f\u00f6r regenerering<\/li>\n<li>Tillverkad i Tyskland<\/li>\n<li>Fri frakt i Tyskland och \u00d6sterrike<\/li>\n<\/ul>\n","protected":false},"featured_media":22367,"comment_status":"open","ping_status":"closed","template":"","meta":{"_monsterinsights_skip_tracking":false,"_monsterinsights_sitenote_active":false,"_monsterinsights_sitenote_note":"","_monsterinsights_sitenote_category":0},"product_brand":[],"product_cat":[2907,2939],"product_tag":[],"yst_prominent_words":[256,712,962,776,255,1945,259,785,783,293,781,960,784,251,961,780,261,169,846,593],"class_list":{"0":"post-35529","1":"product","2":"type-product","3":"status-publish","4":"has-post-thumbnail","6":"product_cat-tillbehoer","7":"product_cat-uncategorised-sv","8":"product_shipping_class-kleingerate-sv","10":"first","11":"instock","12":"taxable","13":"shipping-taxable","14":"purchasable","15":"product-type-simple"},"composite_virtual":false,"composite_layout":"","composite_add_to_cart_form_location":"","composite_editable_in_cart":false,"composite_sold_individually_context":"","composite_shop_price_calc":"","composite_components":[],"composite_scenarios":[],"bundled_by":[],"bundle_stock_status":"instock","bundle_stock_quantity":null,"bundle_virtual":false,"bundle_layout":"","bundle_add_to_cart_form_location":"","bundle_editable_in_cart":false,"bundle_sold_individually_context":"","bundle_item_grouping":"","bundle_min_size":"","bundle_max_size":"","bundle_price":[],"bundled_items":[],"bundle_sell_ids":[35283,35292],"yoast_head":"<!-- This site is optimized with the Yoast SEO Premium plugin v14.5 - https:\/\/yoast.com\/wordpress\/plugins\/seo\/ -->\n<title>STIL-FIT Rullar av tr\u00e4 | Den mest exklusiva fascia-rullen<\/title>\n<meta name=\"description\" content=\"Tillverkad f\u00f6r dig i v\u00e5r tillverkning i M\u00fcnchen, med endast de finaste materialen, kommer den att hj\u00e4lpa dig att f\u00f6rb\u00e4ttra din r\u00f6rlighet och lindra sm\u00e4rtsamma muskler.\" \/>\n<meta name=\"robots\" content=\"index, follow\" \/>\n<meta name=\"googlebot\" content=\"index, follow, max-snippet:-1, max-image-preview:large, max-video-preview:-1\" \/>\n<meta name=\"bingbot\" content=\"index, follow, max-snippet:-1, max-image-preview:large, max-video-preview:-1\" \/>\n<link rel=\"canonical\" href=\"https:\/\/stil-fit.com\/sv\/shop\/stil-fit-rullar-av-tra\/\" \/>\n<meta property=\"og:locale\" content=\"sv_SE\" \/>\n<meta property=\"og:type\" content=\"article\" \/>\n<meta property=\"og:title\" content=\"STIL-FIT Rullar av tr\u00e4 | Den mest exklusiva fascia-rullen\" \/>\n<meta property=\"og:description\" content=\"Tillverkad f\u00f6r dig i v\u00e5r tillverkning i M\u00fcnchen, med endast de finaste materialen, kommer den att hj\u00e4lpa dig att f\u00f6rb\u00e4ttra din r\u00f6rlighet och lindra sm\u00e4rtsamma muskler.\" \/>\n<meta property=\"og:url\" content=\"https:\/\/stil-fit.com\/sv\/shop\/stil-fit-rullar-av-tra\/\" \/>\n<meta property=\"og:site_name\" content=\"STIL-FIT\" \/>\n<meta property=\"article:publisher\" content=\"https:\/\/de-de.facebook.com\/stilfit\/\" \/>\n<meta property=\"og:image\" content=\"https:\/\/stil-fit.com\/wp-content\/uploads\/2019\/06\/csm_STIL-FIT-Foamroller-Design-Walnut-Training-web_70517bc41c.jpg\" \/>\n\t<meta property=\"og:image:width\" content=\"1500\" \/>\n\t<meta property=\"og:image:height\" content=\"1066\" \/>\n<meta name=\"twitter:card\" content=\"summary_large_image\" \/>\n<script type=\"application\/ld+json\" class=\"yoast-schema-graph\">{\"@context\":\"https:\/\/schema.org\",\"@graph\":[{\"@type\":\"Organization\",\"@id\":\"https:\/\/stil-fit.com\/sv\/#organization\",\"name\":\"STIL-FIT International GmbH\",\"url\":\"https:\/\/stil-fit.com\/sv\/\",\"sameAs\":[\"https:\/\/de-de.facebook.com\/stilfit\/\",\"https:\/\/www.instagram.com\/stil_fit_int\/\",\"https:\/\/www.linkedin.com\/company\/stil-fit-international-gmbh\",\"https:\/\/www.youtube.com\/channel\/UC2HA1BeZtFB0acPMfq1hKdQ\",\"https:\/\/www.pinterest.com\/STILFITInt\/\"],\"logo\":{\"@type\":\"ImageObject\",\"@id\":\"https:\/\/stil-fit.com\/sv\/#logo\",\"inLanguage\":\"sv-SE\",\"url\":\"https:\/\/stil-fit.com\/wp-content\/uploads\/2019\/02\/stilfit_logo.jpg\",\"width\":150,\"height\":150,\"caption\":\"STIL-FIT International GmbH\"},\"image\":{\"@id\":\"https:\/\/stil-fit.com\/sv\/#logo\"}},{\"@type\":\"WebSite\",\"@id\":\"https:\/\/stil-fit.com\/sv\/#website\",\"url\":\"https:\/\/stil-fit.com\/sv\/\",\"name\":\"STIL-FIT\",\"description\":\"Stil-fit\",\"publisher\":{\"@id\":\"https:\/\/stil-fit.com\/sv\/#organization\"},\"potentialAction\":[{\"@type\":\"SearchAction\",\"target\":\"https:\/\/stil-fit.com\/sv\/?s={search_term_string}\",\"query-input\":\"required name=search_term_string\"}],\"inLanguage\":\"sv-SE\"},{\"@type\":\"ImageObject\",\"@id\":\"https:\/\/stil-fit.com\/sv\/shop\/stil-fit-rullar-av-tra\/#primaryimage\",\"inLanguage\":\"sv-SE\",\"url\":\"https:\/\/stil-fit.com\/wp-content\/uploads\/2019\/06\/csm_STIL-FIT-Foamroller-Design-Walnut-Training-web_70517bc41c.jpg\",\"width\":1500,\"height\":1066},{\"@type\":\"WebPage\",\"@id\":\"https:\/\/stil-fit.com\/sv\/shop\/stil-fit-rullar-av-tra\/#webpage\",\"url\":\"https:\/\/stil-fit.com\/sv\/shop\/stil-fit-rullar-av-tra\/\",\"name\":\"STIL-FIT Rullar av tr\\u00e4 | Den mest exklusiva fascia-rullen\",\"isPartOf\":{\"@id\":\"https:\/\/stil-fit.com\/sv\/#website\"},\"primaryImageOfPage\":{\"@id\":\"https:\/\/stil-fit.com\/sv\/shop\/stil-fit-rullar-av-tra\/#primaryimage\"},\"datePublished\":\"2025-03-27T12:59:06+00:00\",\"dateModified\":\"2025-03-27T12:59:06+00:00\",\"description\":\"Tillverkad f\\u00f6r dig i v\\u00e5r tillverkning i M\\u00fcnchen, med endast de finaste materialen, kommer den att hj\\u00e4lpa dig att f\\u00f6rb\\u00e4ttra din r\\u00f6rlighet och lindra sm\\u00e4rtsamma muskler.\",\"inLanguage\":\"sv-SE\",\"potentialAction\":[{\"@type\":\"ReadAction\",\"target\":[\"https:\/\/stil-fit.com\/sv\/shop\/stil-fit-rullar-av-tra\/\"]}]}]}<\/script>\n<!-- \/ Yoast SEO Premium plugin. -->","post_mailing_queue_ids":[],"_links":{"self":[{"href":"https:\/\/stil-fit.com\/sv\/wp-json\/wp\/v2\/product\/35529","targetHints":{"allow":["GET"]}}],"collection":[{"href":"https:\/\/stil-fit.com\/sv\/wp-json\/wp\/v2\/product"}],"about":[{"href":"https:\/\/stil-fit.com\/sv\/wp-json\/wp\/v2\/types\/product"}],"replies":[{"embeddable":true,"href":"https:\/\/stil-fit.com\/sv\/wp-json\/wp\/v2\/comments?post=35529"}],"wp:featuredmedia":[{"embeddable":true,"href":"https:\/\/stil-fit.com\/sv\/wp-json\/wp\/v2\/media\/22367"}],"wp:attachment":[{"href":"https:\/\/stil-fit.com\/sv\/wp-json\/wp\/v2\/media?parent=35529"}],"wp:term":[{"taxonomy":"product_brand","embeddable":true,"href":"https:\/\/stil-fit.com\/sv\/wp-json\/wp\/v2\/product_brand?post=35529"},{"taxonomy":"product_cat","embeddable":true,"href":"https:\/\/stil-fit.com\/sv\/wp-json\/wp\/v2\/product_cat?post=35529"},{"taxonomy":"product_tag","embeddable":true,"href":"https:\/\/stil-fit.com\/sv\/wp-json\/wp\/v2\/product_tag?post=35529"},{"taxonomy":"yst_prominent_words","embeddable":true,"href":"https:\/\/stil-fit.com\/sv\/wp-json\/wp\/v2\/yst_prominent_words?post=35529"}],"curies":[{"name":"wp","href":"https:\/\/api.w.org\/{rel}","templated":true}]}}